{"id":86499,"date":"2021-12-12T15:11:45","date_gmt":"2021-12-12T15:11:45","guid":{"rendered":"http:\/\/vincihairclinic.com\/x-factors-wagner-has-hair-transplant-surgery-at-vinci-hair-clinic\/"},"modified":"2022-06-13T14:22:08","modified_gmt":"2022-06-13T14:22:08","slug":"x-factors-wagner-has-hair-transplant-surgery-at-vinci-hair-clinic","status":"publish","type":"page","link":"https:\/\/vincihairclinic.com\/pt-br\/x-factors-wagner-has-hair-transplant-surgery-at-vinci-hair-clinic\/","title":{"rendered":"X Factor\u2019s Wagner has hair transplant surgery at Vinci Hair Clinic"},"content":{"rendered":"\t\t<div data-elementor-type=\"wp-page\" data-elementor-id=\"86499\" class=\"elementor elementor-86499 elementor-83235\" data-elementor-settings=\"{&quot;ha_cmc_init_switcher&quot;:&quot;no&quot;}\" data-elementor-post-type=\"page\">\n\t\t\t\t\t\t<section class=\"elementor-section elementor-top-section elementor-element elementor-element-2f0c4af elementor-section-boxed elementor-section-height-default elementor-section-height-default\" data-id=\"2f0c4af\" data-element_type=\"section\">\n\t\t\t\t\t\t<div class=\"elementor-container elementor-column-gap-default\">\n\t\t\t\t\t<div class=\"elementor-column elementor-col-100 elementor-top-column elementor-element elementor-element-93d68b4\" data-id=\"93d68b4\" data-element_type=\"column\">\n\t\t\t<div class=\"elementor-widget-wrap elementor-element-populated\">\n\t\t\t\t\t\t<section class=\"elementor-section elementor-inner-section elementor-element elementor-element-84f28c7 elementor-section-boxed elementor-section-height-default elementor-section-height-default\" data-id=\"84f28c7\" data-element_type=\"section\">\n\t\t\t\t\t\t<div class=\"elementor-container elementor-column-gap-default\">\n\t\t\t\t\t<div class=\"elementor-column elementor-col-50 elementor-inner-column elementor-element elementor-element-2f0a507\" data-id=\"2f0a507\" data-element_type=\"column\">\n\t\t\t<div class=\"elementor-widget-wrap elementor-element-populated\">\n\t\t\t\t\t\t<div class=\"elementor-element elementor-element-1dedb16 elementor-widget elementor-widget-heading\" data-id=\"1dedb16\" data-element_type=\"widget\" data-widget_type=\"heading.default\">\n\t\t\t\t<div class=\"elementor-widget-container\">\n\t\t\t\t\t<h2 class=\"elementor-heading-title elementor-size-default\">Wagner do X Factor fez a cirurgia de transplante capilar na Vinci Hair Clinic\n\n<\/h2>\t\t\t\t<\/div>\n\t\t\t\t<\/div>\n\t\t\t\t\t<\/div>\n\t\t<\/div>\n\t\t\t\t<div class=\"elementor-column elementor-col-50 elementor-inner-column elementor-element elementor-element-3a16b01\" data-id=\"3a16b01\" data-element_type=\"column\">\n\t\t\t<div class=\"elementor-widget-wrap elementor-element-populated\">\n\t\t\t\t\t\t<div class=\"elementor-element elementor-element-c85f97d elementor-icon-list--layout-inline elementor-align-right elementor-list-item-link-full_width elementor-widget elementor-widget-icon-list\" data-id=\"c85f97d\" data-element_type=\"widget\" data-widget_type=\"icon-list.default\">\n\t\t\t\t<div class=\"elementor-widget-container\">\n\t\t\t\t\t\t\t<ul class=\"elementor-icon-list-items elementor-inline-items\">\n\t\t\t\t\t\t\t<li class=\"elementor-icon-list-item elementor-inline-item\">\n\t\t\t\t\t\t\t\t\t\t\t<a href=\"https:\/\/www.instagram.com\/vincihair\/\" target=\"_blank\" rel=\"noopener\">\n\n\t\t\t\t\t\t\t\t\t\t\t\t<span class=\"elementor-icon-list-icon\">\n\t\t\t\t\t\t\t<svg xmlns=\"http:\/\/www.w3.org\/2000\/svg\" width=\"32\" height=\"32\" viewBox=\"0 0 32 32\" fill=\"none\"><path fill-rule=\"evenodd\" clip-rule=\"evenodd\" d=\"M25.9873 7.99051C25.9911 6.88962 25.0977 6.01418 24.0166 6.01205L24.0126 6.01204L24.0088 6.01205L25.9834 7.98668L24.001 6.01209C22.9208 6.02002 22.0396 6.89707 22.0396 7.98668C22.0396 9.08166 22.9303 9.95971 24.0143 9.95971C25.1025 9.95971 25.9852 9.07823 25.9873 7.99051ZM25.9873 7.99051L25.9873 7.98668H25.9834H25.3313L25.9873 7.99051Z\" fill=\"url(#paint0_linear)\"><\/path><path fill-rule=\"evenodd\" clip-rule=\"evenodd\" d=\"M21.1305 10.8689C18.2967 8.03504 13.7022 8.03504 10.8684 10.8689C8.03458 13.7027 8.03458 18.2972 10.8684 21.131C13.7022 23.9648 18.2967 23.9648 21.1305 21.131C23.9643 18.2972 23.9643 13.7027 21.1305 10.8689ZM12.887 12.8874C14.606 11.1685 17.3929 11.1685 19.1119 12.8874C20.8309 14.6064 20.8309 17.3934 19.1119 19.1124C17.3929 20.8314 14.606 20.8314 12.887 19.1124C11.168 17.3934 11.168 14.6064 12.887 12.8874Z\" fill=\"url(#paint1_linear)\"><\/path><path fill-rule=\"evenodd\" clip-rule=\"evenodd\" d=\"M8.7072 0H23.2944C28.1015 0 32 3.89684 32 8.7072V23.2944C32 28.1015 28.1032 32 23.2928 32H8.7072C3.89867 32 0 28.1034 0 23.2928V8.7072C0 3.89867 3.89664 0 8.7072 0ZM8.7072 2.85472C5.47367 2.85472 2.85472 5.47487 2.85472 8.7072V23.2928C2.85472 26.5263 5.47487 29.1453 8.7072 29.1453H23.2928C26.5265 29.1453 29.1453 26.5249 29.1453 23.2944V8.7072C29.1453 5.47346 26.5249 2.85472 23.2944 2.85472H8.7072Z\" fill=\"url(#paint2_linear)\"><\/path><defs><linearGradient id=\"paint0_linear\" x1=\"31.5429\" y1=\"0.457143\" x2=\"-0.457143\" y2=\"32.4571\" gradientUnits=\"userSpaceOnUse\"><stop stop-color=\"#D2B480\"><\/stop><stop offset=\"1\" stop-color=\"#AC8A50\"><\/stop><\/linearGradient><linearGradient id=\"paint1_linear\" x1=\"31.5429\" y1=\"0.457143\" x2=\"-0.457143\" y2=\"32.4571\" gradientUnits=\"userSpaceOnUse\"><stop stop-color=\"#D2B480\"><\/stop><stop offset=\"1\" stop-color=\"#AC8A50\"><\/stop><\/linearGradient><linearGradient id=\"paint2_linear\" x1=\"31.5429\" y1=\"0.457143\" x2=\"-0.457143\" y2=\"32.4571\" gradientUnits=\"userSpaceOnUse\"><stop stop-color=\"#D2B480\"><\/stop><stop offset=\"1\" stop-color=\"#AC8A50\"><\/stop><\/linearGradient><\/defs><\/svg>\t\t\t\t\t\t<\/span>\n\t\t\t\t\t\t\t\t\t\t<span class=\"elementor-icon-list-text\">SIGA-NOS<\/span>\n\t\t\t\t\t\t\t\t\t\t\t<\/a>\n\t\t\t\t\t\t\t\t\t<\/li>\n\t\t\t\t\t\t<\/ul>\n\t\t\t\t\t\t<\/div>\n\t\t\t\t<\/div>\n\t\t\t\t\t<\/div>\n\t\t<\/div>\n\t\t\t\t\t<\/div>\n\t\t<\/section>\n\t\t\t\t<div class=\"elementor-element elementor-element-97d0246 elementor-widget elementor-widget-image\" data-id=\"97d0246\" data-element_type=\"widget\" data-widget_type=\"image.default\">\n\t\t\t\t<div class=\"elementor-widget-container\">\n\t\t\t\t\t\t\t\t\t\t\t\t\t\t\t<img fetchpriority=\"high\" decoding=\"async\" width=\"1125\" height=\"380\" src=\"https:\/\/vincihairclinic.com\/wp-content\/uploads\/2021\/12\/Wagner-Fiuza-Carrilho1.jpg\" class=\"attachment-full size-full wp-image-83237\" alt=\"\" srcset=\"https:\/\/vincihairclinic.com\/wp-content\/uploads\/2021\/12\/Wagner-Fiuza-Carrilho1.jpg 1125w, https:\/\/vincihairclinic.com\/wp-content\/uploads\/2021\/12\/Wagner-Fiuza-Carrilho1-300x101.jpg 300w, https:\/\/vincihairclinic.com\/wp-content\/uploads\/2021\/12\/Wagner-Fiuza-Carrilho1-1024x346.jpg 1024w, https:\/\/vincihairclinic.com\/wp-content\/uploads\/2021\/12\/Wagner-Fiuza-Carrilho1-768x259.jpg 768w\" sizes=\"(max-width: 1125px) 100vw, 1125px\" \/>\t\t\t\t\t\t\t\t\t\t\t\t\t\t\t<\/div>\n\t\t\t\t<\/div>\n\t\t\t\t<div class=\"elementor-element elementor-element-fdaf6b0 elementor-widget elementor-widget-text-editor\" data-id=\"fdaf6b0\" data-element_type=\"widget\" data-widget_type=\"text-editor.default\">\n\t\t\t\t<div class=\"elementor-widget-container\">\n\t\t\t\t\t\t\t\t\t<p>Wagner Fiuza-Carrilho, conhecido simplesmente como Wagner, apareceu no programa de TV X Factor em 2010. Os f\u00e3s do programa devem lembrar que ele progrediu at\u00e9 os \u00faltimos est\u00e1gios da competi\u00e7\u00e3o com muitos votos de um largo contingente de estudantes, determinados a v\u00ea-lo na final. Embora Wagner nunca tenha progredido tanto, ele deixou uma impress\u00e3o.<\/p><p>Ame-o ou odeie-o, com certeza Wagner \u00e9 memor\u00e1vel. Um dos seus atributos mais percept\u00edveis era o seu cabelo. Longo e um tanto grisalho, o cabelo dele passou por v\u00e1rias cores e transi\u00e7\u00f5es de estilo durante sua \u00e9poca no X Factor. Entretanto, uma coisa que n\u00e3o escapou de sua aten\u00e7\u00e3o foi como seu cabelo estava ficando fino. O comprimento de seu cabelo n\u00e3o ajudava, e por isso o conselho de manter o cabelo curto quando fica mais fino perdura por tanto tempo. Em muitos casos, \u00e9 um bom conselho.<\/p><p>Por\u00e9m, Wagner tomou uma atitude diferente. Ap\u00f3s uma avalia\u00e7\u00e3o com a Vinci Hair Clinic, ele escolheu o procedimento de transplante capilar utilizando uma t\u00e9cnica moderna conhecida como extra\u00e7\u00e3o de unidade folicular. Em termos simples, o FUE envolve a retirada de fol\u00edculos saud\u00e1veis da parte de tr\u00e1s da cabe\u00e7a para as \u00e1reas que precisem deles, geralmente na linha capilar frontal e no couro cabeludo. O FUE deixa menos cicatrizes do que outras t\u00e9cnicas e \u00e9 a t\u00e9cnica preferida de v\u00e1rias celebridades incluindo artistas de Hollywood como Billy Bob Thornton, Kevin Costner e Jude Law.<\/p>\t\t\t\t\t\t\t\t<\/div>\n\t\t\t\t<\/div>\n\t\t\t\t<div class=\"elementor-element elementor-element-ddaadb6 elementor-widget elementor-widget-image\" data-id=\"ddaadb6\" data-element_type=\"widget\" data-widget_type=\"image.default\">\n\t\t\t\t<div class=\"elementor-widget-container\">\n\t\t\t\t\t\t\t\t\t\t\t\t\t\t\t<img decoding=\"async\" width=\"1125\" height=\"380\" src=\"https:\/\/vincihairclinic.com\/wp-content\/uploads\/2021\/12\/Wagner-Fiuza-Carrilho2.jpg\" class=\"attachment-full size-full wp-image-83238\" alt=\"Wagner from x factor undergoing his FUE hair Transplant at Vinci Hair Clinic\" srcset=\"https:\/\/vincihairclinic.com\/wp-content\/uploads\/2021\/12\/Wagner-Fiuza-Carrilho2.jpg 1125w, https:\/\/vincihairclinic.com\/wp-content\/uploads\/2021\/12\/Wagner-Fiuza-Carrilho2-300x101.jpg 300w, https:\/\/vincihairclinic.com\/wp-content\/uploads\/2021\/12\/Wagner-Fiuza-Carrilho2-1024x346.jpg 1024w, https:\/\/vincihairclinic.com\/wp-content\/uploads\/2021\/12\/Wagner-Fiuza-Carrilho2-768x259.jpg 768w\" sizes=\"(max-width: 1125px) 100vw, 1125px\" \/>\t\t\t\t\t\t\t\t\t\t\t\t\t\t\t<\/div>\n\t\t\t\t<\/div>\n\t\t\t\t<div class=\"elementor-element elementor-element-194d587 elementor-widget elementor-widget-text-editor\" data-id=\"194d587\" data-element_type=\"widget\" data-widget_type=\"text-editor.default\">\n\t\t\t\t<div class=\"elementor-widget-container\">\n\t\t\t\t\t\t\t\t\t<p>\u201cUma das melhores coisas que fiz em minha vida, foi passar pelo transplante capilar da Vinci Hair Clinic Londres. Exatamente h\u00e1 um ano atr\u00e1s eu vim para c\u00e1, tinha pouco cabelo, muitos pontos calvos e um buraco na parte de tr\u00e1s da cabe\u00e7a.\u201d Wagner ficou muito satisfeito com o resultado depois do tratamento de transplante capilar.<\/p><p>Desta vez a sua cirurgia foi focada na reconstru\u00e7\u00e3o da linha capilar, entretanto Wagner retornou para a Vinci Hair Clinic em 2015 para trabalhar na recupera\u00e7\u00e3o de cabelo do seu couro cabeludo tamb\u00e9m.<\/p><p>A fotografia de Wagner no topo deste artigo mostra como o cabelo havia recuado antes da cirurgia. Ele estava no n\u00edvel 5 da Escala Norwood Hamilton, o que significa que havia perdido a maior parte do cabelo no couro cabeludo. A progress\u00e3o para este est\u00e1gio at\u00e9 a escala sete de Norwood (perda total de cabelo no couro cabeludo) geralmente \u00e9 r\u00e1pida e inevit\u00e1vel, portanto ficamos felizes de Wagner conseguir parar a sua calv\u00edcie a tempo. Wagner atualmente planeja um<a href=\"https:\/\/wagnerfiuzacarrilho.com\/wagner-fiuza-carrilho-tour-dates\/\" target=\"_blank\" rel=\"noopener\">\u00a0tour<\/a>. Desejamos que a sua confian\u00e7a recuperada ajude-o a ter ainda mais sucesso. Desejamos a ele o melhor.<\/p><div class=\"video-container\">\u00a0<\/div>\t\t\t\t\t\t\t\t<\/div>\n\t\t\t\t<\/div>\n\t\t\t\t<section class=\"elementor-section elementor-inner-section elementor-element elementor-element-76afc96 elementor-section-boxed elementor-section-height-default elementor-section-height-default\" data-id=\"76afc96\" data-element_type=\"section\">\n\t\t\t\t\t\t<div class=\"elementor-container elementor-column-gap-default\">\n\t\t\t\t\t<div class=\"elementor-column elementor-col-33 elementor-inner-column elementor-element elementor-element-cf51f14\" data-id=\"cf51f14\" data-element_type=\"column\">\n\t\t\t<div class=\"elementor-widget-wrap\">\n\t\t\t\t\t\t\t<\/div>\n\t\t<\/div>\n\t\t\t\t<div class=\"elementor-column elementor-col-33 elementor-inner-column elementor-element elementor-element-20b5df3\" data-id=\"20b5df3\" data-element_type=\"column\">\n\t\t\t<div class=\"elementor-widget-wrap elementor-element-populated\">\n\t\t\t\t\t\t<div class=\"elementor-element elementor-element-d6346c7 elementor-widget elementor-widget-video\" data-id=\"d6346c7\" data-element_type=\"widget\" data-settings=\"{&quot;youtube_url&quot;:&quot;https:\\\/\\\/www.youtube.com\\\/embed\\\/tsjHsU_ad00?rel=0&amp;autoplay=1&quot;,&quot;video_type&quot;:&quot;youtube&quot;,&quot;controls&quot;:&quot;yes&quot;}\" data-widget_type=\"video.default\">\n\t\t\t\t<div class=\"elementor-widget-container\">\n\t\t\t\t\t\t\t<div class=\"elementor-wrapper elementor-open-inline\">\n\t\t\t<div class=\"elementor-video\"><\/div>\t\t<\/div>\n\t\t\t\t\t\t<\/div>\n\t\t\t\t<\/div>\n\t\t\t\t\t<\/div>\n\t\t<\/div>\n\t\t\t\t<div class=\"elementor-column elementor-col-33 elementor-inner-column elementor-element elementor-element-b0bc868\" data-id=\"b0bc868\" data-element_type=\"column\">\n\t\t\t<div class=\"elementor-widget-wrap\">\n\t\t\t\t\t\t\t<\/div>\n\t\t<\/div>\n\t\t\t\t\t<\/div>\n\t\t<\/section>\n\t\t\t\t\t<\/div>\n\t\t<\/div>\n\t\t\t\t\t<\/div>\n\t\t<\/section>\n\t\t\t\t<\/div>\n\t\t","protected":false},"excerpt":{"rendered":"<p>Wagner do X Factor fez a cirurgia de transplante capilar na Vinci Hair Clinic SIGA-NOS Wagner Fiuza-Carrilho, conhecido simplesmente como Wagner, apareceu no programa de TV X Factor em 2010. Os f\u00e3s do programa devem lembrar que ele progrediu at\u00e9 os \u00faltimos est\u00e1gios da competi\u00e7\u00e3o com muitos votos de um largo contingente de estudantes, determinados [&hellip;]<\/p>\n","protected":false},"author":2,"featured_media":0,"parent":0,"menu_order":0,"comment_status":"closed","ping_status":"closed","template":"elementor_header_footer","meta":{"footnotes":""},"class_list":["post-86499","page","type-page","status-publish","hentry"],"_links":{"self":[{"href":"https:\/\/vincihairclinic.com\/pt-br\/wp-json\/wp\/v2\/pages\/86499","targetHints":{"allow":["GET"]}}],"collection":[{"href":"https:\/\/vincihairclinic.com\/pt-br\/wp-json\/wp\/v2\/pages"}],"about":[{"href":"https:\/\/vincihairclinic.com\/pt-br\/wp-json\/wp\/v2\/types\/page"}],"author":[{"embeddable":true,"href":"https:\/\/vincihairclinic.com\/pt-br\/wp-json\/wp\/v2\/users\/2"}],"replies":[{"embeddable":true,"href":"https:\/\/vincihairclinic.com\/pt-br\/wp-json\/wp\/v2\/comments?post=86499"}],"version-history":[{"count":0,"href":"https:\/\/vincihairclinic.com\/pt-br\/wp-json\/wp\/v2\/pages\/86499\/revisions"}],"wp:attachment":[{"href":"https:\/\/vincihairclinic.com\/pt-br\/wp-json\/wp\/v2\/media?parent=86499"}],"curies":[{"name":"wp","href":"https:\/\/api.w.org\/{rel}","templated":true}]}}