{"id":112523,"date":"2022-09-21T02:06:34","date_gmt":"2022-09-21T02:06:34","guid":{"rendered":"http:\/\/vincihairclinic.com\/thor-bjornsson\/"},"modified":"2022-09-22T02:27:54","modified_gmt":"2022-09-22T02:27:54","slug":"thor-bjornsson","status":"publish","type":"page","link":"https:\/\/vincihairclinic.com\/pt-br\/thor-bjornsson\/","title":{"rendered":"Thor Bjornsson"},"content":{"rendered":"\t\t<div data-elementor-type=\"wp-page\" data-elementor-id=\"112523\" class=\"elementor elementor-112523 elementor-112447\" data-elementor-settings=\"{&quot;ha_cmc_init_switcher&quot;:&quot;no&quot;}\" data-elementor-post-type=\"page\">\n\t\t\t\t\t\t<section class=\"elementor-section elementor-top-section elementor-element elementor-element-5e17ae0 elementor-section-stretched elementor-hidden-tablet elementor-hidden-phone elementor-section-boxed elementor-section-height-default elementor-section-height-default\" data-id=\"5e17ae0\" data-element_type=\"section\" data-settings=\"{&quot;stretch_section&quot;:&quot;section-stretched&quot;}\">\n\t\t\t\t\t\t<div class=\"elementor-container elementor-column-gap-default\">\n\t\t\t\t\t<div class=\"elementor-column elementor-col-50 elementor-top-column elementor-element elementor-element-9ee9494\" data-id=\"9ee9494\" data-element_type=\"column\">\n\t\t\t<div class=\"elementor-widget-wrap elementor-element-populated\">\n\t\t\t\t\t\t<div class=\"elementor-element elementor-element-f0b46a6 elementor-widget elementor-widget-heading\" data-id=\"f0b46a6\" data-element_type=\"widget\" data-widget_type=\"heading.default\">\n\t\t\t\t<div class=\"elementor-widget-container\">\n\t\t\t\t\t<h2 class=\"elementor-heading-title elementor-size-default\">Vinci e A Montanha: O Transplante Capilar do Ator de Game of Thrones Com a <b>Vinci Hair Clinic<\/b><\/h2>\t\t\t\t<\/div>\n\t\t\t\t<\/div>\n\t\t\t\t<div class=\"elementor-element elementor-element-66543e1 elementor-widget elementor-widget-heading\" data-id=\"66543e1\" data-element_type=\"widget\" data-widget_type=\"heading.default\">\n\t\t\t\t<div class=\"elementor-widget-container\">\n\t\t\t\t\t<h2 class=\"elementor-heading-title elementor-size-default\">O ator island\u00eas Hafthor Bjornsson \u00e9 mais conhecido pelo seu papel de Gregor Clegane ou \u201cA Montanha\u201d na popular s\u00e9rie de TV Game of Thrones, mas ele possui diversos outros cr\u00e9ditos sob seu nome. Ele estreou em \u2018Kickboxer: Retaliation\u2019 ao lado de Jean Claude Van Damme, Mike Tyson e Christopher Lambert. Ele tamb\u00e9m foi primeira pessoa a vencer o World's Strongest Man, Europe's Strongest Man e o Arnold Strongman Classic no mesmo ano. Em 2018, Hafthor tamb\u00e9m arranjou tempo para realizar um transplante capilar e recuperar seu cabelo perdido.<br \/><br \/>\n\nConversando sobre a sua decis\u00e3o de seguir em frente com o tratamento de restaura\u00e7\u00e3o capilar, Hafthor disse que \u201cera algo que j\u00e1 estava pensando h\u00e1 um tempo. Percebi a recess\u00e3o da linha capilar aos vinte anos, e s\u00f3 piorou desde ent\u00e3o\u201d. Algu\u00e9m recomendou a cl\u00ednica de Harley Street para ele. Hafthor fez algumas pesquisas e ficou feliz com o que viu. \u201cEscolhi fazer a Extra\u00e7\u00e3o de Unidade Folicular (FUE) com a Vini, e estou contente por isso\u201d.\n\n<\/h2>\t\t\t\t<\/div>\n\t\t\t\t<\/div>\n\t\t\t\t\t<\/div>\n\t\t<\/div>\n\t\t\t\t<div class=\"elementor-column elementor-col-50 elementor-top-column elementor-element elementor-element-b4dbc02\" data-id=\"b4dbc02\" data-element_type=\"column\">\n\t\t\t<div class=\"elementor-widget-wrap elementor-element-populated\">\n\t\t\t\t\t\t<div class=\"elementor-element elementor-element-6a15681 elementor-widget elementor-widget-image\" data-id=\"6a15681\" data-element_type=\"widget\" data-widget_type=\"image.default\">\n\t\t\t\t<div class=\"elementor-widget-container\">\n\t\t\t\t\t\t\t\t\t\t\t\t\t\t\t<img fetchpriority=\"high\" decoding=\"async\" width=\"1740\" height=\"2218\" src=\"https:\/\/vincihairclinic.com\/wp-content\/uploads\/2022\/09\/Hafthor-Bjornsson-The-Mountain-Red-Carpet-ret.jpg\" class=\"attachment-full size-full wp-image-112469\" alt=\"\" srcset=\"https:\/\/vincihairclinic.com\/wp-content\/uploads\/2022\/09\/Hafthor-Bjornsson-The-Mountain-Red-Carpet-ret.jpg 1740w, https:\/\/vincihairclinic.com\/wp-content\/uploads\/2022\/09\/Hafthor-Bjornsson-The-Mountain-Red-Carpet-ret-235x300.jpg 235w, https:\/\/vincihairclinic.com\/wp-content\/uploads\/2022\/09\/Hafthor-Bjornsson-The-Mountain-Red-Carpet-ret-803x1024.jpg 803w, https:\/\/vincihairclinic.com\/wp-content\/uploads\/2022\/09\/Hafthor-Bjornsson-The-Mountain-Red-Carpet-ret-768x979.jpg 768w, https:\/\/vincihairclinic.com\/wp-content\/uploads\/2022\/09\/Hafthor-Bjornsson-The-Mountain-Red-Carpet-ret-1205x1536.jpg 1205w, https:\/\/vincihairclinic.com\/wp-content\/uploads\/2022\/09\/Hafthor-Bjornsson-The-Mountain-Red-Carpet-ret-1607x2048.jpg 1607w\" sizes=\"(max-width: 1740px) 100vw, 1740px\" \/>\t\t\t\t\t\t\t\t\t\t\t\t\t\t\t<\/div>\n\t\t\t\t<\/div>\n\t\t\t\t\t<\/div>\n\t\t<\/div>\n\t\t\t\t\t<\/div>\n\t\t<\/section>\n\t\t\t\t<section class=\"elementor-section elementor-top-section elementor-element elementor-element-7d8460b elementor-section-stretched elementor-hidden-tablet elementor-hidden-phone elementor-section-boxed elementor-section-height-default elementor-section-height-default\" data-id=\"7d8460b\" data-element_type=\"section\" data-settings=\"{&quot;stretch_section&quot;:&quot;section-stretched&quot;}\">\n\t\t\t\t\t\t<div class=\"elementor-container elementor-column-gap-default\">\n\t\t\t\t\t<div class=\"elementor-column elementor-col-50 elementor-top-column elementor-element elementor-element-d5f2f1d\" data-id=\"d5f2f1d\" data-element_type=\"column\">\n\t\t\t<div class=\"elementor-widget-wrap elementor-element-populated\">\n\t\t\t\t\t\t<div class=\"elementor-element elementor-element-cf067ec elementor-widget elementor-widget-image\" data-id=\"cf067ec\" data-element_type=\"widget\" data-widget_type=\"image.default\">\n\t\t\t\t<div class=\"elementor-widget-container\">\n\t\t\t\t\t\t\t\t\t\t\t\t\t\t\t<img decoding=\"async\" width=\"900\" height=\"600\" src=\"https:\/\/vincihairclinic.com\/wp-content\/uploads\/2022\/09\/Thor-before.png\" class=\"attachment-full size-full wp-image-112464\" alt=\"\" srcset=\"https:\/\/vincihairclinic.com\/wp-content\/uploads\/2022\/09\/Thor-before.png 900w, https:\/\/vincihairclinic.com\/wp-content\/uploads\/2022\/09\/Thor-before-300x200.png 300w, https:\/\/vincihairclinic.com\/wp-content\/uploads\/2022\/09\/Thor-before-768x512.png 768w\" sizes=\"(max-width: 900px) 100vw, 900px\" \/>\t\t\t\t\t\t\t\t\t\t\t\t\t\t\t<\/div>\n\t\t\t\t<\/div>\n\t\t\t\t\t<\/div>\n\t\t<\/div>\n\t\t\t\t<div class=\"elementor-column elementor-col-50 elementor-top-column elementor-element elementor-element-cdd65da\" data-id=\"cdd65da\" data-element_type=\"column\">\n\t\t\t<div class=\"elementor-widget-wrap elementor-element-populated\">\n\t\t\t\t\t\t<div class=\"elementor-element elementor-element-062b44b elementor-widget elementor-widget-heading\" data-id=\"062b44b\" data-element_type=\"widget\" data-widget_type=\"heading.default\">\n\t\t\t\t<div class=\"elementor-widget-container\">\n\t\t\t\t\t<h2 class=\"elementor-heading-title elementor-size-default\">A cirurgia de FUE est\u00e1 se tornando uma escolha cada vez mais popular entre homens com problemas capilares. A vantagem sobre os m\u00e9todos mais tradicionais \u00e9 de que ele n\u00e3o deixa uma cicatriz linear na parte de tr\u00e1s da cabe\u00e7a. O jogador Wayne Rooney realizou um procedimento similar h\u00e1 alguns anos e muitas outras celebridades seguiram seus passos. Desde ent\u00e3o, a demanda por transplantes capilares cresceu muito. Em 2021, foram 703.183 procedimentos cir\u00fargicos realizados em todo o mundo, de acordo com estat\u00edsticas da <a href=\"https:\/\/ishrs.org\/\" style=\"font-weight:700;color:#D2B480\" target=\"_blank\" rel=\"noopener\">International Society of Hair Restoration Surgery.<\/a><br \/><br \/>\n\n\nO CEO da Vinci Hair Clinics, Salvar Bjornsson, explica que o estigma que antes fazia parte do transplante capilar masculino \u00e9 muito menor hoje. \u201cH\u00e1 10 anos, as pessoas tinham informa\u00e7\u00f5es limitadas e geralmente eram mal informadas sobre os transplantes capilares. Elas n\u00e3o entendiam corretamente que o cabelo transplantado \u00e9 o seu pr\u00f3prio, que ele cresce naturalmente e \u00e9 permanente. Existia um mist\u00e9rio sobre o procedimento, fazendo com que as pessoas ficassem relutantes em faz\u00ea-lo. Hoje em dia, realizar uma restaura\u00e7\u00e3o capilar \u00e9 o equivalente a arrumar seus dentes.\u201d<\/h2>\t\t\t\t<\/div>\n\t\t\t\t<\/div>\n\t\t\t\t\t<\/div>\n\t\t<\/div>\n\t\t\t\t\t<\/div>\n\t\t<\/section>\n\t\t\t\t<section class=\"elementor-section elementor-top-section elementor-element elementor-element-4d421d9 elementor-section-stretched elementor-hidden-tablet elementor-hidden-phone elementor-section-boxed elementor-section-height-default elementor-section-height-default\" data-id=\"4d421d9\" data-element_type=\"section\" data-settings=\"{&quot;stretch_section&quot;:&quot;section-stretched&quot;}\">\n\t\t\t\t\t\t<div class=\"elementor-container elementor-column-gap-default\">\n\t\t\t\t\t<div class=\"elementor-column elementor-col-50 elementor-top-column elementor-element elementor-element-4992fcf\" data-id=\"4992fcf\" data-element_type=\"column\">\n\t\t\t<div class=\"elementor-widget-wrap elementor-element-populated\">\n\t\t\t\t\t\t<div class=\"elementor-element elementor-element-99779d2 elementor-widget elementor-widget-heading\" data-id=\"99779d2\" data-element_type=\"widget\" data-widget_type=\"heading.default\">\n\t\t\t\t<div class=\"elementor-widget-container\">\n\t\t\t\t\t<h2 class=\"elementor-heading-title elementor-size-default\">Com 2.06 metros de altura e 190 quilos, Hafthor apresentou algumas dificuldades para a equipe m\u00e9dica da Vinci Harley Street. A cadeira padr\u00e3o de cirurgia da cl\u00ednica n\u00e3o era forte o suficiente para segur\u00e1-lo, ent\u00e3o trouxeram uma cadeira para acomod\u00e1-lo de maneira segura e confort\u00e1vel durante o procedimento, que leva cerca de 8 horas. Um segundo problema foi que sua larga estatura dificultou a coloca\u00e7\u00e3o dos enxertos, o que foi resolvido adicionando degraus para que a equipe m\u00e9dica alcan\u00e7asse sua linha capilar. Tamb\u00e9m foi importante adaptar-se para a dieta de Hafthor, pois ele consome 250g de carne e 300g de batata a cada 2 horas para manter sua for\u00e7a.<br \/><br \/>\n\nSr. Bjornsson diz que foi um prazer para a equipe da Vinci trabalhar com o homem mais forte do mundo. \u201cA equipe da Vinci est\u00e1 acostumada a lidar com as necessidades especiais de cada cliente. Entendemos que receber um transplante capilar \u00e9 um grande momento na vida de cada pessoa, e muitas esperam durante v\u00e1rios anos ou d\u00e9cadas antes de fazerem um. N\u00f3s tratamos cada cliente como um VIP, sejam famosos ou n\u00e3o.\u201d<br \/><br \/>\n \n Depois da cirurgia, Hafthor disse: \u201cEu estou muito contente com os resultados, a nova linha capilar ficou fant\u00e1stica. A equipe da Vinci Hair Clinic foi incr\u00edvel desde o come\u00e7o. Todos eles cuidaram muito bem de mim durante o procedimento e foi mais f\u00e1cil do que imaginava.\u201d Com uma risada, ele conclui \u201cQuem sabe, talvez eu me torne um modelo assim que recuperar meu cabelo!\u201d\n<\/h2>\t\t\t\t<\/div>\n\t\t\t\t<\/div>\n\t\t\t\t\t<\/div>\n\t\t<\/div>\n\t\t\t\t<div class=\"elementor-column elementor-col-50 elementor-top-column elementor-element elementor-element-a5d0c6f\" data-id=\"a5d0c6f\" data-element_type=\"column\">\n\t\t\t<div class=\"elementor-widget-wrap elementor-element-populated\">\n\t\t\t\t\t\t<div class=\"elementor-element elementor-element-ef4b27a elementor-widget elementor-widget-image\" data-id=\"ef4b27a\" data-element_type=\"widget\" data-widget_type=\"image.default\">\n\t\t\t\t<div class=\"elementor-widget-container\">\n\t\t\t\t\t\t\t\t\t\t\t\t\t\t\t<img decoding=\"async\" width=\"2160\" height=\"2160\" src=\"https:\/\/vincihairclinic.com\/wp-content\/uploads\/2022\/09\/Vinci-HT-Hafthor-The-Mountain.jpg\" class=\"attachment-full size-full wp-image-112459\" alt=\"\" srcset=\"https:\/\/vincihairclinic.com\/wp-content\/uploads\/2022\/09\/Vinci-HT-Hafthor-The-Mountain.jpg 2160w, https:\/\/vincihairclinic.com\/wp-content\/uploads\/2022\/09\/Vinci-HT-Hafthor-The-Mountain-300x300.jpg 300w, https:\/\/vincihairclinic.com\/wp-content\/uploads\/2022\/09\/Vinci-HT-Hafthor-The-Mountain-1024x1024.jpg 1024w, https:\/\/vincihairclinic.com\/wp-content\/uploads\/2022\/09\/Vinci-HT-Hafthor-The-Mountain-150x150.jpg 150w, https:\/\/vincihairclinic.com\/wp-content\/uploads\/2022\/09\/Vinci-HT-Hafthor-The-Mountain-768x768.jpg 768w, https:\/\/vincihairclinic.com\/wp-content\/uploads\/2022\/09\/Vinci-HT-Hafthor-The-Mountain-1536x1536.jpg 1536w, https:\/\/vincihairclinic.com\/wp-content\/uploads\/2022\/09\/Vinci-HT-Hafthor-The-Mountain-2048x2048.jpg 2048w\" sizes=\"(max-width: 2160px) 100vw, 2160px\" \/>\t\t\t\t\t\t\t\t\t\t\t\t\t\t\t<\/div>\n\t\t\t\t<\/div>\n\t\t\t\t\t<\/div>\n\t\t<\/div>\n\t\t\t\t\t<\/div>\n\t\t<\/section>\n\t\t\t\t<section class=\"elementor-section elementor-top-section elementor-element elementor-element-777b603 elementor-section-stretched elementor-hidden-desktop elementor-section-boxed elementor-section-height-default elementor-section-height-default\" data-id=\"777b603\" data-element_type=\"section\" data-settings=\"{&quot;stretch_section&quot;:&quot;section-stretched&quot;}\">\n\t\t\t\t\t\t<div class=\"elementor-container elementor-column-gap-default\">\n\t\t\t\t\t<div class=\"elementor-column elementor-col-100 elementor-top-column elementor-element elementor-element-ac2acfd\" data-id=\"ac2acfd\" data-element_type=\"column\">\n\t\t\t<div class=\"elementor-widget-wrap elementor-element-populated\">\n\t\t\t\t\t\t<div class=\"elementor-element elementor-element-a9929ba elementor-widget elementor-widget-heading\" data-id=\"a9929ba\" data-element_type=\"widget\" data-widget_type=\"heading.default\">\n\t\t\t\t<div class=\"elementor-widget-container\">\n\t\t\t\t\t<h2 class=\"elementor-heading-title elementor-size-default\">Vinci e A Montanha: O Transplante Capilar do Ator de Game of Thrones Com a <b>Vinci Hair Clinic<\/b><\/h2>\t\t\t\t<\/div>\n\t\t\t\t<\/div>\n\t\t\t\t<div class=\"elementor-element elementor-element-13b2bf2 elementor-widget elementor-widget-heading\" data-id=\"13b2bf2\" data-element_type=\"widget\" data-widget_type=\"heading.default\">\n\t\t\t\t<div class=\"elementor-widget-container\">\n\t\t\t\t\t<h2 class=\"elementor-heading-title elementor-size-default\">O ator island\u00eas Hafthor Bjornsson \u00e9 mais conhecido pelo seu papel de Gregor Clegane ou \u201cA Montanha\u201d na popular s\u00e9rie de TV Game of Thrones, mas ele possui diversos outros cr\u00e9ditos sob seu nome. Ele estreou em \u2018Kickboxer: Retaliation\u2019 ao lado de Jean Claude Van Damme, Mike Tyson e Christopher Lambert. Ele tamb\u00e9m foi primeira pessoa a vencer o World's Strongest Man, Europe's Strongest Man e o Arnold Strongman Classic no mesmo ano. Em 2018, Hafthor tamb\u00e9m arranjou tempo para realizar um transplante capilar e recuperar seu cabelo perdido.<br \/><br \/>\n\nConversando sobre a sua decis\u00e3o de seguir em frente com o tratamento de restaura\u00e7\u00e3o capilar, Hafthor disse que \u201cera algo que j\u00e1 estava pensando h\u00e1 um tempo. Percebi a recess\u00e3o da linha capilar aos vinte anos, e s\u00f3 piorou desde ent\u00e3o\u201d. Algu\u00e9m recomendou a cl\u00ednica de Harley Street para ele. Hafthor fez algumas pesquisas e ficou feliz com o que viu. \u201cEscolhi fazer a Extra\u00e7\u00e3o de Unidade Folicular (FUE) com a Vini, e estou contente por isso\u201d.\n\n<\/h2>\t\t\t\t<\/div>\n\t\t\t\t<\/div>\n\t\t\t\t<div class=\"elementor-element elementor-element-a33cbcb elementor-widget elementor-widget-image\" data-id=\"a33cbcb\" data-element_type=\"widget\" data-widget_type=\"image.default\">\n\t\t\t\t<div class=\"elementor-widget-container\">\n\t\t\t\t\t\t\t\t\t\t\t\t\t\t\t<img fetchpriority=\"high\" decoding=\"async\" width=\"1740\" height=\"2218\" src=\"https:\/\/vincihairclinic.com\/wp-content\/uploads\/2022\/09\/Hafthor-Bjornsson-The-Mountain-Red-Carpet-ret.jpg\" class=\"attachment-full size-full wp-image-112469\" alt=\"\" srcset=\"https:\/\/vincihairclinic.com\/wp-content\/uploads\/2022\/09\/Hafthor-Bjornsson-The-Mountain-Red-Carpet-ret.jpg 1740w, https:\/\/vincihairclinic.com\/wp-content\/uploads\/2022\/09\/Hafthor-Bjornsson-The-Mountain-Red-Carpet-ret-235x300.jpg 235w, https:\/\/vincihairclinic.com\/wp-content\/uploads\/2022\/09\/Hafthor-Bjornsson-The-Mountain-Red-Carpet-ret-803x1024.jpg 803w, https:\/\/vincihairclinic.com\/wp-content\/uploads\/2022\/09\/Hafthor-Bjornsson-The-Mountain-Red-Carpet-ret-768x979.jpg 768w, https:\/\/vincihairclinic.com\/wp-content\/uploads\/2022\/09\/Hafthor-Bjornsson-The-Mountain-Red-Carpet-ret-1205x1536.jpg 1205w, https:\/\/vincihairclinic.com\/wp-content\/uploads\/2022\/09\/Hafthor-Bjornsson-The-Mountain-Red-Carpet-ret-1607x2048.jpg 1607w\" sizes=\"(max-width: 1740px) 100vw, 1740px\" \/>\t\t\t\t\t\t\t\t\t\t\t\t\t\t\t<\/div>\n\t\t\t\t<\/div>\n\t\t\t\t<div class=\"elementor-element elementor-element-c6c967f elementor-widget elementor-widget-heading\" data-id=\"c6c967f\" data-element_type=\"widget\" data-widget_type=\"heading.default\">\n\t\t\t\t<div class=\"elementor-widget-container\">\n\t\t\t\t\t<h2 class=\"elementor-heading-title elementor-size-default\">A cirurgia de FUE est\u00e1 se tornando uma escolha cada vez mais popular entre homens com problemas capilares. A vantagem sobre os m\u00e9todos mais tradicionais \u00e9 de que ele n\u00e3o deixa uma cicatriz linear na parte de tr\u00e1s da cabe\u00e7a. O jogador Wayne Rooney realizou um procedimento similar h\u00e1 alguns anos e muitas outras celebridades seguiram seus passos. Desde ent\u00e3o, a demanda por transplantes capilares cresceu muito. Em 2021, foram 703.183 procedimentos cir\u00fargicos realizados em todo o mundo, de acordo com estat\u00edsticas da <a href=\"https:\/\/ishrs.org\/\" style=\"font-weight:700;color:#D2B480\" target=\"_blank\" rel=\"noopener\">International Society of Hair Restoration Surgery.<\/a><br \/><br \/>\n\n\nO CEO da Vinci Hair Clinics, Salvar Bjornsson, explica que o estigma que antes fazia parte do transplante capilar masculino \u00e9 muito menor hoje. \u201cH\u00e1 10 anos, as pessoas tinham informa\u00e7\u00f5es limitadas e geralmente eram mal informadas sobre os transplantes capilares. Elas n\u00e3o entendiam corretamente que o cabelo transplantado \u00e9 o seu pr\u00f3prio, que ele cresce naturalmente e \u00e9 permanente. Existia um mist\u00e9rio sobre o procedimento, fazendo com que as pessoas ficassem relutantes em faz\u00ea-lo. Hoje em dia, realizar uma restaura\u00e7\u00e3o capilar \u00e9 o equivalente a arrumar seus dentes.\u201d<\/h2>\t\t\t\t<\/div>\n\t\t\t\t<\/div>\n\t\t\t\t<div class=\"elementor-element elementor-element-bc2ba70 elementor-widget elementor-widget-image\" data-id=\"bc2ba70\" data-element_type=\"widget\" data-widget_type=\"image.default\">\n\t\t\t\t<div class=\"elementor-widget-container\">\n\t\t\t\t\t\t\t\t\t\t\t\t\t\t\t<img decoding=\"async\" width=\"900\" height=\"600\" src=\"https:\/\/vincihairclinic.com\/wp-content\/uploads\/2022\/09\/Thor-before.png\" class=\"attachment-full size-full wp-image-112464\" alt=\"\" srcset=\"https:\/\/vincihairclinic.com\/wp-content\/uploads\/2022\/09\/Thor-before.png 900w, https:\/\/vincihairclinic.com\/wp-content\/uploads\/2022\/09\/Thor-before-300x200.png 300w, https:\/\/vincihairclinic.com\/wp-content\/uploads\/2022\/09\/Thor-before-768x512.png 768w\" sizes=\"(max-width: 900px) 100vw, 900px\" \/>\t\t\t\t\t\t\t\t\t\t\t\t\t\t\t<\/div>\n\t\t\t\t<\/div>\n\t\t\t\t<div class=\"elementor-element elementor-element-f5b3acd elementor-widget elementor-widget-heading\" data-id=\"f5b3acd\" data-element_type=\"widget\" data-widget_type=\"heading.default\">\n\t\t\t\t<div class=\"elementor-widget-container\">\n\t\t\t\t\t<h2 class=\"elementor-heading-title elementor-size-default\">Com 2.06 metros de altura e 190 quilos, Hafthor apresentou algumas dificuldades para a equipe m\u00e9dica da Vinci Harley Street. A cadeira padr\u00e3o de cirurgia da cl\u00ednica n\u00e3o era forte o suficiente para segur\u00e1-lo, ent\u00e3o trouxeram uma cadeira para acomod\u00e1-lo de maneira segura e confort\u00e1vel durante o procedimento, que leva cerca de 8 horas. Um segundo problema foi que sua larga estatura dificultou a coloca\u00e7\u00e3o dos enxertos, o que foi resolvido adicionando degraus para que a equipe m\u00e9dica alcan\u00e7asse sua linha capilar. Tamb\u00e9m foi importante adaptar-se para a dieta de Hafthor, pois ele consome 250g de carne e 300g de batata a cada 2 horas para manter sua for\u00e7a.<br \/><br \/>\n\nSr. Bjornsson diz que foi um prazer para a equipe da Vinci trabalhar com o homem mais forte do mundo. \u201cA equipe da Vinci est\u00e1 acostumada a lidar com as necessidades especiais de cada cliente. Entendemos que receber um transplante capilar \u00e9 um grande momento na vida de cada pessoa, e muitas esperam durante v\u00e1rios anos ou d\u00e9cadas antes de fazerem um. N\u00f3s tratamos cada cliente como um VIP, sejam famosos ou n\u00e3o.\u201d<br \/><br \/>\n \n Depois da cirurgia, Hafthor disse: \u201cEu estou muito contente com os resultados, a nova linha capilar ficou fant\u00e1stica. A equipe da Vinci Hair Clinic foi incr\u00edvel desde o come\u00e7o. Todos eles cuidaram muito bem de mim durante o procedimento e foi mais f\u00e1cil do que imaginava.\u201d Com uma risada, ele conclui \u201cQuem sabe, talvez eu me torne um modelo assim que recuperar meu cabelo!\u201d\n<\/h2>\t\t\t\t<\/div>\n\t\t\t\t<\/div>\n\t\t\t\t<div class=\"elementor-element elementor-element-9aa9876 elementor-widget elementor-widget-image\" data-id=\"9aa9876\" data-element_type=\"widget\" data-widget_type=\"image.default\">\n\t\t\t\t<div class=\"elementor-widget-container\">\n\t\t\t\t\t\t\t\t\t\t\t\t\t\t\t<img decoding=\"async\" width=\"2160\" height=\"2160\" src=\"https:\/\/vincihairclinic.com\/wp-content\/uploads\/2022\/09\/Vinci-HT-Hafthor-The-Mountain.jpg\" class=\"attachment-full size-full wp-image-112459\" alt=\"\" srcset=\"https:\/\/vincihairclinic.com\/wp-content\/uploads\/2022\/09\/Vinci-HT-Hafthor-The-Mountain.jpg 2160w, https:\/\/vincihairclinic.com\/wp-content\/uploads\/2022\/09\/Vinci-HT-Hafthor-The-Mountain-300x300.jpg 300w, https:\/\/vincihairclinic.com\/wp-content\/uploads\/2022\/09\/Vinci-HT-Hafthor-The-Mountain-1024x1024.jpg 1024w, https:\/\/vincihairclinic.com\/wp-content\/uploads\/2022\/09\/Vinci-HT-Hafthor-The-Mountain-150x150.jpg 150w, https:\/\/vincihairclinic.com\/wp-content\/uploads\/2022\/09\/Vinci-HT-Hafthor-The-Mountain-768x768.jpg 768w, https:\/\/vincihairclinic.com\/wp-content\/uploads\/2022\/09\/Vinci-HT-Hafthor-The-Mountain-1536x1536.jpg 1536w, https:\/\/vincihairclinic.com\/wp-content\/uploads\/2022\/09\/Vinci-HT-Hafthor-The-Mountain-2048x2048.jpg 2048w\" sizes=\"(max-width: 2160px) 100vw, 2160px\" \/>\t\t\t\t\t\t\t\t\t\t\t\t\t\t\t<\/div>\n\t\t\t\t<\/div>\n\t\t\t\t\t<\/div>\n\t\t<\/div>\n\t\t\t\t\t<\/div>\n\t\t<\/section>\n\t\t\t\t<\/div>\n\t\t","protected":false},"excerpt":{"rendered":"<p>Vinci e A Montanha: O Transplante Capilar do Ator de Game of Thrones Com a Vinci Hair Clinic O ator island\u00eas Hafthor Bjornsson \u00e9 mais conhecido pelo seu papel de Gregor Clegane ou \u201cA Montanha\u201d na popular s\u00e9rie de TV Game of Thrones, mas ele possui diversos outros cr\u00e9ditos sob seu nome. Ele estreou em [&hellip;]<\/p>\n","protected":false},"author":2,"featured_media":0,"parent":0,"menu_order":0,"comment_status":"closed","ping_status":"closed","template":"elementor_header_footer","meta":{"footnotes":""},"class_list":["post-112523","page","type-page","status-publish","hentry"],"_links":{"self":[{"href":"https:\/\/vincihairclinic.com\/pt-br\/wp-json\/wp\/v2\/pages\/112523","targetHints":{"allow":["GET"]}}],"collection":[{"href":"https:\/\/vincihairclinic.com\/pt-br\/wp-json\/wp\/v2\/pages"}],"about":[{"href":"https:\/\/vincihairclinic.com\/pt-br\/wp-json\/wp\/v2\/types\/page"}],"author":[{"embeddable":true,"href":"https:\/\/vincihairclinic.com\/pt-br\/wp-json\/wp\/v2\/users\/2"}],"replies":[{"embeddable":true,"href":"https:\/\/vincihairclinic.com\/pt-br\/wp-json\/wp\/v2\/comments?post=112523"}],"version-history":[{"count":0,"href":"https:\/\/vincihairclinic.com\/pt-br\/wp-json\/wp\/v2\/pages\/112523\/revisions"}],"wp:attachment":[{"href":"https:\/\/vincihairclinic.com\/pt-br\/wp-json\/wp\/v2\/media?parent=112523"}],"curies":[{"name":"wp","href":"https:\/\/api.w.org\/{rel}","templated":true}]}}