{"id":86465,"date":"2021-12-12T15:05:52","date_gmt":"2021-12-12T15:05:52","guid":{"rendered":"http:\/\/vincihairclinic.com\/hair-transplant-testimonial-daniel-koek\/"},"modified":"2022-01-14T08:40:12","modified_gmt":"2022-01-14T08:40:12","slug":"hair-transplant-testimonial-daniel-koek","status":"publish","type":"page","link":"https:\/\/vincihairclinic.com\/fr\/hair-transplant-testimonial-daniel-koek\/","title":{"rendered":"Hair Transplant Testimonial \u2013 Daniel Koek"},"content":{"rendered":"\t\t<div data-elementor-type=\"wp-page\" data-elementor-id=\"86465\" class=\"elementor elementor-86465 elementor-83225\" data-elementor-settings=\"{&quot;ha_cmc_init_switcher&quot;:&quot;no&quot;}\" data-elementor-post-type=\"page\">\n\t\t\t\t\t\t<section class=\"elementor-section elementor-top-section elementor-element elementor-element-6574829 elementor-section-boxed elementor-section-height-default elementor-section-height-default\" data-id=\"6574829\" data-element_type=\"section\">\n\t\t\t\t\t\t<div class=\"elementor-container elementor-column-gap-default\">\n\t\t\t\t\t<div class=\"elementor-column elementor-col-100 elementor-top-column elementor-element elementor-element-f8b404c\" data-id=\"f8b404c\" data-element_type=\"column\">\n\t\t\t<div class=\"elementor-widget-wrap elementor-element-populated\">\n\t\t\t\t\t\t<section class=\"elementor-section elementor-inner-section elementor-element elementor-element-9ae962c elementor-section-boxed elementor-section-height-default elementor-section-height-default\" data-id=\"9ae962c\" data-element_type=\"section\">\n\t\t\t\t\t\t<div class=\"elementor-container elementor-column-gap-default\">\n\t\t\t\t\t<div class=\"elementor-column elementor-col-50 elementor-inner-column elementor-element elementor-element-513c500\" data-id=\"513c500\" data-element_type=\"column\">\n\t\t\t<div class=\"elementor-widget-wrap elementor-element-populated\">\n\t\t\t\t\t\t<div class=\"elementor-element elementor-element-6daa994 elementor-widget elementor-widget-heading\" data-id=\"6daa994\" data-element_type=\"widget\" data-widget_type=\"heading.default\">\n\t\t\t\t<div class=\"elementor-widget-container\">\n\t\t\t\t\t<h2 class=\"elementor-heading-title elementor-size-default\">T\u00e9moignage de greffe de cheveux \u2013 Daniel Koek\n<\/h2>\t\t\t\t<\/div>\n\t\t\t\t<\/div>\n\t\t\t\t\t<\/div>\n\t\t<\/div>\n\t\t\t\t<div class=\"elementor-column elementor-col-50 elementor-inner-column elementor-element elementor-element-8c992d6\" data-id=\"8c992d6\" data-element_type=\"column\">\n\t\t\t<div class=\"elementor-widget-wrap elementor-element-populated\">\n\t\t\t\t\t\t<div class=\"elementor-element elementor-element-bb71f0b elementor-icon-list--layout-inline elementor-align-right elementor-list-item-link-full_width elementor-widget elementor-widget-icon-list\" data-id=\"bb71f0b\" data-element_type=\"widget\" data-widget_type=\"icon-list.default\">\n\t\t\t\t<div class=\"elementor-widget-container\">\n\t\t\t\t\t\t\t<ul class=\"elementor-icon-list-items elementor-inline-items\">\n\t\t\t\t\t\t\t<li class=\"elementor-icon-list-item elementor-inline-item\">\n\t\t\t\t\t\t\t\t\t\t\t<a href=\"https:\/\/www.instagram.com\/vincihair\/\" target=\"_blank\" rel=\"noopener\">\n\n\t\t\t\t\t\t\t\t\t\t\t\t<span class=\"elementor-icon-list-icon\">\n\t\t\t\t\t\t\t<svg xmlns=\"http:\/\/www.w3.org\/2000\/svg\" width=\"32\" height=\"32\" viewBox=\"0 0 32 32\" fill=\"none\"><path fill-rule=\"evenodd\" clip-rule=\"evenodd\" d=\"M25.9873 7.99051C25.9911 6.88962 25.0977 6.01418 24.0166 6.01205L24.0126 6.01204L24.0088 6.01205L25.9834 7.98668L24.001 6.01209C22.9208 6.02002 22.0396 6.89707 22.0396 7.98668C22.0396 9.08166 22.9303 9.95971 24.0143 9.95971C25.1025 9.95971 25.9852 9.07823 25.9873 7.99051ZM25.9873 7.99051L25.9873 7.98668H25.9834H25.3313L25.9873 7.99051Z\" fill=\"url(#paint0_linear)\"><\/path><path fill-rule=\"evenodd\" clip-rule=\"evenodd\" d=\"M21.1305 10.8689C18.2967 8.03504 13.7022 8.03504 10.8684 10.8689C8.03458 13.7027 8.03458 18.2972 10.8684 21.131C13.7022 23.9648 18.2967 23.9648 21.1305 21.131C23.9643 18.2972 23.9643 13.7027 21.1305 10.8689ZM12.887 12.8874C14.606 11.1685 17.3929 11.1685 19.1119 12.8874C20.8309 14.6064 20.8309 17.3934 19.1119 19.1124C17.3929 20.8314 14.606 20.8314 12.887 19.1124C11.168 17.3934 11.168 14.6064 12.887 12.8874Z\" fill=\"url(#paint1_linear)\"><\/path><path fill-rule=\"evenodd\" clip-rule=\"evenodd\" d=\"M8.7072 0H23.2944C28.1015 0 32 3.89684 32 8.7072V23.2944C32 28.1015 28.1032 32 23.2928 32H8.7072C3.89867 32 0 28.1034 0 23.2928V8.7072C0 3.89867 3.89664 0 8.7072 0ZM8.7072 2.85472C5.47367 2.85472 2.85472 5.47487 2.85472 8.7072V23.2928C2.85472 26.5263 5.47487 29.1453 8.7072 29.1453H23.2928C26.5265 29.1453 29.1453 26.5249 29.1453 23.2944V8.7072C29.1453 5.47346 26.5249 2.85472 23.2944 2.85472H8.7072Z\" fill=\"url(#paint2_linear)\"><\/path><defs><linearGradient id=\"paint0_linear\" x1=\"31.5429\" y1=\"0.457143\" x2=\"-0.457143\" y2=\"32.4571\" gradientUnits=\"userSpaceOnUse\"><stop stop-color=\"#D2B480\"><\/stop><stop offset=\"1\" stop-color=\"#AC8A50\"><\/stop><\/linearGradient><linearGradient id=\"paint1_linear\" x1=\"31.5429\" y1=\"0.457143\" x2=\"-0.457143\" y2=\"32.4571\" gradientUnits=\"userSpaceOnUse\"><stop stop-color=\"#D2B480\"><\/stop><stop offset=\"1\" stop-color=\"#AC8A50\"><\/stop><\/linearGradient><linearGradient id=\"paint2_linear\" x1=\"31.5429\" y1=\"0.457143\" x2=\"-0.457143\" y2=\"32.4571\" gradientUnits=\"userSpaceOnUse\"><stop stop-color=\"#D2B480\"><\/stop><stop offset=\"1\" stop-color=\"#AC8A50\"><\/stop><\/linearGradient><\/defs><\/svg>\t\t\t\t\t\t<\/span>\n\t\t\t\t\t\t\t\t\t\t<span class=\"elementor-icon-list-text\">SUIVEZ-NOUS<\/span>\n\t\t\t\t\t\t\t\t\t\t\t<\/a>\n\t\t\t\t\t\t\t\t\t<\/li>\n\t\t\t\t\t\t<\/ul>\n\t\t\t\t\t\t<\/div>\n\t\t\t\t<\/div>\n\t\t\t\t\t<\/div>\n\t\t<\/div>\n\t\t\t\t\t<\/div>\n\t\t<\/section>\n\t\t\t\t<div class=\"elementor-element elementor-element-d4feb5c elementor-widget elementor-widget-image\" data-id=\"d4feb5c\" data-element_type=\"widget\" data-widget_type=\"image.default\">\n\t\t\t\t<div class=\"elementor-widget-container\">\n\t\t\t\t\t\t\t\t\t\t\t\t\t\t\t<img fetchpriority=\"high\" decoding=\"async\" width=\"1139\" height=\"371\" src=\"https:\/\/vincihairclinic.com\/wp-content\/uploads\/2021\/12\/Daniel-Koek1.jpg\" class=\"attachment-full size-full wp-image-83230\" alt=\"Hair Transplant Journey of Daniel Koek&#039;s Side-by-side image of before and after his FUE hair transplant at Vinci Hair Clinic, showcasing the dramatic improvement in his front hairline and overall hair density after his hair transplant journey.\" srcset=\"https:\/\/vincihairclinic.com\/wp-content\/uploads\/2021\/12\/Daniel-Koek1.jpg 1139w, https:\/\/vincihairclinic.com\/wp-content\/uploads\/2021\/12\/Daniel-Koek1-300x98.jpg 300w, https:\/\/vincihairclinic.com\/wp-content\/uploads\/2021\/12\/Daniel-Koek1-1024x334.jpg 1024w, https:\/\/vincihairclinic.com\/wp-content\/uploads\/2021\/12\/Daniel-Koek1-768x250.jpg 768w\" sizes=\"(max-width: 1139px) 100vw, 1139px\" \/>\t\t\t\t\t\t\t\t\t\t\t\t\t\t\t<\/div>\n\t\t\t\t<\/div>\n\t\t\t\t<div class=\"elementor-element elementor-element-8362c3d elementor-widget elementor-widget-text-editor\" data-id=\"8362c3d\" data-element_type=\"widget\" data-widget_type=\"text-editor.default\">\n\t\t\t\t<div class=\"elementor-widget-container\">\n\t\t\t\t\t\t\t\t\t<p>Daniel Koek, c\u00e9l\u00e8bre artiste de West End, nous raconte son traitement de greffe de cheveux, sa d\u00e9couverte de Vinci Hair Clinic, et les r\u00e9sultats fantastiques qu\u2019il a obtenu dans notre clinique de Harley Street, \u00e0 Londres.<\/p><p>Daniel \u00e9tait conscient de l\u2019avanc\u00e9e de ses pertes de cheveux et il savait qu\u2019il devait faire quelque chose pour lutter contre elles. En raison de son m\u00e9tier, il portait constamment des microphones portatifs, des perruques compliqu\u00e9es et du maquillage. Souffrant de pertes de cheveux h\u00e9r\u00e9ditaires, il a observ\u00e9 son visage changer et ses cheveux reculer au fil des ans.<\/p><p>\u00ab Il y a environ deux ans, j\u2019ai d\u00e9cid\u00e9 d\u2019effectuer une greffe de cheveux avec Vinci. Mon emploi du temps ne me le permettait pas en temps normal, mais je venais de finir une tourn\u00e9e d\u2019un an en tant que r\u00f4le principal dans Les Mis\u00e9rables. D\u00e8s que j\u2019ai termin\u00e9, j\u2019ai saut\u00e9 sur l\u2019occasion pour r\u00e9aliser l\u2019op\u00e9ration. \u00bb Daniel a b\u00e9n\u00e9fici\u00e9 d\u2019une greffe de cheveux FUT dans notre clinique de Harley Street \u00e0 Londres, une op\u00e9ration qui consiste \u00e0 pr\u00e9lever les cheveux \u00e0 l\u2019aide de la \u00ab technique des bandelettes \u00bb. Une bande de cheveux est pr\u00e9lev\u00e9e, puis les greffons sont s\u00e9par\u00e9s et implant\u00e9s dans les zones chauves ou d\u00e9garnies. \u00ab Je souffrais principalement de pertes de cheveux au niveau des tempes, le lobe frontal \u00e9tait d\u00e9garni, mais ma calvitie \u00e9tait h\u00e9r\u00e9ditaire, provenant de mes grand-parents. Elle touchait surtout mes tempes, le reste de ma chevelure \u00e0 l\u2019arri\u00e8re \u00e9tait heureusement rest\u00e9 relativement dense. \u00bb<\/p>\t\t\t\t\t\t\t\t<\/div>\n\t\t\t\t<\/div>\n\t\t\t\t<div class=\"elementor-element elementor-element-fa463b5 elementor-widget elementor-widget-image\" data-id=\"fa463b5\" data-element_type=\"widget\" data-widget_type=\"image.default\">\n\t\t\t\t<div class=\"elementor-widget-container\">\n\t\t\t\t\t\t\t\t\t\t\t\t\t\t\t<img decoding=\"async\" width=\"1125\" height=\"380\" src=\"https:\/\/vincihairclinic.com\/wp-content\/uploads\/2021\/12\/Daniel-Koek2.jpg\" class=\"attachment-full size-full wp-image-83231\" alt=\"Hair Transplant Journey of Daniel Koek&#039;s side-by-side image of his hair transplant journey during his FUE hair transplant at Vinci Hair Clinic, featuring the extraction phase on the left and the implanting phase on the right, highlighting the meticulous process of restoring his front hairline.\" srcset=\"https:\/\/vincihairclinic.com\/wp-content\/uploads\/2021\/12\/Daniel-Koek2.jpg 1125w, https:\/\/vincihairclinic.com\/wp-content\/uploads\/2021\/12\/Daniel-Koek2-300x101.jpg 300w, https:\/\/vincihairclinic.com\/wp-content\/uploads\/2021\/12\/Daniel-Koek2-1024x346.jpg 1024w, https:\/\/vincihairclinic.com\/wp-content\/uploads\/2021\/12\/Daniel-Koek2-768x259.jpg 768w\" sizes=\"(max-width: 1125px) 100vw, 1125px\" \/>\t\t\t\t\t\t\t\t\t\t\t\t\t\t\t<\/div>\n\t\t\t\t<\/div>\n\t\t\t\t<div class=\"elementor-element elementor-element-f1f75f1 elementor-widget elementor-widget-text-editor\" data-id=\"f1f75f1\" data-element_type=\"widget\" data-widget_type=\"text-editor.default\">\n\t\t\t\t<div class=\"elementor-widget-container\">\n\t\t\t\t\t\t\t\t\tDaniel a b\u00e9n\u00e9fici\u00e9 d\u2019une croissance tr\u00e8s rapide de ses cheveux apr\u00e8s son op\u00e9ration dans la clinique du cheveu Vinci de Harley Street, \u00e0 Londres. En 3 mois, les greffons donnaient d\u00e9j\u00e0 leurs premiers r\u00e9sultats, et l\u2019apparence finale \u00e9tait visible en moins d\u2019un an. \u00ab Je suis tr\u00e8s content du r\u00e9sultat. Cela fait maintenant plus d\u2019un an, j\u2019ai effectu\u00e9 cette proc\u00e9dure il y a 13 mois. Les gens viennent me voir et me f\u00e9licitent pour mon apparence plus jeune. Je n\u2019h\u00e9site pas \u00e0 recommander aux gens de suivre le traitement, certains ne r\u00e9alisent pas \u00e0 quel point il est ind\u00e9tectable. Je suis tr\u00e8s heureux d\u2019avoir fait ce choix tr\u00e8s important pour moi. \u00bb\t\t\t\t\t\t\t\t<\/div>\n\t\t\t\t<\/div>\n\t\t\t\t<section class=\"elementor-section elementor-inner-section elementor-element elementor-element-3cdc1c6 elementor-section-boxed elementor-section-height-default elementor-section-height-default\" data-id=\"3cdc1c6\" data-element_type=\"section\">\n\t\t\t\t\t\t<div class=\"elementor-container elementor-column-gap-default\">\n\t\t\t\t\t<div class=\"elementor-column elementor-col-33 elementor-inner-column elementor-element elementor-element-3db239e\" data-id=\"3db239e\" data-element_type=\"column\">\n\t\t\t<div class=\"elementor-widget-wrap\">\n\t\t\t\t\t\t\t<\/div>\n\t\t<\/div>\n\t\t\t\t<div class=\"elementor-column elementor-col-33 elementor-inner-column elementor-element elementor-element-141b8e2\" data-id=\"141b8e2\" data-element_type=\"column\">\n\t\t\t<div class=\"elementor-widget-wrap elementor-element-populated\">\n\t\t\t\t\t\t<div class=\"elementor-element elementor-element-8b0be34 elementor-widget elementor-widget-video\" data-id=\"8b0be34\" data-element_type=\"widget\" data-settings=\"{&quot;youtube_url&quot;:&quot;https:\\\/\\\/www.youtube.com\\\/embed\\\/mF5riUG7exQ?rel=0&amp;autoplay=1&quot;,&quot;video_type&quot;:&quot;youtube&quot;,&quot;controls&quot;:&quot;yes&quot;}\" data-widget_type=\"video.default\">\n\t\t\t\t<div class=\"elementor-widget-container\">\n\t\t\t\t\t\t\t<div class=\"elementor-wrapper elementor-open-inline\">\n\t\t\t<div class=\"elementor-video\"><\/div>\t\t<\/div>\n\t\t\t\t\t\t<\/div>\n\t\t\t\t<\/div>\n\t\t\t\t\t<\/div>\n\t\t<\/div>\n\t\t\t\t<div class=\"elementor-column elementor-col-33 elementor-inner-column elementor-element elementor-element-c76844b\" data-id=\"c76844b\" data-element_type=\"column\">\n\t\t\t<div class=\"elementor-widget-wrap\">\n\t\t\t\t\t\t\t<\/div>\n\t\t<\/div>\n\t\t\t\t\t<\/div>\n\t\t<\/section>\n\t\t\t\t<div class=\"elementor-element elementor-element-5d0c122 elementor-widget elementor-widget-text-editor\" data-id=\"5d0c122\" data-element_type=\"widget\" data-widget_type=\"text-editor.default\">\n\t\t\t\t<div class=\"elementor-widget-container\">\n\t\t\t\t\t\t\t\t\t<p>Depuis, Daniel a saisi d\u2019autres opportunit\u00e9s dans sa carri\u00e8re, et il a gagn\u00e9 en confiance gr\u00e2ce \u00e0 sa nouvelle ligne de cheveux.<\/p><p>\u00ab Je recommande ce traitement \u00e0 tout le monde. Lors des castings, l\u2019image compte beaucoup, je ne voulais pas \u00eatre \u00e9cart\u00e9 de certains r\u00f4les parce que j\u2019avais l\u2019air plus vieux. Les soins post-op\u00e9ratoires ont \u00e9t\u00e9 parfaits, les docteurs et les \u00e9quipes sont exceptionnels et je suis tr\u00e8s satisfait. \u00bb<\/p>\t\t\t\t\t\t\t\t<\/div>\n\t\t\t\t<\/div>\n\t\t\t\t\t<\/div>\n\t\t<\/div>\n\t\t\t\t\t<\/div>\n\t\t<\/section>\n\t\t\t\t<\/div>\n\t\t","protected":false},"excerpt":{"rendered":"<p>T\u00e9moignage de greffe de cheveux \u2013 Daniel Koek SUIVEZ-NOUS Daniel Koek, c\u00e9l\u00e8bre artiste de West End, nous raconte son traitement de greffe de cheveux, sa d\u00e9couverte de Vinci Hair Clinic, et les r\u00e9sultats fantastiques qu\u2019il a obtenu dans notre clinique de Harley Street, \u00e0 Londres. Daniel \u00e9tait conscient de l\u2019avanc\u00e9e de ses pertes de cheveux [&hellip;]<\/p>\n","protected":false},"author":2,"featured_media":0,"parent":0,"menu_order":0,"comment_status":"closed","ping_status":"closed","template":"elementor_header_footer","meta":{"footnotes":""},"class_list":["post-86465","page","type-page","status-publish","hentry"],"_links":{"self":[{"href":"https:\/\/vincihairclinic.com\/fr\/wp-json\/wp\/v2\/pages\/86465","targetHints":{"allow":["GET"]}}],"collection":[{"href":"https:\/\/vincihairclinic.com\/fr\/wp-json\/wp\/v2\/pages"}],"about":[{"href":"https:\/\/vincihairclinic.com\/fr\/wp-json\/wp\/v2\/types\/page"}],"author":[{"embeddable":true,"href":"https:\/\/vincihairclinic.com\/fr\/wp-json\/wp\/v2\/users\/2"}],"replies":[{"embeddable":true,"href":"https:\/\/vincihairclinic.com\/fr\/wp-json\/wp\/v2\/comments?post=86465"}],"version-history":[{"count":0,"href":"https:\/\/vincihairclinic.com\/fr\/wp-json\/wp\/v2\/pages\/86465\/revisions"}],"wp:attachment":[{"href":"https:\/\/vincihairclinic.com\/fr\/wp-json\/wp\/v2\/media?parent=86465"}],"curies":[{"name":"wp","href":"https:\/\/api.w.org\/{rel}","templated":true}]}}