{"id":85966,"date":"2021-11-02T23:24:52","date_gmt":"2021-11-02T23:24:52","guid":{"rendered":"http:\/\/vincihairclinic.com\/contact-us\/"},"modified":"2024-10-25T15:35:48","modified_gmt":"2024-10-25T14:35:48","slug":"contact-us","status":"publish","type":"page","link":"https:\/\/vincihairclinic.com\/fr\/contact-us\/","title":{"rendered":"Contact Us"},"content":{"rendered":"\t\t<div data-elementor-type=\"wp-page\" data-elementor-id=\"85966\" class=\"elementor elementor-85966 elementor-5214\" data-elementor-settings=\"{&quot;ha_cmc_init_switcher&quot;:&quot;no&quot;}\" data-elementor-post-type=\"page\">\n\t\t\t\t<div class=\"elementor-element elementor-element-358fa76 e-flex e-con-boxed e-con e-parent\" data-id=\"358fa76\" data-element_type=\"container\">\n\t\t\t\t\t<div class=\"e-con-inner\">\n\t\t\t\t<div class=\"elementor-element elementor-element-5a2f766 elementor-widget elementor-widget-heading\" data-id=\"5a2f766\" data-element_type=\"widget\" data-widget_type=\"heading.default\">\n\t\t\t\t<div class=\"elementor-widget-container\">\n\t\t\t\t\t<h2 class=\"elementor-heading-title elementor-size-default\"><b>Contactez-nous<\/b><\/h2>\t\t\t\t<\/div>\n\t\t\t\t<\/div>\n\t\t\t\t\t<\/div>\n\t\t\t\t<\/div>\n\t\t\t\t<section class=\"elementor-section elementor-top-section elementor-element elementor-element-1b17856 elementor-section-height-min-height elementor-section-stretched elementor-section-boxed elementor-section-height-default elementor-section-items-middle\" data-id=\"1b17856\" data-element_type=\"section\" data-settings=\"{&quot;background_background&quot;:&quot;classic&quot;,&quot;stretch_section&quot;:&quot;section-stretched&quot;}\">\n\t\t\t\t\t\t<div class=\"elementor-container elementor-column-gap-default\">\n\t\t\t\t\t<div class=\"elementor-column elementor-col-50 elementor-top-column elementor-element elementor-element-8dcc971\" data-id=\"8dcc971\" data-element_type=\"column\">\n\t\t\t<div class=\"elementor-widget-wrap elementor-element-populated\">\n\t\t\t\t\t\t<div class=\"elementor-element elementor-element-4705c14 elementor-widget elementor-widget-heading\" data-id=\"4705c14\" data-element_type=\"widget\" data-widget_type=\"heading.default\">\n\t\t\t\t<div class=\"elementor-widget-container\">\n\t\t\t\t\t<h2 class=\"elementor-heading-title elementor-size-default\"><b>Il n'existe pas deux patients identiques. <\/b>Vous \u00eates unique et nous vous traiterons comme tel, en concevant un plan de traitement et un devis sur mesure en fonction de vos besoins.<br \/><br \/>\n\nPour prendre rendez-vous, remplissez vos informations personnelles et l'un de nos conseillers vous recontactera afin de vous guider dans les premi\u00e8res \u00e9tapes de votre parcours.<br \/><br \/>\n\nNous souhaitons vous aider \u00e0 retrouver confiance en vous et \u00e0 restaurer votre bien-\u00eatre.<br \/><br \/>\n\nNous avons h\u00e2te de vous rencontrer.<\/h2>\t\t\t\t<\/div>\n\t\t\t\t<\/div>\n\t\t\t\t<div class=\"elementor-element elementor-element-b096c0f elementor-icon-list--layout-traditional elementor-list-item-link-full_width elementor-widget elementor-widget-icon-list\" data-id=\"b096c0f\" data-element_type=\"widget\" data-widget_type=\"icon-list.default\">\n\t\t\t\t<div class=\"elementor-widget-container\">\n\t\t\t\t\t\t\t<ul class=\"elementor-icon-list-items\">\n\t\t\t\t\t\t\t<li class=\"elementor-icon-list-item\">\n\t\t\t\t\t\t\t\t\t\t\t<span class=\"elementor-icon-list-icon\">\n\t\t\t\t\t\t\t<svg xmlns=\"http:\/\/www.w3.org\/2000\/svg\" width=\"32\" height=\"32\" viewBox=\"0 0 32 32\" fill=\"none\"><path d=\"M13.333 20.2295L25.589 7.97217L27.4757 9.8575L13.333 24.0002L4.84766 15.5148L6.73299 13.6295L13.333 20.2295Z\" fill=\"url(#paint0_linear_1077:3848)\"><\/path><defs><linearGradient id=\"paint0_linear_1077:3848\" x1=\"16.1617\" y1=\"7.97217\" x2=\"16.1617\" y2=\"24.0002\" gradientUnits=\"userSpaceOnUse\"><stop stop-color=\"#D2B480\"><\/stop><stop offset=\"1\" stop-color=\"#AC8A50\"><\/stop><\/linearGradient><\/defs><\/svg>\t\t\t\t\t\t<\/span>\n\t\t\t\t\t\t\t\t\t\t<span class=\"elementor-icon-list-text\">Nos conseillers d\u00e9vou\u00e9s et comp\u00e9tents seront votre premier point de contact.<\/span>\n\t\t\t\t\t\t\t\t\t<\/li>\n\t\t\t\t\t\t<\/ul>\n\t\t\t\t\t\t<\/div>\n\t\t\t\t<\/div>\n\t\t\t\t<div class=\"elementor-element elementor-element-ef28f35 elementor-icon-list--layout-traditional elementor-list-item-link-full_width elementor-widget elementor-widget-icon-list\" data-id=\"ef28f35\" data-element_type=\"widget\" data-widget_type=\"icon-list.default\">\n\t\t\t\t<div class=\"elementor-widget-container\">\n\t\t\t\t\t\t\t<ul class=\"elementor-icon-list-items\">\n\t\t\t\t\t\t\t<li class=\"elementor-icon-list-item\">\n\t\t\t\t\t\t\t\t\t\t\t<span class=\"elementor-icon-list-icon\">\n\t\t\t\t\t\t\t<svg xmlns=\"http:\/\/www.w3.org\/2000\/svg\" width=\"32\" height=\"32\" viewBox=\"0 0 32 32\" fill=\"none\"><path d=\"M13.333 20.2295L25.589 7.97217L27.4757 9.8575L13.333 24.0002L4.84766 15.5148L6.73299 13.6295L13.333 20.2295Z\" fill=\"url(#paint0_linear_1077:3848)\"><\/path><defs><linearGradient id=\"paint0_linear_1077:3848\" x1=\"16.1617\" y1=\"7.97217\" x2=\"16.1617\" y2=\"24.0002\" gradientUnits=\"userSpaceOnUse\"><stop stop-color=\"#D2B480\"><\/stop><stop offset=\"1\" stop-color=\"#AC8A50\"><\/stop><\/linearGradient><\/defs><\/svg>\t\t\t\t\t\t<\/span>\n\t\t\t\t\t\t\t\t\t\t<span class=\"elementor-icon-list-text\">Consultation gratuite<\/span>\n\t\t\t\t\t\t\t\t\t<\/li>\n\t\t\t\t\t\t\t\t<li class=\"elementor-icon-list-item\">\n\t\t\t\t\t\t\t\t\t\t\t<span class=\"elementor-icon-list-icon\">\n\t\t\t\t\t\t\t<svg xmlns=\"http:\/\/www.w3.org\/2000\/svg\" width=\"32\" height=\"32\" viewBox=\"0 0 32 32\" fill=\"none\"><path d=\"M13.333 20.2295L25.589 7.97217L27.4757 9.8575L13.333 24.0002L4.84766 15.5148L6.73299 13.6295L13.333 20.2295Z\" fill=\"url(#paint0_linear_1077:3848)\"><\/path><defs><linearGradient id=\"paint0_linear_1077:3848\" x1=\"16.1617\" y1=\"7.97217\" x2=\"16.1617\" y2=\"24.0002\" gradientUnits=\"userSpaceOnUse\"><stop stop-color=\"#D2B480\"><\/stop><stop offset=\"1\" stop-color=\"#AC8A50\"><\/stop><\/linearGradient><\/defs><\/svg>\t\t\t\t\t\t<\/span>\n\t\t\t\t\t\t\t\t\t\t<span class=\"elementor-icon-list-text\">Consultations virtuelles disponibles<\/span>\n\t\t\t\t\t\t\t\t\t<\/li>\n\t\t\t\t\t\t\t\t<li class=\"elementor-icon-list-item\">\n\t\t\t\t\t\t\t\t\t\t\t<span class=\"elementor-icon-list-icon\">\n\t\t\t\t\t\t\t<svg xmlns=\"http:\/\/www.w3.org\/2000\/svg\" width=\"32\" height=\"32\" viewBox=\"0 0 32 32\" fill=\"none\"><path d=\"M13.333 20.2295L25.589 7.97217L27.4757 9.8575L13.333 24.0002L4.84766 15.5148L6.73299 13.6295L13.333 20.2295Z\" fill=\"url(#paint0_linear_1077:3848)\"><\/path><defs><linearGradient id=\"paint0_linear_1077:3848\" x1=\"16.1617\" y1=\"7.97217\" x2=\"16.1617\" y2=\"24.0002\" gradientUnits=\"userSpaceOnUse\"><stop stop-color=\"#D2B480\"><\/stop><stop offset=\"1\" stop-color=\"#AC8A50\"><\/stop><\/linearGradient><\/defs><\/svg>\t\t\t\t\t\t<\/span>\n\t\t\t\t\t\t\t\t\t\t<span class=\"elementor-icon-list-text\">Plan de traitement et devis sur mesure<\/span>\n\t\t\t\t\t\t\t\t\t<\/li>\n\t\t\t\t\t\t\t\t<li class=\"elementor-icon-list-item\">\n\t\t\t\t\t\t\t\t\t\t\t<span class=\"elementor-icon-list-icon\">\n\t\t\t\t\t\t\t<svg xmlns=\"http:\/\/www.w3.org\/2000\/svg\" width=\"32\" height=\"32\" viewBox=\"0 0 32 32\" fill=\"none\"><path d=\"M13.333 20.2295L25.589 7.97217L27.4757 9.8575L13.333 24.0002L4.84766 15.5148L6.73299 13.6295L13.333 20.2295Z\" fill=\"url(#paint0_linear_1077:3848)\"><\/path><defs><linearGradient id=\"paint0_linear_1077:3848\" x1=\"16.1617\" y1=\"7.97217\" x2=\"16.1617\" y2=\"24.0002\" gradientUnits=\"userSpaceOnUse\"><stop stop-color=\"#D2B480\"><\/stop><stop offset=\"1\" stop-color=\"#AC8A50\"><\/stop><\/linearGradient><\/defs><\/svg>\t\t\t\t\t\t<\/span>\n\t\t\t\t\t\t\t\t\t\t<span class=\"elementor-icon-list-text\">Conseils honn\u00eates<\/span>\n\t\t\t\t\t\t\t\t\t<\/li>\n\t\t\t\t\t\t\t\t<li class=\"elementor-icon-list-item\">\n\t\t\t\t\t\t\t\t\t\t\t<span class=\"elementor-icon-list-icon\">\n\t\t\t\t\t\t\t<svg xmlns=\"http:\/\/www.w3.org\/2000\/svg\" width=\"32\" height=\"32\" viewBox=\"0 0 32 32\" fill=\"none\"><path d=\"M13.333 20.2295L25.589 7.97217L27.4757 9.8575L13.333 24.0002L4.84766 15.5148L6.73299 13.6295L13.333 20.2295Z\" fill=\"url(#paint0_linear_1077:3848)\"><\/path><defs><linearGradient id=\"paint0_linear_1077:3848\" x1=\"16.1617\" y1=\"7.97217\" x2=\"16.1617\" y2=\"24.0002\" gradientUnits=\"userSpaceOnUse\"><stop stop-color=\"#D2B480\"><\/stop><stop offset=\"1\" stop-color=\"#AC8A50\"><\/stop><\/linearGradient><\/defs><\/svg>\t\t\t\t\t\t<\/span>\n\t\t\t\t\t\t\t\t\t\t<span class=\"elementor-icon-list-text\">Prix abordables<\/span>\n\t\t\t\t\t\t\t\t\t<\/li>\n\t\t\t\t\t\t\t\t<li class=\"elementor-icon-list-item\">\n\t\t\t\t\t\t\t\t\t\t\t<span class=\"elementor-icon-list-icon\">\n\t\t\t\t\t\t\t<svg xmlns=\"http:\/\/www.w3.org\/2000\/svg\" width=\"32\" height=\"32\" viewBox=\"0 0 32 32\" fill=\"none\"><path d=\"M13.333 20.2295L25.589 7.97217L27.4757 9.8575L13.333 24.0002L4.84766 15.5148L6.73299 13.6295L13.333 20.2295Z\" fill=\"url(#paint0_linear_1077:3848)\"><\/path><defs><linearGradient id=\"paint0_linear_1077:3848\" x1=\"16.1617\" y1=\"7.97217\" x2=\"16.1617\" y2=\"24.0002\" gradientUnits=\"userSpaceOnUse\"><stop stop-color=\"#D2B480\"><\/stop><stop offset=\"1\" stop-color=\"#AC8A50\"><\/stop><\/linearGradient><\/defs><\/svg>\t\t\t\t\t\t<\/span>\n\t\t\t\t\t\t\t\t\t\t<span class=\"elementor-icon-list-text\">Plans de financement adapt\u00e9s \u00e0 tous les budgets<\/span>\n\t\t\t\t\t\t\t\t\t<\/li>\n\t\t\t\t\t\t<\/ul>\n\t\t\t\t\t\t<\/div>\n\t\t\t\t<\/div>\n\t\t\t\t<div class=\"elementor-element elementor-element-b4f040b elementor-widget elementor-widget-heading\" data-id=\"b4f040b\" data-element_type=\"widget\" data-widget_type=\"heading.default\">\n\t\t\t\t<div class=\"elementor-widget-container\">\n\t\t\t\t\t<h2 class=\"elementor-heading-title elementor-size-default\">Les clients qui nous choisissent nous recommandent chaleureusement <\/h2>\t\t\t\t<\/div>\n\t\t\t\t<\/div>\n\t\t\t\t<div class=\"elementor-element elementor-element-b4a0021 elementor-widget elementor-widget-image\" data-id=\"b4a0021\" data-element_type=\"widget\" data-widget_type=\"image.default\">\n\t\t\t\t<div class=\"elementor-widget-container\">\n\t\t\t\t\t\t\t\t\t\t\t\t\t\t\t<img fetchpriority=\"high\" decoding=\"async\" width=\"592\" height=\"480\" src=\"https:\/\/vincihairclinic.com\/wp-content\/uploads\/2021\/12\/Vinci-Hair-Clinic-Consultations.png\" class=\"attachment-large size-large wp-image-84221\" alt=\"Patient en consultation avec un sp\u00e9cialiste, discutant du plan de traitement combin\u00e9 de micropigmentation du cuir chevelu (MSP) et d&#039;extraction d&#039;unit\u00e9s folliculaires (FUE), soulignant les soins personnalis\u00e9s et une \u00e9valuation approfondie\" srcset=\"https:\/\/vincihairclinic.com\/wp-content\/uploads\/2021\/12\/Vinci-Hair-Clinic-Consultations.png 592w, https:\/\/vincihairclinic.com\/wp-content\/uploads\/2021\/12\/Vinci-Hair-Clinic-Consultations-300x243.png 300w\" sizes=\"(max-width: 592px) 100vw, 592px\" \/>\t\t\t\t\t\t\t\t\t\t\t\t\t\t\t<\/div>\n\t\t\t\t<\/div>\n\t\t\t\t\t<\/div>\n\t\t<\/div>\n\t\t\t\t<div class=\"elementor-column elementor-col-50 elementor-top-column elementor-element elementor-element-288959e\" data-id=\"288959e\" data-element_type=\"column\" data-settings=\"{&quot;background_background&quot;:&quot;classic&quot;}\">\n\t\t\t<div class=\"elementor-widget-wrap elementor-element-populated\">\n\t\t\t\t\t\t<div class=\"elementor-element elementor-element-85e2ff0 elementor-widget elementor-widget-heading\" data-id=\"85e2ff0\" data-element_type=\"widget\" data-widget_type=\"heading.default\">\n\t\t\t\t<div class=\"elementor-widget-container\">\n\t\t\t\t\t<h2 class=\"elementor-heading-title elementor-size-default\">Vous \u00eates unique! <b>Contactez Vinci Hair Clinic d\u00e8s aujourd'hui pour recevoir votre plan de traitement et votre estimation sur mesure.<\/b><\/h2>\t\t\t\t<\/div>\n\t\t\t\t<\/div>\n\t\t\t\t<div class=\"elementor-element elementor-element-4913028 elementor-button-align-stretch elementor-widget elementor-widget-form\" data-id=\"4913028\" data-element_type=\"widget\" data-settings=\"{&quot;step_next_label&quot;:&quot;Next&quot;,&quot;step_previous_label&quot;:&quot;Previous&quot;,&quot;button_width&quot;:&quot;100&quot;,&quot;step_type&quot;:&quot;number_text&quot;,&quot;step_icon_shape&quot;:&quot;circle&quot;}\" data-widget_type=\"form.default\">\n\t\t\t\t<div class=\"elementor-widget-container\">\n\t\t\t\t\t\t\t<form class=\"elementor-form\" method=\"post\" name=\"Website - EN - FORM - Page Contact Us\" aria-label=\"Website - EN - FORM - Page Contact Us\">\n\t\t\t<input type=\"hidden\" name=\"post_id\" value=\"85966\"\/>\n\t\t\t<input type=\"hidden\" name=\"form_id\" value=\"4913028\"\/>\n\t\t\t<input type=\"hidden\" name=\"referer_title\" value=\"\" \/>\n\n\t\t\t\n\t\t\t<div class=\"elementor-form-fields-wrapper elementor-labels-\">\n\t\t\t\t\t\t\t\t<div class=\"elementor-field-type-text elementor-field-group elementor-column elementor-field-group-field_4b752e7 elementor-col-100 elementor-field-required\">\n\t\t\t\t\t\t\t\t\t\t\t\t<label for=\"form-field-field_4b752e7\" class=\"elementor-field-label elementor-screen-only\">\n\t\t\t\t\t\t\t\tFirst Name\t\t\t\t\t\t\t<\/label>\n\t\t\t\t\t\t\t\t\t\t\t\t\t\t<input size=\"1\" type=\"text\" name=\"form_fields[field_4b752e7]\" id=\"form-field-field_4b752e7\" class=\"elementor-field elementor-size-sm  elementor-field-textual\" placeholder=\"Saisissez votre pr\u00e9nom\" required=\"required\">\n\t\t\t\t\t\t\t\t\t\t\t<\/div>\n\t\t\t\t\t\t\t\t<div class=\"elementor-field-type-email elementor-field-group elementor-column elementor-field-group-email elementor-col-100 elementor-field-required\">\n\t\t\t\t\t\t\t\t\t\t\t\t<label for=\"form-field-email\" class=\"elementor-field-label elementor-screen-only\">\n\t\t\t\t\t\t\t\tEmail\t\t\t\t\t\t\t<\/label>\n\t\t\t\t\t\t\t\t\t\t\t\t\t\t<input size=\"1\" type=\"email\" name=\"form_fields[email]\" id=\"form-field-email\" class=\"elementor-field elementor-size-sm  elementor-field-textual\" placeholder=\"Saisissez votre adresse de courriel\" required=\"required\">\n\t\t\t\t\t\t\t\t\t\t\t<\/div>\n\t\t\t\t\t\t\t\t<div class=\"elementor-field-type-text elementor-field-group elementor-column elementor-field-group-field_aae4289 elementor-col-100\">\n\t\t\t\t\t\t\t\t\t\t\t\t<label for=\"form-field-field_aae4289\" class=\"elementor-field-label elementor-screen-only\">\n\t\t\t\t\t\t\t\tPhone number\t\t\t\t\t\t\t<\/label>\n\t\t\t\t\t\t\t\t\t\t\t\t\t\t<input size=\"1\" type=\"text\" name=\"form_fields[field_aae4289]\" id=\"form-field-field_aae4289\" class=\"elementor-field elementor-size-sm  elementor-field-textual\" placeholder=\"Saisissez votre num\u00e9ro de t\u00e9l\u00e9phone\">\n\t\t\t\t\t\t\t\t\t\t\t<\/div>\n\t\t\t\t\t\t\t\t<div class=\"elementor-field-type-select elementor-field-group elementor-column elementor-field-group-name elementor-col-100 elementor-field-required\">\n\t\t\t\t\t\t\t\t\t\t\t\t<label for=\"form-field-name\" class=\"elementor-field-label elementor-screen-only\">\n\t\t\t\t\t\t\t\tPreferred clinic\t\t\t\t\t\t\t<\/label>\n\t\t\t\t\t\t\t\t<div class=\"elementor-field elementor-select-wrapper remove-before \">\n\t\t\t<div class=\"select-caret-down-wrapper\">\n\t\t\t\t<i aria-hidden=\"true\" class=\"eicon-caret-down\"><\/i>\t\t\t<\/div>\n\t\t\t<select name=\"form_fields[name]\" id=\"form-field-name\" class=\"elementor-field-textual elementor-size-sm\" required=\"required\">\n\t\t\t\t\t\t\t\t\t<option value=\"\">*S\u00e9lectionnez votre clinique pr\u00e9f\u00e9r\u00e9e*<\/option>\n\t\t\t\t\t\t\t\t\t<option value=\"Aberdeen, UK\">Aberdeen, UK<\/option>\n\t\t\t\t\t\t\t\t\t<option value=\"Belfast, UK\">Belfast, UK<\/option>\n\t\t\t\t\t\t\t\t\t<option value=\"Birmingham, UK\">Birmingham, UK<\/option>\n\t\t\t\t\t\t\t\t\t<option value=\"Bristol, UK\">Bristol, UK<\/option>\n\t\t\t\t\t\t\t\t\t<option value=\"Cambridge, UK\">Cambridge, UK<\/option>\n\t\t\t\t\t\t\t\t\t<option value=\"Cardiff, UK\">Cardiff, UK<\/option>\n\t\t\t\t\t\t\t\t\t<option value=\"Edinburgh, UK\">Edinburgh, UK<\/option>\n\t\t\t\t\t\t\t\t\t<option value=\"Glasgow, UK\">Glasgow, UK<\/option>\n\t\t\t\t\t\t\t\t\t<option value=\"Leeds, UK\">Leeds, UK<\/option>\n\t\t\t\t\t\t\t\t\t<option value=\"London, UK\">London, UK<\/option>\n\t\t\t\t\t\t\t\t\t<option value=\"Manchester, UK\">Manchester, UK<\/option>\n\t\t\t\t\t\t\t\t\t<option value=\"Newcastle, UK\">Newcastle, UK<\/option>\n\t\t\t\t\t\t\t\t\t<option value=\"Sheffield, UK\">Sheffield, UK<\/option>\n\t\t\t\t\t\t\t\t\t<option value=\"Southampton, UK\">Southampton, UK<\/option>\n\t\t\t\t\t\t\t\t\t<option value=\"Madrid, Spain\">Madrid, Spain<\/option>\n\t\t\t\t\t\t\t\t\t<option value=\"Malaga, Spain\">Malaga, Spain<\/option>\n\t\t\t\t\t\t\t\t\t<option value=\"Dublin, Ireland\">Dublin, Ireland<\/option>\n\t\t\t\t\t\t\t\t\t<option value=\"Dubai, UAE\">Dubai, UAE<\/option>\n\t\t\t\t\t\t\t\t\t<option value=\"Bras\u00edlia - Distrito Federal, Brazil \">Bras\u00edlia - Distrito Federal, Brazil <\/option>\n\t\t\t\t\t\t\t\t\t<option value=\"Santa Catarina - Itaja\u00ed, Brazil\">Santa Catarina - Itaja\u00ed, Brazil<\/option>\n\t\t\t\t\t\t\t\t\t<option value=\"Sao Paulo - Alphaville, Brazil\">Sao Paulo - Alphaville, Brazil<\/option>\n\t\t\t\t\t\t\t\t\t<option value=\"Sao Paulo - Vila Ol\u00edmpia, Brazil\">Sao Paulo - Vila Ol\u00edmpia, Brazil<\/option>\n\t\t\t\t\t\t\t\t\t<option value=\"Sao Paulo - Ribeir\u00e3o Preto, Brazil\">Sao Paulo - Ribeir\u00e3o Preto, Brazil<\/option>\n\t\t\t\t\t\t\t\t\t<option value=\"Rio de Janeiro, Brazil\">Rio de Janeiro, Brazil<\/option>\n\t\t\t\t\t\t\t\t\t<option value=\"Parana - Foz do Igua\u00e7u, Brazil\">Parana - Foz do Igua\u00e7u, Brazil<\/option>\n\t\t\t\t\t\t\t\t\t<option value=\"Abuja, Nigeria\">Abuja, Nigeria<\/option>\n\t\t\t\t\t\t\t\t\t<option value=\"Lagos, Nigeria\">Lagos, Nigeria<\/option>\n\t\t\t\t\t\t\t\t\t<option value=\"Accra, Ghana\">Accra, Ghana<\/option>\n\t\t\t\t\t\t\t\t\t<option value=\"Miami, USA\">Miami, USA<\/option>\n\t\t\t\t\t\t\t<\/select>\n\t\t<\/div>\n\t\t\t\t\t\t<\/div>\n\t\t\t\t\t\t\t\t<div class=\"elementor-field-type-select elementor-field-group elementor-column elementor-field-group-field_11d64d5 elementor-col-100 elementor-field-required\">\n\t\t\t\t\t\t\t\t\t\t\t\t<label for=\"form-field-field_11d64d5\" class=\"elementor-field-label elementor-screen-only\">\n\t\t\t\t\t\t\t\tSelect your procedure of interest:\t\t\t\t\t\t\t<\/label>\n\t\t\t\t\t\t\t\t<div class=\"elementor-field elementor-select-wrapper remove-before \">\n\t\t\t<div class=\"select-caret-down-wrapper\">\n\t\t\t\t<i aria-hidden=\"true\" class=\"eicon-caret-down\"><\/i>\t\t\t<\/div>\n\t\t\t<select name=\"form_fields[field_11d64d5]\" id=\"form-field-field_11d64d5\" class=\"elementor-field-textual elementor-size-sm\" required=\"required\">\n\t\t\t\t\t\t\t\t\t<option value=\"\">*Choisissez la proc\u00e9dure qui vous int\u00e9resse*<\/option>\n\t\t\t\t\t\t\t\t\t<option value=\"Greffe de cheveux\">Greffe de cheveux<\/option>\n\t\t\t\t\t\t\t\t\t<option value=\"Dermopigmentation du cuir chevelu (MSP)\">Dermopigmentation du cuir chevelu (MSP)<\/option>\n\t\t\t\t\t\t\t\t\t<option value=\"Traitement m\u00e9dical\">Traitement m\u00e9dical<\/option>\n\t\t\t\t\t\t\t\t\t<option value=\"Laser Cap\">Laser Cap<\/option>\n\t\t\t\t\t\t\t\t\t<option value=\"Autre \/ Je ne sais pas\">Autre \/ Je ne sais pas<\/option>\n\t\t\t\t\t\t\t<\/select>\n\t\t<\/div>\n\t\t\t\t\t\t<\/div>\n\t\t\t\t\t\t\t\t<div class=\"elementor-field-type-hidden elementor-field-group elementor-column elementor-field-group-utm_campaign elementor-col-100\">\n\t\t\t\t\t\t\t\t\t\t\t\t\t<input size=\"1\" type=\"hidden\" name=\"form_fields[utm_campaign]\" id=\"form-field-utm_campaign\" class=\"elementor-field elementor-size-sm  elementor-field-textual\">\n\t\t\t\t\t\t\t\t\t\t\t<\/div>\n\t\t\t\t\t\t\t\t<div class=\"elementor-field-type-hidden elementor-field-group elementor-column elementor-field-group-utm_content elementor-col-100\">\n\t\t\t\t\t\t\t\t\t\t\t\t\t<input size=\"1\" type=\"hidden\" name=\"form_fields[utm_content]\" id=\"form-field-utm_content\" class=\"elementor-field elementor-size-sm  elementor-field-textual\">\n\t\t\t\t\t\t\t\t\t\t\t<\/div>\n\t\t\t\t\t\t\t\t<div class=\"elementor-field-type-hidden elementor-field-group elementor-column elementor-field-group-utm_source elementor-col-100\">\n\t\t\t\t\t\t\t\t\t\t\t\t\t<input size=\"1\" type=\"hidden\" name=\"form_fields[utm_source]\" id=\"form-field-utm_source\" class=\"elementor-field elementor-size-sm  elementor-field-textual\">\n\t\t\t\t\t\t\t\t\t\t\t<\/div>\n\t\t\t\t\t\t\t\t<div class=\"elementor-field-type-hidden elementor-field-group elementor-column elementor-field-group-utm_term elementor-col-100\">\n\t\t\t\t\t\t\t\t\t\t\t\t\t<input size=\"1\" type=\"hidden\" name=\"form_fields[utm_term]\" id=\"form-field-utm_term\" class=\"elementor-field elementor-size-sm  elementor-field-textual\">\n\t\t\t\t\t\t\t\t\t\t\t<\/div>\n\t\t\t\t\t\t\t\t<div class=\"elementor-field-type-hidden elementor-field-group elementor-column elementor-field-group-utm_medium elementor-col-100\">\n\t\t\t\t\t\t\t\t\t\t\t\t\t<input size=\"1\" type=\"hidden\" name=\"form_fields[utm_medium]\" id=\"form-field-utm_medium\" class=\"elementor-field elementor-size-sm  elementor-field-textual\">\n\t\t\t\t\t\t\t\t\t\t\t<\/div>\n\t\t\t\t\t\t\t\t<div class=\"elementor-field-type-hidden elementor-field-group elementor-column elementor-field-group-website elementor-col-100\">\n\t\t\t\t\t\t\t\t\t\t\t\t\t<input size=\"1\" type=\"hidden\" name=\"form_fields[website]\" id=\"form-field-website\" class=\"elementor-field elementor-size-sm  elementor-field-textual\">\n\t\t\t\t\t\t\t\t\t\t\t<\/div>\n\t\t\t\t\t\t\t\t<div class=\"elementor-field-type-hidden elementor-field-group elementor-column elementor-field-group-date elementor-col-100\">\n\t\t\t\t\t\t\t\t\t\t\t\t\t<input size=\"1\" type=\"hidden\" name=\"form_fields[date]\" id=\"form-field-date\" class=\"elementor-field elementor-size-sm  elementor-field-textual\" value=\"26 avril 2026 12:58 am\">\n\t\t\t\t\t\t\t\t\t\t\t<\/div>\n\t\t\t\t\t\t\t\t<div class=\"elementor-field-type-recaptcha elementor-field-group elementor-column elementor-field-group-field_a0071d5 elementor-col-100\">\n\t\t\t\t\t<div class=\"elementor-field\" id=\"form-field-field_a0071d5\"><div class=\"elementor-g-recaptcha\" data-sitekey=\"6LdfWIodAAAAAIdMfA_v3liYKRsY3DnZ9KPUBTPY\" data-type=\"v2_checkbox\" data-theme=\"light\" data-size=\"normal\"><\/div><\/div>\t\t\t\t<\/div>\n\t\t\t\t\t\t\t\t<div class=\"elementor-field-group elementor-column elementor-field-type-submit elementor-col-100 e-form__buttons\">\n\t\t\t\t\t<button class=\"elementor-button elementor-size-sm\" type=\"submit\">\n\t\t\t\t\t\t<span class=\"elementor-button-content-wrapper\">\n\t\t\t\t\t\t\t\t\t\t\t\t\t\t\t\t\t\t\t\t\t\t<span class=\"elementor-button-text\">ENVOYER LE FORMULAIRE<\/span>\n\t\t\t\t\t\t\t\t\t\t\t\t\t<\/span>\n\t\t\t\t\t<\/button>\n\t\t\t\t<\/div>\n\t\t\t<\/div>\n\t\t<\/form>\n\t\t\t\t\t\t<\/div>\n\t\t\t\t<\/div>\n\t\t\t\t\t<\/div>\n\t\t<\/div>\n\t\t\t\t\t<\/div>\n\t\t<\/section>\n\t\t<div class=\"elementor-element elementor-element-8e5050d e-flex e-con-boxed e-con e-parent\" data-id=\"8e5050d\" data-element_type=\"container\">\n\t\t\t\t\t<div class=\"e-con-inner\">\n\t\t\t\t\t<\/div>\n\t\t\t\t<\/div>\n\t\t\t\t<\/div>\n\t\t","protected":false},"excerpt":{"rendered":"<p>Contactez-nous Il n&rsquo;existe pas deux patients identiques. Vous \u00eates unique et nous vous traiterons comme tel, en concevant un plan de traitement et un devis sur mesure en fonction de vos besoins. Pour prendre rendez-vous, remplissez vos informations personnelles et l&rsquo;un de nos conseillers vous recontactera afin de vous guider dans les premi\u00e8res \u00e9tapes de [&hellip;]<\/p>\n","protected":false},"author":2,"featured_media":0,"parent":0,"menu_order":0,"comment_status":"closed","ping_status":"closed","template":"elementor_header_footer","meta":{"footnotes":""},"class_list":["post-85966","page","type-page","status-publish","hentry"],"_links":{"self":[{"href":"https:\/\/vincihairclinic.com\/fr\/wp-json\/wp\/v2\/pages\/85966","targetHints":{"allow":["GET"]}}],"collection":[{"href":"https:\/\/vincihairclinic.com\/fr\/wp-json\/wp\/v2\/pages"}],"about":[{"href":"https:\/\/vincihairclinic.com\/fr\/wp-json\/wp\/v2\/types\/page"}],"author":[{"embeddable":true,"href":"https:\/\/vincihairclinic.com\/fr\/wp-json\/wp\/v2\/users\/2"}],"replies":[{"embeddable":true,"href":"https:\/\/vincihairclinic.com\/fr\/wp-json\/wp\/v2\/comments?post=85966"}],"version-history":[{"count":0,"href":"https:\/\/vincihairclinic.com\/fr\/wp-json\/wp\/v2\/pages\/85966\/revisions"}],"wp:attachment":[{"href":"https:\/\/vincihairclinic.com\/fr\/wp-json\/wp\/v2\/media?parent=85966"}],"curies":[{"name":"wp","href":"https:\/\/api.w.org\/{rel}","templated":true}]}}