{"id":112522,"date":"2022-09-21T02:06:34","date_gmt":"2022-09-21T02:06:34","guid":{"rendered":"http:\/\/vincihairclinic.com\/thor-bjornsson\/"},"modified":"2022-09-22T02:16:03","modified_gmt":"2022-09-22T02:16:03","slug":"thor-bjornsson","status":"publish","type":"page","link":"https:\/\/vincihairclinic.com\/fr\/thor-bjornsson\/","title":{"rendered":"Thor Bjornsson"},"content":{"rendered":"\t\t<div data-elementor-type=\"wp-page\" data-elementor-id=\"112522\" class=\"elementor elementor-112522 elementor-112447\" data-elementor-settings=\"{&quot;ha_cmc_init_switcher&quot;:&quot;no&quot;}\" data-elementor-post-type=\"page\">\n\t\t\t\t\t\t<section class=\"elementor-section elementor-top-section elementor-element elementor-element-5e17ae0 elementor-section-stretched elementor-hidden-tablet elementor-hidden-phone elementor-section-boxed elementor-section-height-default elementor-section-height-default\" data-id=\"5e17ae0\" data-element_type=\"section\" data-settings=\"{&quot;stretch_section&quot;:&quot;section-stretched&quot;}\">\n\t\t\t\t\t\t<div class=\"elementor-container elementor-column-gap-default\">\n\t\t\t\t\t<div class=\"elementor-column elementor-col-50 elementor-top-column elementor-element elementor-element-9ee9494\" data-id=\"9ee9494\" data-element_type=\"column\">\n\t\t\t<div class=\"elementor-widget-wrap elementor-element-populated\">\n\t\t\t\t\t\t<div class=\"elementor-element elementor-element-f0b46a6 elementor-widget elementor-widget-heading\" data-id=\"f0b46a6\" data-element_type=\"widget\" data-widget_type=\"heading.default\">\n\t\t\t\t<div class=\"elementor-widget-container\">\n\t\t\t\t\t<h2 class=\"elementor-heading-title elementor-size-default\">Vinci et La montagne : L'acteur de Game of Thrones se fait greffer des cheveux \u00e0 la <b>Vinci Hair Clinic<\/b><\/h2>\t\t\t\t<\/div>\n\t\t\t\t<\/div>\n\t\t\t\t<div class=\"elementor-element elementor-element-66543e1 elementor-widget elementor-widget-heading\" data-id=\"66543e1\" data-element_type=\"widget\" data-widget_type=\"heading.default\">\n\t\t\t\t<div class=\"elementor-widget-container\">\n\t\t\t\t\t<h2 class=\"elementor-heading-title elementor-size-default\">L'acteur islandais Hafthor Bjornsson est surtout connu pour son r\u00f4le de Gregor Clegane ou \u00ab La montagne \u00bb dans la s\u00e9rie populaire \u00ab Game of Thrones \u00bb, mais il a de nombreuses autres apparitions \u00e0 son actif. Il a jou\u00e9 dans \u00ab Kickboxer : L'H\u00e9ritage \u00bb aux c\u00f4t\u00e9s de Jean-Claude Van Damme, Mike Tyson et Christopher Lambert. Il a \u00e9galement \u00e9t\u00e9 la premi\u00e8re personne \u00e0 remporter les titres d'homme le plus fort du monde, d'homme le plus fort d'Europe et l'Arnold Strongman Classic la m\u00eame ann\u00e9e. En 2018, Hafthor a aussi pris le temps de se faire greffer des cheveux pour retrouver sa chevelure perdue.<br \/><br \/>\n\nPour expliquer pourquoi il a opt\u00e9 pour un traitement de restauration capillaire, Hafthor a d\u00e9clar\u00e9 : \u00ab C'est une chose \u00e0 laquelle je pensais depuis un certain temps. J'ai commenc\u00e9 \u00e0 voir ma ligne de cheveux reculer vers l'\u00e2ge de vingt ans, et cela n'a fait qu'empirer. \u00bb Quelqu'un lui a recommand\u00e9 la clinique Vinci de Harley Street. Hafthor s'est renseign\u00e9 et a \u00e9t\u00e9 s\u00e9duit par ce qu'il a vu. \u00ab J'ai choisi de faire une proc\u00e9dure d'extraction d'unit\u00e9s folliculaires (FUE) avec Vinci, et je suis vraiment content de l'avoir fait \u00bb.\n<\/h2>\t\t\t\t<\/div>\n\t\t\t\t<\/div>\n\t\t\t\t\t<\/div>\n\t\t<\/div>\n\t\t\t\t<div class=\"elementor-column elementor-col-50 elementor-top-column elementor-element elementor-element-b4dbc02\" data-id=\"b4dbc02\" data-element_type=\"column\">\n\t\t\t<div class=\"elementor-widget-wrap elementor-element-populated\">\n\t\t\t\t\t\t<div class=\"elementor-element elementor-element-6a15681 elementor-widget elementor-widget-image\" data-id=\"6a15681\" data-element_type=\"widget\" data-widget_type=\"image.default\">\n\t\t\t\t<div class=\"elementor-widget-container\">\n\t\t\t\t\t\t\t\t\t\t\t\t\t\t\t<img fetchpriority=\"high\" decoding=\"async\" width=\"1740\" height=\"2218\" src=\"https:\/\/vincihairclinic.com\/wp-content\/uploads\/2022\/09\/Hafthor-Bjornsson-The-Mountain-Red-Carpet-ret.jpg\" class=\"attachment-full size-full wp-image-112469\" alt=\"\" srcset=\"https:\/\/vincihairclinic.com\/wp-content\/uploads\/2022\/09\/Hafthor-Bjornsson-The-Mountain-Red-Carpet-ret.jpg 1740w, https:\/\/vincihairclinic.com\/wp-content\/uploads\/2022\/09\/Hafthor-Bjornsson-The-Mountain-Red-Carpet-ret-235x300.jpg 235w, https:\/\/vincihairclinic.com\/wp-content\/uploads\/2022\/09\/Hafthor-Bjornsson-The-Mountain-Red-Carpet-ret-803x1024.jpg 803w, https:\/\/vincihairclinic.com\/wp-content\/uploads\/2022\/09\/Hafthor-Bjornsson-The-Mountain-Red-Carpet-ret-768x979.jpg 768w, https:\/\/vincihairclinic.com\/wp-content\/uploads\/2022\/09\/Hafthor-Bjornsson-The-Mountain-Red-Carpet-ret-1205x1536.jpg 1205w, https:\/\/vincihairclinic.com\/wp-content\/uploads\/2022\/09\/Hafthor-Bjornsson-The-Mountain-Red-Carpet-ret-1607x2048.jpg 1607w\" sizes=\"(max-width: 1740px) 100vw, 1740px\" \/>\t\t\t\t\t\t\t\t\t\t\t\t\t\t\t<\/div>\n\t\t\t\t<\/div>\n\t\t\t\t\t<\/div>\n\t\t<\/div>\n\t\t\t\t\t<\/div>\n\t\t<\/section>\n\t\t\t\t<section class=\"elementor-section elementor-top-section elementor-element elementor-element-7d8460b elementor-section-stretched elementor-hidden-tablet elementor-hidden-phone elementor-section-boxed elementor-section-height-default elementor-section-height-default\" data-id=\"7d8460b\" data-element_type=\"section\" data-settings=\"{&quot;stretch_section&quot;:&quot;section-stretched&quot;}\">\n\t\t\t\t\t\t<div class=\"elementor-container elementor-column-gap-default\">\n\t\t\t\t\t<div class=\"elementor-column elementor-col-50 elementor-top-column elementor-element elementor-element-d5f2f1d\" data-id=\"d5f2f1d\" data-element_type=\"column\">\n\t\t\t<div class=\"elementor-widget-wrap elementor-element-populated\">\n\t\t\t\t\t\t<div class=\"elementor-element elementor-element-cf067ec elementor-widget elementor-widget-image\" data-id=\"cf067ec\" data-element_type=\"widget\" data-widget_type=\"image.default\">\n\t\t\t\t<div class=\"elementor-widget-container\">\n\t\t\t\t\t\t\t\t\t\t\t\t\t\t\t<img decoding=\"async\" width=\"900\" height=\"600\" src=\"https:\/\/vincihairclinic.com\/wp-content\/uploads\/2022\/09\/Thor-before.png\" class=\"attachment-full size-full wp-image-112464\" alt=\"\" srcset=\"https:\/\/vincihairclinic.com\/wp-content\/uploads\/2022\/09\/Thor-before.png 900w, https:\/\/vincihairclinic.com\/wp-content\/uploads\/2022\/09\/Thor-before-300x200.png 300w, https:\/\/vincihairclinic.com\/wp-content\/uploads\/2022\/09\/Thor-before-768x512.png 768w\" sizes=\"(max-width: 900px) 100vw, 900px\" \/>\t\t\t\t\t\t\t\t\t\t\t\t\t\t\t<\/div>\n\t\t\t\t<\/div>\n\t\t\t\t\t<\/div>\n\t\t<\/div>\n\t\t\t\t<div class=\"elementor-column elementor-col-50 elementor-top-column elementor-element elementor-element-cdd65da\" data-id=\"cdd65da\" data-element_type=\"column\">\n\t\t\t<div class=\"elementor-widget-wrap elementor-element-populated\">\n\t\t\t\t\t\t<div class=\"elementor-element elementor-element-062b44b elementor-widget elementor-widget-heading\" data-id=\"062b44b\" data-element_type=\"widget\" data-widget_type=\"heading.default\">\n\t\t\t\t<div class=\"elementor-widget-container\">\n\t\t\t\t\t<h2 class=\"elementor-heading-title elementor-size-default\">La transplantation capillaire FUE est de plus en plus populaire chez les hommes qui perdent leurs cheveux. L'avantage qu'elle pr\u00e9sente par rapport aux m\u00e9thodes plus traditionnelles est qu'elle ne laisse pas de cicatrice lin\u00e9aire \u00e0 l'arri\u00e8re de la t\u00eate. Le footballeur Wayne Rooney a b\u00e9n\u00e9fici\u00e9 d'une proc\u00e9dure similaire il y a quelques ann\u00e9es, et de nombreuses autres c\u00e9l\u00e9brit\u00e9s ont suivi son exemple. Depuis, la demande de greffes de cheveux est mont\u00e9e en fl\u00e8che. En 2021, 703 183 interventions chirurgicales de restauration capillaire ont \u00e9t\u00e9 r\u00e9alis\u00e9es dans le monde, selon les statistiques de <a href=\"https:\/\/ishrs.org\/\" style=\"font-weight:700;color:#D2B480\" target=\"_blank\" rel=\"noopener\">l'International Society of Hair Restoration Surgery.<\/a><br \/><br \/>\n\nLe PDG de la Vinci Hair Clinic, Salvar Bjornsson, a expliqu\u00e9 que la stigmatisation qui s'attachait autrefois aux hommes ayant recours \u00e0 la greffe de cheveux est beaucoup moins importante aujourd'hui. \u00ab\u00a0Il y a dix ans, les gens avaient des informations tr\u00e8s limit\u00e9es et \u00e9taient souvent mal inform\u00e9s sur les greffes de cheveux. Ils ne se rendaient pas compte que les cheveux transplant\u00e9s \u00e9taient les leurs, qu'ils poussaient naturellement et qu'ils \u00e9taient permanents. La proc\u00e9dure \u00e9tait entour\u00e9e d'un certain myst\u00e8re, ce qui dissuadait les gens d'y avoir recours. Aujourd'hui, se faire restaurer les cheveux est comparable \u00e0 se faire soigner les dents.\u00a0\u00bb<\/h2>\t\t\t\t<\/div>\n\t\t\t\t<\/div>\n\t\t\t\t\t<\/div>\n\t\t<\/div>\n\t\t\t\t\t<\/div>\n\t\t<\/section>\n\t\t\t\t<section class=\"elementor-section elementor-top-section elementor-element elementor-element-4d421d9 elementor-section-stretched elementor-hidden-tablet elementor-hidden-phone elementor-section-boxed elementor-section-height-default elementor-section-height-default\" data-id=\"4d421d9\" data-element_type=\"section\" data-settings=\"{&quot;stretch_section&quot;:&quot;section-stretched&quot;}\">\n\t\t\t\t\t\t<div class=\"elementor-container elementor-column-gap-default\">\n\t\t\t\t\t<div class=\"elementor-column elementor-col-50 elementor-top-column elementor-element elementor-element-4992fcf\" data-id=\"4992fcf\" data-element_type=\"column\">\n\t\t\t<div class=\"elementor-widget-wrap elementor-element-populated\">\n\t\t\t\t\t\t<div class=\"elementor-element elementor-element-99779d2 elementor-widget elementor-widget-heading\" data-id=\"99779d2\" data-element_type=\"widget\" data-widget_type=\"heading.default\">\n\t\t\t\t<div class=\"elementor-widget-container\">\n\t\t\t\t\t<h2 class=\"elementor-heading-title elementor-size-default\">Mesurant 206 cm et pesant 190 kg, Hafthor a pos\u00e9 quelques probl\u00e8mes \u00e0 l'\u00e9quipe m\u00e9dicale de Vinci. La chaise chirurgicale standard de la clinique de Harley Street n'\u00e9tait pas assez solide pour le soutenir, ils ont donc fait venir une chaise qui lui permettait de s'asseoir confortablement et en toute s\u00e9curit\u00e9 pendant les huit heures d'intervention. Le deuxi\u00e8me probl\u00e8me \u00e9tait li\u00e9 \u00e0 la difficult\u00e9 de placer les greffes en raison de sa grande taille. Ce probl\u00e8me a \u00e9t\u00e9 r\u00e9solu en installant des marches pour permettre \u00e0 l'\u00e9quipe m\u00e9dicale d'atteindre la racine de ses cheveux. Il \u00e9tait \u00e9galement important de s'adapter aux exigences alimentaires de Hafthor ; il mange 250 g de viande et 300 g de pommes de terre toutes les deux heures pour entretenir sa force.<br \/><br \/>\n\n\n\nM. Bjornsson indique que cela a \u00e9t\u00e9 un plaisir pour l'\u00e9quipe de Vinci de travailler sur l'homme le plus fort du monde. \u00ab Le personnel de Vinci est habitu\u00e9 \u00e0 prendre soin des besoins uniques de nos clients. Nous veillons \u00e0 ce que les clients se sentent en s\u00e9curit\u00e9 et \u00e0 l'aise \u00e0 chaque \u00e9tape du processus. Nous comprenons que la greffe de cheveux est un moment important dans leur vie, quelque chose qu'ils attendent depuis des ann\u00e9es, voire des d\u00e9cennies. Nous traitons chaque personne comme un VIP, qu'elle soit c\u00e9l\u00e8bre ou non. \u00bb<br \/><br \/>\n\n\n\nApr\u00e8s l'op\u00e9ration, Hafthor a d\u00e9clar\u00e9 : \u00ab Je suis vraiment content des r\u00e9sultats. Ma nouvelle ligne de cheveux est fantastique. L'\u00e9quipe de la Vinci Hair Clinic a \u00e9t\u00e9 formidable tout au long de l'op\u00e9ration. Ils ont pris soin de moi pendant la proc\u00e9dure, et c'\u00e9tait beaucoup plus facile que je ne l'avais imagin\u00e9. \u00bb Il conclut en riant : \u00ab Peut-\u00eatre que je deviendrai mannequin quand j'aurai retrouv\u00e9 mes cheveux ! \u00bb.\n<\/h2>\t\t\t\t<\/div>\n\t\t\t\t<\/div>\n\t\t\t\t\t<\/div>\n\t\t<\/div>\n\t\t\t\t<div class=\"elementor-column elementor-col-50 elementor-top-column elementor-element elementor-element-a5d0c6f\" data-id=\"a5d0c6f\" data-element_type=\"column\">\n\t\t\t<div class=\"elementor-widget-wrap elementor-element-populated\">\n\t\t\t\t\t\t<div class=\"elementor-element elementor-element-ef4b27a elementor-widget elementor-widget-image\" data-id=\"ef4b27a\" data-element_type=\"widget\" data-widget_type=\"image.default\">\n\t\t\t\t<div class=\"elementor-widget-container\">\n\t\t\t\t\t\t\t\t\t\t\t\t\t\t\t<img decoding=\"async\" width=\"2160\" height=\"2160\" src=\"https:\/\/vincihairclinic.com\/wp-content\/uploads\/2022\/09\/Vinci-HT-Hafthor-The-Mountain.jpg\" class=\"attachment-full size-full wp-image-112459\" alt=\"\" srcset=\"https:\/\/vincihairclinic.com\/wp-content\/uploads\/2022\/09\/Vinci-HT-Hafthor-The-Mountain.jpg 2160w, https:\/\/vincihairclinic.com\/wp-content\/uploads\/2022\/09\/Vinci-HT-Hafthor-The-Mountain-300x300.jpg 300w, https:\/\/vincihairclinic.com\/wp-content\/uploads\/2022\/09\/Vinci-HT-Hafthor-The-Mountain-1024x1024.jpg 1024w, https:\/\/vincihairclinic.com\/wp-content\/uploads\/2022\/09\/Vinci-HT-Hafthor-The-Mountain-150x150.jpg 150w, https:\/\/vincihairclinic.com\/wp-content\/uploads\/2022\/09\/Vinci-HT-Hafthor-The-Mountain-768x768.jpg 768w, https:\/\/vincihairclinic.com\/wp-content\/uploads\/2022\/09\/Vinci-HT-Hafthor-The-Mountain-1536x1536.jpg 1536w, https:\/\/vincihairclinic.com\/wp-content\/uploads\/2022\/09\/Vinci-HT-Hafthor-The-Mountain-2048x2048.jpg 2048w\" sizes=\"(max-width: 2160px) 100vw, 2160px\" \/>\t\t\t\t\t\t\t\t\t\t\t\t\t\t\t<\/div>\n\t\t\t\t<\/div>\n\t\t\t\t\t<\/div>\n\t\t<\/div>\n\t\t\t\t\t<\/div>\n\t\t<\/section>\n\t\t\t\t<section class=\"elementor-section elementor-top-section elementor-element elementor-element-777b603 elementor-section-stretched elementor-hidden-desktop elementor-section-boxed elementor-section-height-default elementor-section-height-default\" data-id=\"777b603\" data-element_type=\"section\" data-settings=\"{&quot;stretch_section&quot;:&quot;section-stretched&quot;}\">\n\t\t\t\t\t\t<div class=\"elementor-container elementor-column-gap-default\">\n\t\t\t\t\t<div class=\"elementor-column elementor-col-100 elementor-top-column elementor-element elementor-element-ac2acfd\" data-id=\"ac2acfd\" data-element_type=\"column\">\n\t\t\t<div class=\"elementor-widget-wrap elementor-element-populated\">\n\t\t\t\t\t\t<div class=\"elementor-element elementor-element-a9929ba elementor-widget elementor-widget-heading\" data-id=\"a9929ba\" data-element_type=\"widget\" data-widget_type=\"heading.default\">\n\t\t\t\t<div class=\"elementor-widget-container\">\n\t\t\t\t\t<h2 class=\"elementor-heading-title elementor-size-default\">Vinci et La montagne : L'acteur de Game of Thrones se fait greffer des cheveux \u00e0 la <b>Vinci Hair Clinic<\/b><\/h2>\t\t\t\t<\/div>\n\t\t\t\t<\/div>\n\t\t\t\t<div class=\"elementor-element elementor-element-13b2bf2 elementor-widget elementor-widget-heading\" data-id=\"13b2bf2\" data-element_type=\"widget\" data-widget_type=\"heading.default\">\n\t\t\t\t<div class=\"elementor-widget-container\">\n\t\t\t\t\t<h2 class=\"elementor-heading-title elementor-size-default\">L'acteur islandais Hafthor Bjornsson est surtout connu pour son r\u00f4le de Gregor Clegane ou \u00ab La montagne \u00bb dans la s\u00e9rie populaire \u00ab Game of Thrones \u00bb, mais il a de nombreuses autres apparitions \u00e0 son actif. Il a jou\u00e9 dans \u00ab Kickboxer : L'H\u00e9ritage \u00bb aux c\u00f4t\u00e9s de Jean-Claude Van Damme, Mike Tyson et Christopher Lambert. Il a \u00e9galement \u00e9t\u00e9 la premi\u00e8re personne \u00e0 remporter les titres d'homme le plus fort du monde, d'homme le plus fort d'Europe et l'Arnold Strongman Classic la m\u00eame ann\u00e9e. En 2018, Hafthor a aussi pris le temps de se faire greffer des cheveux pour retrouver sa chevelure perdue.<br \/><br \/>\n\nPour expliquer pourquoi il a opt\u00e9 pour un traitement de restauration capillaire, Hafthor a d\u00e9clar\u00e9 : \u00ab C'est une chose \u00e0 laquelle je pensais depuis un certain temps. J'ai commenc\u00e9 \u00e0 voir ma ligne de cheveux reculer vers l'\u00e2ge de vingt ans, et cela n'a fait qu'empirer. \u00bb Quelqu'un lui a recommand\u00e9 la clinique Vinci de Harley Street. Hafthor s'est renseign\u00e9 et a \u00e9t\u00e9 s\u00e9duit par ce qu'il a vu. \u00ab J'ai choisi de faire une proc\u00e9dure d'extraction d'unit\u00e9s folliculaires (FUE) avec Vinci, et je suis vraiment content de l'avoir fait \u00bb.\n<\/h2>\t\t\t\t<\/div>\n\t\t\t\t<\/div>\n\t\t\t\t<div class=\"elementor-element elementor-element-a33cbcb elementor-widget elementor-widget-image\" data-id=\"a33cbcb\" data-element_type=\"widget\" data-widget_type=\"image.default\">\n\t\t\t\t<div class=\"elementor-widget-container\">\n\t\t\t\t\t\t\t\t\t\t\t\t\t\t\t<img fetchpriority=\"high\" decoding=\"async\" width=\"1740\" height=\"2218\" src=\"https:\/\/vincihairclinic.com\/wp-content\/uploads\/2022\/09\/Hafthor-Bjornsson-The-Mountain-Red-Carpet-ret.jpg\" class=\"attachment-full size-full wp-image-112469\" alt=\"\" srcset=\"https:\/\/vincihairclinic.com\/wp-content\/uploads\/2022\/09\/Hafthor-Bjornsson-The-Mountain-Red-Carpet-ret.jpg 1740w, https:\/\/vincihairclinic.com\/wp-content\/uploads\/2022\/09\/Hafthor-Bjornsson-The-Mountain-Red-Carpet-ret-235x300.jpg 235w, https:\/\/vincihairclinic.com\/wp-content\/uploads\/2022\/09\/Hafthor-Bjornsson-The-Mountain-Red-Carpet-ret-803x1024.jpg 803w, https:\/\/vincihairclinic.com\/wp-content\/uploads\/2022\/09\/Hafthor-Bjornsson-The-Mountain-Red-Carpet-ret-768x979.jpg 768w, https:\/\/vincihairclinic.com\/wp-content\/uploads\/2022\/09\/Hafthor-Bjornsson-The-Mountain-Red-Carpet-ret-1205x1536.jpg 1205w, https:\/\/vincihairclinic.com\/wp-content\/uploads\/2022\/09\/Hafthor-Bjornsson-The-Mountain-Red-Carpet-ret-1607x2048.jpg 1607w\" sizes=\"(max-width: 1740px) 100vw, 1740px\" \/>\t\t\t\t\t\t\t\t\t\t\t\t\t\t\t<\/div>\n\t\t\t\t<\/div>\n\t\t\t\t<div class=\"elementor-element elementor-element-c6c967f elementor-widget elementor-widget-heading\" data-id=\"c6c967f\" data-element_type=\"widget\" data-widget_type=\"heading.default\">\n\t\t\t\t<div class=\"elementor-widget-container\">\n\t\t\t\t\t<h2 class=\"elementor-heading-title elementor-size-default\">La transplantation capillaire FUE est de plus en plus populaire chez les hommes qui perdent leurs cheveux. L'avantage qu'elle pr\u00e9sente par rapport aux m\u00e9thodes plus traditionnelles est qu'elle ne laisse pas de cicatrice lin\u00e9aire \u00e0 l'arri\u00e8re de la t\u00eate. Le footballeur Wayne Rooney a b\u00e9n\u00e9fici\u00e9 d'une proc\u00e9dure similaire il y a quelques ann\u00e9es, et de nombreuses autres c\u00e9l\u00e9brit\u00e9s ont suivi son exemple. Depuis, la demande de greffes de cheveux est mont\u00e9e en fl\u00e8che. En 2021, 703 183 interventions chirurgicales de restauration capillaire ont \u00e9t\u00e9 r\u00e9alis\u00e9es dans le monde, selon les statistiques de <a href=\"https:\/\/ishrs.org\/\" style=\"font-weight:700;color:#D2B480\" target=\"_blank\" rel=\"noopener\">l'International Society of Hair Restoration Surgery.<\/a><br \/><br \/>\n\nLe PDG de la Vinci Hair Clinic, Salvar Bjornsson, a expliqu\u00e9 que la stigmatisation qui s'attachait autrefois aux hommes ayant recours \u00e0 la greffe de cheveux est beaucoup moins importante aujourd'hui. \u00ab\u00a0Il y a dix ans, les gens avaient des informations tr\u00e8s limit\u00e9es et \u00e9taient souvent mal inform\u00e9s sur les greffes de cheveux. Ils ne se rendaient pas compte que les cheveux transplant\u00e9s \u00e9taient les leurs, qu'ils poussaient naturellement et qu'ils \u00e9taient permanents. La proc\u00e9dure \u00e9tait entour\u00e9e d'un certain myst\u00e8re, ce qui dissuadait les gens d'y avoir recours. Aujourd'hui, se faire restaurer les cheveux est comparable \u00e0 se faire soigner les dents.\u00a0\u00bb<\/h2>\t\t\t\t<\/div>\n\t\t\t\t<\/div>\n\t\t\t\t<div class=\"elementor-element elementor-element-bc2ba70 elementor-widget elementor-widget-image\" data-id=\"bc2ba70\" data-element_type=\"widget\" data-widget_type=\"image.default\">\n\t\t\t\t<div class=\"elementor-widget-container\">\n\t\t\t\t\t\t\t\t\t\t\t\t\t\t\t<img decoding=\"async\" width=\"900\" height=\"600\" src=\"https:\/\/vincihairclinic.com\/wp-content\/uploads\/2022\/09\/Thor-before.png\" class=\"attachment-full size-full wp-image-112464\" alt=\"\" srcset=\"https:\/\/vincihairclinic.com\/wp-content\/uploads\/2022\/09\/Thor-before.png 900w, https:\/\/vincihairclinic.com\/wp-content\/uploads\/2022\/09\/Thor-before-300x200.png 300w, https:\/\/vincihairclinic.com\/wp-content\/uploads\/2022\/09\/Thor-before-768x512.png 768w\" sizes=\"(max-width: 900px) 100vw, 900px\" \/>\t\t\t\t\t\t\t\t\t\t\t\t\t\t\t<\/div>\n\t\t\t\t<\/div>\n\t\t\t\t<div class=\"elementor-element elementor-element-f5b3acd elementor-widget elementor-widget-heading\" data-id=\"f5b3acd\" data-element_type=\"widget\" data-widget_type=\"heading.default\">\n\t\t\t\t<div class=\"elementor-widget-container\">\n\t\t\t\t\t<h2 class=\"elementor-heading-title elementor-size-default\">Mesurant 206 cm et pesant 190 kg, Hafthor a pos\u00e9 quelques probl\u00e8mes \u00e0 l'\u00e9quipe m\u00e9dicale de Vinci. La chaise chirurgicale standard de la clinique de Harley Street n'\u00e9tait pas assez solide pour le soutenir, ils ont donc fait venir une chaise qui lui permettait de s'asseoir confortablement et en toute s\u00e9curit\u00e9 pendant les huit heures d'intervention. Le deuxi\u00e8me probl\u00e8me \u00e9tait li\u00e9 \u00e0 la difficult\u00e9 de placer les greffes en raison de sa grande taille. Ce probl\u00e8me a \u00e9t\u00e9 r\u00e9solu en installant des marches pour permettre \u00e0 l'\u00e9quipe m\u00e9dicale d'atteindre la racine de ses cheveux. Il \u00e9tait \u00e9galement important de s'adapter aux exigences alimentaires de Hafthor ; il mange 250 g de viande et 300 g de pommes de terre toutes les deux heures pour entretenir sa force.<br \/><br \/>\n\n\n\nM. Bjornsson indique que cela a \u00e9t\u00e9 un plaisir pour l'\u00e9quipe de Vinci de travailler sur l'homme le plus fort du monde. \u00ab Le personnel de Vinci est habitu\u00e9 \u00e0 prendre soin des besoins uniques de nos clients. Nous veillons \u00e0 ce que les clients se sentent en s\u00e9curit\u00e9 et \u00e0 l'aise \u00e0 chaque \u00e9tape du processus. Nous comprenons que la greffe de cheveux est un moment important dans leur vie, quelque chose qu'ils attendent depuis des ann\u00e9es, voire des d\u00e9cennies. Nous traitons chaque personne comme un VIP, qu'elle soit c\u00e9l\u00e8bre ou non. \u00bb<br \/><br \/>\n\n\n\nApr\u00e8s l'op\u00e9ration, Hafthor a d\u00e9clar\u00e9 : \u00ab Je suis vraiment content des r\u00e9sultats. Ma nouvelle ligne de cheveux est fantastique. L'\u00e9quipe de la Vinci Hair Clinic a \u00e9t\u00e9 formidable tout au long de l'op\u00e9ration. Ils ont pris soin de moi pendant la proc\u00e9dure, et c'\u00e9tait beaucoup plus facile que je ne l'avais imagin\u00e9. \u00bb Il conclut en riant : \u00ab Peut-\u00eatre que je deviendrai mannequin quand j'aurai retrouv\u00e9 mes cheveux ! \u00bb.\n<\/h2>\t\t\t\t<\/div>\n\t\t\t\t<\/div>\n\t\t\t\t<div class=\"elementor-element elementor-element-9aa9876 elementor-widget elementor-widget-image\" data-id=\"9aa9876\" data-element_type=\"widget\" data-widget_type=\"image.default\">\n\t\t\t\t<div class=\"elementor-widget-container\">\n\t\t\t\t\t\t\t\t\t\t\t\t\t\t\t<img decoding=\"async\" width=\"2160\" height=\"2160\" src=\"https:\/\/vincihairclinic.com\/wp-content\/uploads\/2022\/09\/Vinci-HT-Hafthor-The-Mountain.jpg\" class=\"attachment-full size-full wp-image-112459\" alt=\"\" srcset=\"https:\/\/vincihairclinic.com\/wp-content\/uploads\/2022\/09\/Vinci-HT-Hafthor-The-Mountain.jpg 2160w, https:\/\/vincihairclinic.com\/wp-content\/uploads\/2022\/09\/Vinci-HT-Hafthor-The-Mountain-300x300.jpg 300w, https:\/\/vincihairclinic.com\/wp-content\/uploads\/2022\/09\/Vinci-HT-Hafthor-The-Mountain-1024x1024.jpg 1024w, https:\/\/vincihairclinic.com\/wp-content\/uploads\/2022\/09\/Vinci-HT-Hafthor-The-Mountain-150x150.jpg 150w, https:\/\/vincihairclinic.com\/wp-content\/uploads\/2022\/09\/Vinci-HT-Hafthor-The-Mountain-768x768.jpg 768w, https:\/\/vincihairclinic.com\/wp-content\/uploads\/2022\/09\/Vinci-HT-Hafthor-The-Mountain-1536x1536.jpg 1536w, https:\/\/vincihairclinic.com\/wp-content\/uploads\/2022\/09\/Vinci-HT-Hafthor-The-Mountain-2048x2048.jpg 2048w\" sizes=\"(max-width: 2160px) 100vw, 2160px\" \/>\t\t\t\t\t\t\t\t\t\t\t\t\t\t\t<\/div>\n\t\t\t\t<\/div>\n\t\t\t\t\t<\/div>\n\t\t<\/div>\n\t\t\t\t\t<\/div>\n\t\t<\/section>\n\t\t\t\t<\/div>\n\t\t","protected":false},"excerpt":{"rendered":"<p>Vinci et La montagne : L&rsquo;acteur de Game of Thrones se fait greffer des cheveux \u00e0 la Vinci Hair Clinic L&rsquo;acteur islandais Hafthor Bjornsson est surtout connu pour son r\u00f4le de Gregor Clegane ou \u00ab La montagne \u00bb dans la s\u00e9rie populaire \u00ab Game of Thrones \u00bb, mais il a de nombreuses autres apparitions \u00e0 [&hellip;]<\/p>\n","protected":false},"author":2,"featured_media":0,"parent":0,"menu_order":0,"comment_status":"closed","ping_status":"closed","template":"elementor_header_footer","meta":{"footnotes":""},"class_list":["post-112522","page","type-page","status-publish","hentry"],"_links":{"self":[{"href":"https:\/\/vincihairclinic.com\/fr\/wp-json\/wp\/v2\/pages\/112522","targetHints":{"allow":["GET"]}}],"collection":[{"href":"https:\/\/vincihairclinic.com\/fr\/wp-json\/wp\/v2\/pages"}],"about":[{"href":"https:\/\/vincihairclinic.com\/fr\/wp-json\/wp\/v2\/types\/page"}],"author":[{"embeddable":true,"href":"https:\/\/vincihairclinic.com\/fr\/wp-json\/wp\/v2\/users\/2"}],"replies":[{"embeddable":true,"href":"https:\/\/vincihairclinic.com\/fr\/wp-json\/wp\/v2\/comments?post=112522"}],"version-history":[{"count":0,"href":"https:\/\/vincihairclinic.com\/fr\/wp-json\/wp\/v2\/pages\/112522\/revisions"}],"wp:attachment":[{"href":"https:\/\/vincihairclinic.com\/fr\/wp-json\/wp\/v2\/media?parent=112522"}],"curies":[{"name":"wp","href":"https:\/\/api.w.org\/{rel}","templated":true}]}}