{"id":86483,"date":"2021-12-12T14:42:30","date_gmt":"2021-12-12T14:42:30","guid":{"rendered":"http:\/\/vincihairclinic.com\/spencer-discusses-his-hair-damage-and-the-restoration-he-achieved-at-vinci\/"},"modified":"2022-01-14T08:50:46","modified_gmt":"2022-01-14T08:50:46","slug":"spencer-discusses-his-hair-damage-and-the-restoration-he-achieved-at-vinci","status":"publish","type":"page","link":"https:\/\/vincihairclinic.com\/es\/spencer-discusses-his-hair-damage-and-the-restoration-he-achieved-at-vinci\/","title":{"rendered":"Spencer discusses his Hair Damage and The Restoration He Achieved At Vinci"},"content":{"rendered":"\t\t<div data-elementor-type=\"wp-page\" data-elementor-id=\"86483\" class=\"elementor elementor-86483 elementor-83182\" data-elementor-settings=\"{&quot;ha_cmc_init_switcher&quot;:&quot;no&quot;}\" data-elementor-post-type=\"page\">\n\t\t\t\t\t\t<section class=\"elementor-section elementor-top-section elementor-element elementor-element-aff2b94 elementor-section-boxed elementor-section-height-default elementor-section-height-default\" data-id=\"aff2b94\" data-element_type=\"section\">\n\t\t\t\t\t\t<div class=\"elementor-container elementor-column-gap-default\">\n\t\t\t\t\t<div class=\"elementor-column elementor-col-100 elementor-top-column elementor-element elementor-element-178ee60\" data-id=\"178ee60\" data-element_type=\"column\">\n\t\t\t<div class=\"elementor-widget-wrap elementor-element-populated\">\n\t\t\t\t\t\t<section class=\"elementor-section elementor-inner-section elementor-element elementor-element-fd2ce55 elementor-section-boxed elementor-section-height-default elementor-section-height-default\" data-id=\"fd2ce55\" data-element_type=\"section\">\n\t\t\t\t\t\t<div class=\"elementor-container elementor-column-gap-default\">\n\t\t\t\t\t<div class=\"elementor-column elementor-col-50 elementor-inner-column elementor-element elementor-element-42ef82c\" data-id=\"42ef82c\" data-element_type=\"column\">\n\t\t\t<div class=\"elementor-widget-wrap elementor-element-populated\">\n\t\t\t\t\t\t<div class=\"elementor-element elementor-element-78c4ff8 elementor-widget elementor-widget-heading\" data-id=\"78c4ff8\" data-element_type=\"widget\" data-widget_type=\"heading.default\">\n\t\t\t\t<div class=\"elementor-widget-container\">\n\t\t\t\t\t<h2 class=\"elementor-heading-title elementor-size-default\">Spencer nos habla sobre el problema que ten\u00eda en el cabello, y nos da detalles sobre la restauraci\u00f3n que le hicieron en Vinci.<\/h2>\t\t\t\t<\/div>\n\t\t\t\t<\/div>\n\t\t\t\t\t<\/div>\n\t\t<\/div>\n\t\t\t\t<div class=\"elementor-column elementor-col-50 elementor-inner-column elementor-element elementor-element-36347c1\" data-id=\"36347c1\" data-element_type=\"column\">\n\t\t\t<div class=\"elementor-widget-wrap elementor-element-populated\">\n\t\t\t\t\t\t<div class=\"elementor-element elementor-element-589c882 elementor-icon-list--layout-inline elementor-align-right elementor-list-item-link-full_width elementor-widget elementor-widget-icon-list\" data-id=\"589c882\" data-element_type=\"widget\" data-widget_type=\"icon-list.default\">\n\t\t\t\t<div class=\"elementor-widget-container\">\n\t\t\t\t\t\t\t<ul class=\"elementor-icon-list-items elementor-inline-items\">\n\t\t\t\t\t\t\t<li class=\"elementor-icon-list-item elementor-inline-item\">\n\t\t\t\t\t\t\t\t\t\t\t<a href=\"https:\/\/www.instagram.com\/vincihair\/\" target=\"_blank\" rel=\"noopener\">\n\n\t\t\t\t\t\t\t\t\t\t\t\t<span class=\"elementor-icon-list-icon\">\n\t\t\t\t\t\t\t<svg xmlns=\"http:\/\/www.w3.org\/2000\/svg\" width=\"32\" height=\"32\" viewBox=\"0 0 32 32\" fill=\"none\"><path fill-rule=\"evenodd\" clip-rule=\"evenodd\" d=\"M25.9873 7.99051C25.9911 6.88962 25.0977 6.01418 24.0166 6.01205L24.0126 6.01204L24.0088 6.01205L25.9834 7.98668L24.001 6.01209C22.9208 6.02002 22.0396 6.89707 22.0396 7.98668C22.0396 9.08166 22.9303 9.95971 24.0143 9.95971C25.1025 9.95971 25.9852 9.07823 25.9873 7.99051ZM25.9873 7.99051L25.9873 7.98668H25.9834H25.3313L25.9873 7.99051Z\" fill=\"url(#paint0_linear)\"><\/path><path fill-rule=\"evenodd\" clip-rule=\"evenodd\" d=\"M21.1305 10.8689C18.2967 8.03504 13.7022 8.03504 10.8684 10.8689C8.03458 13.7027 8.03458 18.2972 10.8684 21.131C13.7022 23.9648 18.2967 23.9648 21.1305 21.131C23.9643 18.2972 23.9643 13.7027 21.1305 10.8689ZM12.887 12.8874C14.606 11.1685 17.3929 11.1685 19.1119 12.8874C20.8309 14.6064 20.8309 17.3934 19.1119 19.1124C17.3929 20.8314 14.606 20.8314 12.887 19.1124C11.168 17.3934 11.168 14.6064 12.887 12.8874Z\" fill=\"url(#paint1_linear)\"><\/path><path fill-rule=\"evenodd\" clip-rule=\"evenodd\" d=\"M8.7072 0H23.2944C28.1015 0 32 3.89684 32 8.7072V23.2944C32 28.1015 28.1032 32 23.2928 32H8.7072C3.89867 32 0 28.1034 0 23.2928V8.7072C0 3.89867 3.89664 0 8.7072 0ZM8.7072 2.85472C5.47367 2.85472 2.85472 5.47487 2.85472 8.7072V23.2928C2.85472 26.5263 5.47487 29.1453 8.7072 29.1453H23.2928C26.5265 29.1453 29.1453 26.5249 29.1453 23.2944V8.7072C29.1453 5.47346 26.5249 2.85472 23.2944 2.85472H8.7072Z\" fill=\"url(#paint2_linear)\"><\/path><defs><linearGradient id=\"paint0_linear\" x1=\"31.5429\" y1=\"0.457143\" x2=\"-0.457143\" y2=\"32.4571\" gradientUnits=\"userSpaceOnUse\"><stop stop-color=\"#D2B480\"><\/stop><stop offset=\"1\" stop-color=\"#AC8A50\"><\/stop><\/linearGradient><linearGradient id=\"paint1_linear\" x1=\"31.5429\" y1=\"0.457143\" x2=\"-0.457143\" y2=\"32.4571\" gradientUnits=\"userSpaceOnUse\"><stop stop-color=\"#D2B480\"><\/stop><stop offset=\"1\" stop-color=\"#AC8A50\"><\/stop><\/linearGradient><linearGradient id=\"paint2_linear\" x1=\"31.5429\" y1=\"0.457143\" x2=\"-0.457143\" y2=\"32.4571\" gradientUnits=\"userSpaceOnUse\"><stop stop-color=\"#D2B480\"><\/stop><stop offset=\"1\" stop-color=\"#AC8A50\"><\/stop><\/linearGradient><\/defs><\/svg>\t\t\t\t\t\t<\/span>\n\t\t\t\t\t\t\t\t\t\t<span class=\"elementor-icon-list-text\">S\u00cdGANOS<\/span>\n\t\t\t\t\t\t\t\t\t\t\t<\/a>\n\t\t\t\t\t\t\t\t\t<\/li>\n\t\t\t\t\t\t<\/ul>\n\t\t\t\t\t\t<\/div>\n\t\t\t\t<\/div>\n\t\t\t\t\t<\/div>\n\t\t<\/div>\n\t\t\t\t\t<\/div>\n\t\t<\/section>\n\t\t\t\t<div class=\"elementor-element elementor-element-42a5731 elementor-widget elementor-widget-image\" data-id=\"42a5731\" data-element_type=\"widget\" data-widget_type=\"image.default\">\n\t\t\t\t<div class=\"elementor-widget-container\">\n\t\t\t\t\t\t\t\t\t\t\t\t\t\t\t<img fetchpriority=\"high\" decoding=\"async\" width=\"1139\" height=\"371\" src=\"https:\/\/vincihairclinic.com\/wp-content\/uploads\/2021\/12\/Spencer1.jpg\" class=\"attachment-full size-full wp-image-83190\" alt=\"Before and After images of Spencer showing his receded hairline in the temples and then the new hairline\" srcset=\"https:\/\/vincihairclinic.com\/wp-content\/uploads\/2021\/12\/Spencer1.jpg 1139w, https:\/\/vincihairclinic.com\/wp-content\/uploads\/2021\/12\/Spencer1-300x98.jpg 300w, https:\/\/vincihairclinic.com\/wp-content\/uploads\/2021\/12\/Spencer1-1024x334.jpg 1024w, https:\/\/vincihairclinic.com\/wp-content\/uploads\/2021\/12\/Spencer1-768x250.jpg 768w\" sizes=\"(max-width: 1139px) 100vw, 1139px\" \/>\t\t\t\t\t\t\t\t\t\t\t\t\t\t\t<\/div>\n\t\t\t\t<\/div>\n\t\t\t\t<div class=\"elementor-element elementor-element-75c6b5a elementor-widget elementor-widget-text-editor\" data-id=\"75c6b5a\" data-element_type=\"widget\" data-widget_type=\"text-editor.default\">\n\t\t\t\t<div class=\"elementor-widget-container\">\n\t\t\t\t\t\t\t\t\t<p>Spencer es un paciente de Vinci Hair Clinic que tuvo una experiencia complicada antes de su trasplante capilar. La cirug\u00eda lo ayud\u00f3 a superar su lesi\u00f3n craneal, le permiti\u00f3 redise\u00f1ar sus entradas, y le devolvi\u00f3 la autoestima que hab\u00eda perdido.<\/p><p>\u201cHace unos 18 meses me enferm\u00e9 del est\u00f3mago, y estuve en cama por 9 meses. Se me cay\u00f3 el cabello y qued\u00e9 con unas entradas muy pronunciadas\u201d. El destino le jug\u00f3 a Spencer una mala pasada. Varios a\u00f1os antes de enfermarse del est\u00f3mago, hab\u00eda tenido un accidente que le dej\u00f3 amplias cicatrices. \u201cTen\u00eda extensas cicatrices en la zona de la coronilla, porque tuvieron que reconstruirme el cr\u00e1neo despu\u00e9s del accidente. Los cirujanos tuvieron que drenar el agua de mi cerebro, y eso me dej\u00f3 una cicatriz en la parte posterior de la cabeza\u201d.<\/p>\t\t\t\t\t\t\t\t<\/div>\n\t\t\t\t<\/div>\n\t\t\t\t<div class=\"elementor-element elementor-element-7ae5258 elementor-widget elementor-widget-image\" data-id=\"7ae5258\" data-element_type=\"widget\" data-widget_type=\"image.default\">\n\t\t\t\t<div class=\"elementor-widget-container\">\n\t\t\t\t\t\t\t\t\t\t\t\t\t\t\t<img decoding=\"async\" width=\"1125\" height=\"380\" src=\"https:\/\/vincihairclinic.com\/wp-content\/uploads\/2021\/12\/Spencer2.jpg\" class=\"attachment-full size-full wp-image-83200\" alt=\"Two pictures together. the left side is Spencer during the operation showing his scalp as two technicians work on Implanting Hair. The right picture is his scalp directly after the procedure with some scabbing.\" srcset=\"https:\/\/vincihairclinic.com\/wp-content\/uploads\/2021\/12\/Spencer2.jpg 1125w, https:\/\/vincihairclinic.com\/wp-content\/uploads\/2021\/12\/Spencer2-300x101.jpg 300w, https:\/\/vincihairclinic.com\/wp-content\/uploads\/2021\/12\/Spencer2-1024x346.jpg 1024w, https:\/\/vincihairclinic.com\/wp-content\/uploads\/2021\/12\/Spencer2-768x259.jpg 768w\" sizes=\"(max-width: 1125px) 100vw, 1125px\" \/>\t\t\t\t\t\t\t\t\t\t\t\t\t\t\t<\/div>\n\t\t\t\t<\/div>\n\t\t\t\t<div class=\"elementor-element elementor-element-775fcb6 elementor-widget elementor-widget-text-editor\" data-id=\"775fcb6\" data-element_type=\"widget\" data-widget_type=\"text-editor.default\">\n\t\t\t\t<div class=\"elementor-widget-container\">\n\t\t\t\t\t\t\t\t\t<p>Spencer estaba al tanto de sus cicatrices y de su problema de calvicie. Contact\u00f3 al personal de Vinci Hair Clinic para buscar ayuda, y el fant\u00e1stico personal m\u00e9dico estuvo encantado de ayudarlo a encontrar la mejor soluci\u00f3n a su problema.<\/p><p>Spencer se hizo un trasplante capilar FUE que le cambi\u00f3 la vida. Para ello, acudi\u00f3 a nuestra Academia de Trasplantes Capilares, ubicada en la Harley Street de Londres. El tratamiento se complet\u00f3 en una sola sesi\u00f3n. Los especialistas lograron restablecerle la l\u00ednea frontal del cabello. Tambi\u00e9n le implantaron injertos capilares en otras zonas, para enmascarar sus cicatrices. Nueve meses despu\u00e9s, la restauraci\u00f3n sigue progresando satisfactoriamente. Spencer se siente muy feliz con el resultado.<\/p>\t\t\t\t\t\t\t\t<\/div>\n\t\t\t\t<\/div>\n\t\t\t\t<section class=\"elementor-section elementor-inner-section elementor-element elementor-element-30a0fd5 elementor-section-boxed elementor-section-height-default elementor-section-height-default\" data-id=\"30a0fd5\" data-element_type=\"section\">\n\t\t\t\t\t\t<div class=\"elementor-container elementor-column-gap-default\">\n\t\t\t\t\t<div class=\"elementor-column elementor-col-33 elementor-inner-column elementor-element elementor-element-c87a83d\" data-id=\"c87a83d\" data-element_type=\"column\">\n\t\t\t<div class=\"elementor-widget-wrap\">\n\t\t\t\t\t\t\t<\/div>\n\t\t<\/div>\n\t\t\t\t<div class=\"elementor-column elementor-col-33 elementor-inner-column elementor-element elementor-element-71b22d1\" data-id=\"71b22d1\" data-element_type=\"column\">\n\t\t\t<div class=\"elementor-widget-wrap elementor-element-populated\">\n\t\t\t\t\t\t<div class=\"elementor-element elementor-element-cdd5723 elementor-widget elementor-widget-video\" data-id=\"cdd5723\" data-element_type=\"widget\" data-settings=\"{&quot;youtube_url&quot;:&quot;https:\\\/\\\/www.youtube.com\\\/embed\\\/B-yhNns58NA?rel=0&amp;autoplay=1&quot;,&quot;video_type&quot;:&quot;youtube&quot;,&quot;controls&quot;:&quot;yes&quot;}\" data-widget_type=\"video.default\">\n\t\t\t\t<div class=\"elementor-widget-container\">\n\t\t\t\t\t\t\t<div class=\"elementor-wrapper elementor-open-inline\">\n\t\t\t<div class=\"elementor-video\"><\/div>\t\t<\/div>\n\t\t\t\t\t\t<\/div>\n\t\t\t\t<\/div>\n\t\t\t\t\t<\/div>\n\t\t<\/div>\n\t\t\t\t<div class=\"elementor-column elementor-col-33 elementor-inner-column elementor-element elementor-element-8890cc0\" data-id=\"8890cc0\" data-element_type=\"column\">\n\t\t\t<div class=\"elementor-widget-wrap\">\n\t\t\t\t\t\t\t<\/div>\n\t\t<\/div>\n\t\t\t\t\t<\/div>\n\t\t<\/section>\n\t\t\t\t<div class=\"elementor-element elementor-element-835f5fb elementor-widget elementor-widget-text-editor\" data-id=\"835f5fb\" data-element_type=\"widget\" data-widget_type=\"text-editor.default\">\n\t\t\t\t<div class=\"elementor-widget-container\">\n\t\t\t\t\t\t\t\t\t<p>\u201cAl principio estaba muy nervioso, pero el personal de Vinci me hizo sentir muy c\u00f3modo. Nueve meses despu\u00e9s del procedimiento, siento que mi vida ha cambiado por completo. Ahora soy un hombtr diferente. Tengo citas, y mis amigos no me creyeron cuando les dije que me hab\u00eda operado, porque todo se ve muy natural\u201d.<\/p><p>Las entradas de Spencer fueron restauradas, pero lo m\u00e1s importante es que le restauraron la autoestima y la confianza en su apariencia. Ahora su cabello tiene una mayor densidad y se adapta mejor a sus facciones. Gracias a las avanzadas t\u00e9cnicas de Vinci, sus cicatrices son pr\u00e1cticamente invisibles.<\/p><p>Vinci Hair Clinic ofrece consultas en persona y por internet, de forma gratuita y sin compromisos. Nuestros dedicados asesores est\u00e1n preparados para guiarlo a lo largo de todo el proceso. Nuestros agentes le ayudar\u00e1n a escoger el plan de tratamiento m\u00e1s adecuado para usted.<\/p>\t\t\t\t\t\t\t\t<\/div>\n\t\t\t\t<\/div>\n\t\t\t\t\t<\/div>\n\t\t<\/div>\n\t\t\t\t\t<\/div>\n\t\t<\/section>\n\t\t\t\t<\/div>\n\t\t","protected":false},"excerpt":{"rendered":"<p>Spencer nos habla sobre el problema que ten\u00eda en el cabello, y nos da detalles sobre la restauraci\u00f3n que le hicieron en Vinci. S\u00cdGANOS Spencer es un paciente de Vinci Hair Clinic que tuvo una experiencia complicada antes de su trasplante capilar. La cirug\u00eda lo ayud\u00f3 a superar su lesi\u00f3n craneal, le permiti\u00f3 redise\u00f1ar sus [&hellip;]<\/p>\n","protected":false},"author":2,"featured_media":0,"parent":0,"menu_order":0,"comment_status":"closed","ping_status":"closed","template":"elementor_header_footer","meta":{"footnotes":""},"class_list":["post-86483","page","type-page","status-publish","hentry"],"_links":{"self":[{"href":"https:\/\/vincihairclinic.com\/es\/wp-json\/wp\/v2\/pages\/86483","targetHints":{"allow":["GET"]}}],"collection":[{"href":"https:\/\/vincihairclinic.com\/es\/wp-json\/wp\/v2\/pages"}],"about":[{"href":"https:\/\/vincihairclinic.com\/es\/wp-json\/wp\/v2\/types\/page"}],"author":[{"embeddable":true,"href":"https:\/\/vincihairclinic.com\/es\/wp-json\/wp\/v2\/users\/2"}],"replies":[{"embeddable":true,"href":"https:\/\/vincihairclinic.com\/es\/wp-json\/wp\/v2\/comments?post=86483"}],"version-history":[{"count":0,"href":"https:\/\/vincihairclinic.com\/es\/wp-json\/wp\/v2\/pages\/86483\/revisions"}],"wp:attachment":[{"href":"https:\/\/vincihairclinic.com\/es\/wp-json\/wp\/v2\/media?parent=86483"}],"curies":[{"name":"wp","href":"https:\/\/api.w.org\/{rel}","templated":true}]}}