{"id":86467,"date":"2021-12-12T15:05:52","date_gmt":"2021-12-12T15:05:52","guid":{"rendered":"http:\/\/vincihairclinic.com\/hair-transplant-testimonial-daniel-koek\/"},"modified":"2022-01-14T08:43:24","modified_gmt":"2022-01-14T08:43:24","slug":"hair-transplant-testimonial-daniel-koek","status":"publish","type":"page","link":"https:\/\/vincihairclinic.com\/es\/hair-transplant-testimonial-daniel-koek\/","title":{"rendered":"Hair Transplant Testimonial \u2013 Daniel Koek"},"content":{"rendered":"\t\t<div data-elementor-type=\"wp-page\" data-elementor-id=\"86467\" class=\"elementor elementor-86467 elementor-83225\" data-elementor-settings=\"{&quot;ha_cmc_init_switcher&quot;:&quot;no&quot;}\" data-elementor-post-type=\"page\">\n\t\t\t\t\t\t<section class=\"elementor-section elementor-top-section elementor-element elementor-element-6574829 elementor-section-boxed elementor-section-height-default elementor-section-height-default\" data-id=\"6574829\" data-element_type=\"section\">\n\t\t\t\t\t\t<div class=\"elementor-container elementor-column-gap-default\">\n\t\t\t\t\t<div class=\"elementor-column elementor-col-100 elementor-top-column elementor-element elementor-element-f8b404c\" data-id=\"f8b404c\" data-element_type=\"column\">\n\t\t\t<div class=\"elementor-widget-wrap elementor-element-populated\">\n\t\t\t\t\t\t<section class=\"elementor-section elementor-inner-section elementor-element elementor-element-9ae962c elementor-section-boxed elementor-section-height-default elementor-section-height-default\" data-id=\"9ae962c\" data-element_type=\"section\">\n\t\t\t\t\t\t<div class=\"elementor-container elementor-column-gap-default\">\n\t\t\t\t\t<div class=\"elementor-column elementor-col-50 elementor-inner-column elementor-element elementor-element-513c500\" data-id=\"513c500\" data-element_type=\"column\">\n\t\t\t<div class=\"elementor-widget-wrap elementor-element-populated\">\n\t\t\t\t\t\t<div class=\"elementor-element elementor-element-6daa994 elementor-widget elementor-widget-heading\" data-id=\"6daa994\" data-element_type=\"widget\" data-widget_type=\"heading.default\">\n\t\t\t\t<div class=\"elementor-widget-container\">\n\t\t\t\t\t<h2 class=\"elementor-heading-title elementor-size-default\">Testimonio de Trasplante Capilar \u2013 Daniel Koek\n<\/h2>\t\t\t\t<\/div>\n\t\t\t\t<\/div>\n\t\t\t\t\t<\/div>\n\t\t<\/div>\n\t\t\t\t<div class=\"elementor-column elementor-col-50 elementor-inner-column elementor-element elementor-element-8c992d6\" data-id=\"8c992d6\" data-element_type=\"column\">\n\t\t\t<div class=\"elementor-widget-wrap elementor-element-populated\">\n\t\t\t\t\t\t<div class=\"elementor-element elementor-element-bb71f0b elementor-icon-list--layout-inline elementor-align-right elementor-list-item-link-full_width elementor-widget elementor-widget-icon-list\" data-id=\"bb71f0b\" data-element_type=\"widget\" data-widget_type=\"icon-list.default\">\n\t\t\t\t<div class=\"elementor-widget-container\">\n\t\t\t\t\t\t\t<ul class=\"elementor-icon-list-items elementor-inline-items\">\n\t\t\t\t\t\t\t<li class=\"elementor-icon-list-item elementor-inline-item\">\n\t\t\t\t\t\t\t\t\t\t\t<a href=\"https:\/\/www.instagram.com\/vincihair\/\" target=\"_blank\" rel=\"noopener\">\n\n\t\t\t\t\t\t\t\t\t\t\t\t<span class=\"elementor-icon-list-icon\">\n\t\t\t\t\t\t\t<svg xmlns=\"http:\/\/www.w3.org\/2000\/svg\" width=\"32\" height=\"32\" viewBox=\"0 0 32 32\" fill=\"none\"><path fill-rule=\"evenodd\" clip-rule=\"evenodd\" d=\"M25.9873 7.99051C25.9911 6.88962 25.0977 6.01418 24.0166 6.01205L24.0126 6.01204L24.0088 6.01205L25.9834 7.98668L24.001 6.01209C22.9208 6.02002 22.0396 6.89707 22.0396 7.98668C22.0396 9.08166 22.9303 9.95971 24.0143 9.95971C25.1025 9.95971 25.9852 9.07823 25.9873 7.99051ZM25.9873 7.99051L25.9873 7.98668H25.9834H25.3313L25.9873 7.99051Z\" fill=\"url(#paint0_linear)\"><\/path><path fill-rule=\"evenodd\" clip-rule=\"evenodd\" d=\"M21.1305 10.8689C18.2967 8.03504 13.7022 8.03504 10.8684 10.8689C8.03458 13.7027 8.03458 18.2972 10.8684 21.131C13.7022 23.9648 18.2967 23.9648 21.1305 21.131C23.9643 18.2972 23.9643 13.7027 21.1305 10.8689ZM12.887 12.8874C14.606 11.1685 17.3929 11.1685 19.1119 12.8874C20.8309 14.6064 20.8309 17.3934 19.1119 19.1124C17.3929 20.8314 14.606 20.8314 12.887 19.1124C11.168 17.3934 11.168 14.6064 12.887 12.8874Z\" fill=\"url(#paint1_linear)\"><\/path><path fill-rule=\"evenodd\" clip-rule=\"evenodd\" d=\"M8.7072 0H23.2944C28.1015 0 32 3.89684 32 8.7072V23.2944C32 28.1015 28.1032 32 23.2928 32H8.7072C3.89867 32 0 28.1034 0 23.2928V8.7072C0 3.89867 3.89664 0 8.7072 0ZM8.7072 2.85472C5.47367 2.85472 2.85472 5.47487 2.85472 8.7072V23.2928C2.85472 26.5263 5.47487 29.1453 8.7072 29.1453H23.2928C26.5265 29.1453 29.1453 26.5249 29.1453 23.2944V8.7072C29.1453 5.47346 26.5249 2.85472 23.2944 2.85472H8.7072Z\" fill=\"url(#paint2_linear)\"><\/path><defs><linearGradient id=\"paint0_linear\" x1=\"31.5429\" y1=\"0.457143\" x2=\"-0.457143\" y2=\"32.4571\" gradientUnits=\"userSpaceOnUse\"><stop stop-color=\"#D2B480\"><\/stop><stop offset=\"1\" stop-color=\"#AC8A50\"><\/stop><\/linearGradient><linearGradient id=\"paint1_linear\" x1=\"31.5429\" y1=\"0.457143\" x2=\"-0.457143\" y2=\"32.4571\" gradientUnits=\"userSpaceOnUse\"><stop stop-color=\"#D2B480\"><\/stop><stop offset=\"1\" stop-color=\"#AC8A50\"><\/stop><\/linearGradient><linearGradient id=\"paint2_linear\" x1=\"31.5429\" y1=\"0.457143\" x2=\"-0.457143\" y2=\"32.4571\" gradientUnits=\"userSpaceOnUse\"><stop stop-color=\"#D2B480\"><\/stop><stop offset=\"1\" stop-color=\"#AC8A50\"><\/stop><\/linearGradient><\/defs><\/svg>\t\t\t\t\t\t<\/span>\n\t\t\t\t\t\t\t\t\t\t<span class=\"elementor-icon-list-text\">S\u00cdGANOS<\/span>\n\t\t\t\t\t\t\t\t\t\t\t<\/a>\n\t\t\t\t\t\t\t\t\t<\/li>\n\t\t\t\t\t\t<\/ul>\n\t\t\t\t\t\t<\/div>\n\t\t\t\t<\/div>\n\t\t\t\t\t<\/div>\n\t\t<\/div>\n\t\t\t\t\t<\/div>\n\t\t<\/section>\n\t\t\t\t<div class=\"elementor-element elementor-element-d4feb5c elementor-widget elementor-widget-image\" data-id=\"d4feb5c\" data-element_type=\"widget\" data-widget_type=\"image.default\">\n\t\t\t\t<div class=\"elementor-widget-container\">\n\t\t\t\t\t\t\t\t\t\t\t\t\t\t\t<img fetchpriority=\"high\" decoding=\"async\" width=\"1139\" height=\"371\" src=\"https:\/\/vincihairclinic.com\/wp-content\/uploads\/2021\/12\/Daniel-Koek1.jpg\" class=\"attachment-full size-full wp-image-83230\" alt=\"Hair Transplant Journey of Daniel Koek&#039;s Side-by-side image of before and after his FUE hair transplant at Vinci Hair Clinic, showcasing the dramatic improvement in his front hairline and overall hair density after his hair transplant journey.\" srcset=\"https:\/\/vincihairclinic.com\/wp-content\/uploads\/2021\/12\/Daniel-Koek1.jpg 1139w, https:\/\/vincihairclinic.com\/wp-content\/uploads\/2021\/12\/Daniel-Koek1-300x98.jpg 300w, https:\/\/vincihairclinic.com\/wp-content\/uploads\/2021\/12\/Daniel-Koek1-1024x334.jpg 1024w, https:\/\/vincihairclinic.com\/wp-content\/uploads\/2021\/12\/Daniel-Koek1-768x250.jpg 768w\" sizes=\"(max-width: 1139px) 100vw, 1139px\" \/>\t\t\t\t\t\t\t\t\t\t\t\t\t\t\t<\/div>\n\t\t\t\t<\/div>\n\t\t\t\t<div class=\"elementor-element elementor-element-8362c3d elementor-widget elementor-widget-text-editor\" data-id=\"8362c3d\" data-element_type=\"widget\" data-widget_type=\"text-editor.default\">\n\t\t\t\t<div class=\"elementor-widget-container\">\n\t\t\t\t\t\t\t\t\t<p style=\"background-image: initial;background-position: initial;background-size: initial;background-repeat: initial;background-attachment: initial;border: 0px;margin-right: 0px;margin-bottom: 10px;margin-left: 0px;padding: 0px;vertical-align: baseline;color: #555555;font-family: Montserrat\">Daniel Koek, un famoso artista del West End londinense, nos habla sobre su tratamiento de trasplante capilar y c\u00f3mo descubri\u00f3 a Vinci Hair Clinic. Adem\u00e1s, nos da detalles sobre el fant\u00e1stico resultado que obtuvo en nuestra cl\u00ednica principal de Harley Street.<\/p><p style=\"background-image: initial;background-position: initial;background-size: initial;background-repeat: initial;background-attachment: initial;border: 0px;margin-right: 0px;margin-bottom: 10px;margin-left: 0px;padding: 0px;vertical-align: baseline;color: #555555;font-family: Montserrat\">Daniel ya estaba al tanto de su problema de p\u00e9rdida capilar, y sab\u00eda que ten\u00eda que hacer algo al respecto. Debido a su profesi\u00f3n, constantemente ten\u00eda que usar micr\u00f3fonos y auriculares especiales tipo casco, adem\u00e1s de complejos tocados, sombreros y maquillaje. Con el paso de los a\u00f1os, su calvicie hereditaria fue empeorando, y sus entradas se hicieron cada vez m\u00e1s pronunciadas.<\/p><p style=\"background-image: initial;background-position: initial;background-size: initial;background-repeat: initial;background-attachment: initial;border: 0px;margin-right: 0px;margin-bottom: 10px;margin-left: 0px;padding: 0px;vertical-align: baseline;color: #555555;font-family: Montserrat\">\u201cHace unos dos a\u00f1os decid\u00ed hacerme un trasplante capilar con Vinci. Mi apretada agenda no me permiti\u00f3 hacerlo antes, ya que pas\u00e9 un a\u00f1o protagonizando Los Miserables. Pero aprovech\u00e9 la oportunidad en cuanto termin\u00f3 mi contrato\u201d. Daniel se hizo un trasplante capilar FUT en nuestra cl\u00ednica principal, ubicada en la Harley Street de Londres. Con este m\u00e9todo, se extraen los cabellos usando la t\u00e9cnica de tira. Se extrae una tira de cabello, y tras diseccionar los fol\u00edculos, \u00e9stos se implantan en las zonas que presenten calvicie o debilitamiento capilar. \u201cMis entradas se estaban acentuando, sobre todo en la zona de las sienes. El cabello se estaba debilitando al frente tambi\u00e9n, pero mi calvicie se la debo a mis padres. El problema estaba b\u00e1sicamente en las sienes. Por fortuna, ten\u00eda bastante cabello atr\u00e1s\u201d.<\/p>\t\t\t\t\t\t\t\t<\/div>\n\t\t\t\t<\/div>\n\t\t\t\t<div class=\"elementor-element elementor-element-fa463b5 elementor-widget elementor-widget-image\" data-id=\"fa463b5\" data-element_type=\"widget\" data-widget_type=\"image.default\">\n\t\t\t\t<div class=\"elementor-widget-container\">\n\t\t\t\t\t\t\t\t\t\t\t\t\t\t\t<img decoding=\"async\" width=\"1125\" height=\"380\" src=\"https:\/\/vincihairclinic.com\/wp-content\/uploads\/2021\/12\/Daniel-Koek2.jpg\" class=\"attachment-full size-full wp-image-83231\" alt=\"Hair Transplant Journey of Daniel Koek&#039;s side-by-side image of his hair transplant journey during his FUE hair transplant at Vinci Hair Clinic, featuring the extraction phase on the left and the implanting phase on the right, highlighting the meticulous process of restoring his front hairline.\" srcset=\"https:\/\/vincihairclinic.com\/wp-content\/uploads\/2021\/12\/Daniel-Koek2.jpg 1125w, https:\/\/vincihairclinic.com\/wp-content\/uploads\/2021\/12\/Daniel-Koek2-300x101.jpg 300w, https:\/\/vincihairclinic.com\/wp-content\/uploads\/2021\/12\/Daniel-Koek2-1024x346.jpg 1024w, https:\/\/vincihairclinic.com\/wp-content\/uploads\/2021\/12\/Daniel-Koek2-768x259.jpg 768w\" sizes=\"(max-width: 1125px) 100vw, 1125px\" \/>\t\t\t\t\t\t\t\t\t\t\t\t\t\t\t<\/div>\n\t\t\t\t<\/div>\n\t\t\t\t<div class=\"elementor-element elementor-element-f1f75f1 elementor-widget elementor-widget-text-editor\" data-id=\"f1f75f1\" data-element_type=\"widget\" data-widget_type=\"text-editor.default\">\n\t\t\t\t<div class=\"elementor-widget-container\">\n\t\t\t\t\t\t\t\t\t<p>Despu\u00e9s de hacerse su operaci\u00f3n en la Vinci Hair Clinic de Harley Street, Londres, el cabello de Daniel creci\u00f3 r\u00e1pidamente. A los tres meses los injertos ya eran visibles, y alcanz\u00f3 el resultado final en solo un a\u00f1o. \u201cEstoy encantado con los resultados. Hace exactamente 13 meses que me hicieron el tratamiento. La gente se me acerca y me dice que me veo genial, que me veo m\u00e1s joven. Soy bastante comunicativo, y les cuento a muchos sobre el procedimiento. La gente que no conoce estos procedimientos no se da cuenta de que me lo hice, pero yo s\u00e9 que me lo hice y eso es lo importante\u201d.<\/p><div class=\"video-container\">\u00a0<\/div><p>Gracias a su nueva apariencia, la confianza personal de Daniel ha aumentado mucho. \u00daltimamente ha estado desarrollando otras facetas de su carrera.<\/p><p>\u201cLe recomendar\u00eda este tratamiento a cualquiera. La apariencia personal es algo fundamental en mi carrera. No quer\u00eda que me descartaran en los castings por parecer mayor. Los cuidados post-operatorios han salido de maravilla, y los especialistas son fant\u00e1sticos. No podr\u00eda haber salido mejor\u201d.<\/p>\t\t\t\t\t\t\t\t<\/div>\n\t\t\t\t<\/div>\n\t\t\t\t<section class=\"elementor-section elementor-inner-section elementor-element elementor-element-3cdc1c6 elementor-section-boxed elementor-section-height-default elementor-section-height-default\" data-id=\"3cdc1c6\" data-element_type=\"section\">\n\t\t\t\t\t\t<div class=\"elementor-container elementor-column-gap-default\">\n\t\t\t\t\t<div class=\"elementor-column elementor-col-33 elementor-inner-column elementor-element elementor-element-3db239e\" data-id=\"3db239e\" data-element_type=\"column\">\n\t\t\t<div class=\"elementor-widget-wrap\">\n\t\t\t\t\t\t\t<\/div>\n\t\t<\/div>\n\t\t\t\t<div class=\"elementor-column elementor-col-33 elementor-inner-column elementor-element elementor-element-141b8e2\" data-id=\"141b8e2\" data-element_type=\"column\">\n\t\t\t<div class=\"elementor-widget-wrap elementor-element-populated\">\n\t\t\t\t\t\t<div class=\"elementor-element elementor-element-8b0be34 elementor-widget elementor-widget-video\" data-id=\"8b0be34\" data-element_type=\"widget\" data-settings=\"{&quot;youtube_url&quot;:&quot;https:\\\/\\\/www.youtube.com\\\/embed\\\/mF5riUG7exQ?rel=0&amp;autoplay=1&quot;,&quot;video_type&quot;:&quot;youtube&quot;,&quot;controls&quot;:&quot;yes&quot;}\" data-widget_type=\"video.default\">\n\t\t\t\t<div class=\"elementor-widget-container\">\n\t\t\t\t\t\t\t<div class=\"elementor-wrapper elementor-open-inline\">\n\t\t\t<div class=\"elementor-video\"><\/div>\t\t<\/div>\n\t\t\t\t\t\t<\/div>\n\t\t\t\t<\/div>\n\t\t\t\t\t<\/div>\n\t\t<\/div>\n\t\t\t\t<div class=\"elementor-column elementor-col-33 elementor-inner-column elementor-element elementor-element-c76844b\" data-id=\"c76844b\" data-element_type=\"column\">\n\t\t\t<div class=\"elementor-widget-wrap\">\n\t\t\t\t\t\t\t<\/div>\n\t\t<\/div>\n\t\t\t\t\t<\/div>\n\t\t<\/section>\n\t\t\t\t\t<\/div>\n\t\t<\/div>\n\t\t\t\t\t<\/div>\n\t\t<\/section>\n\t\t\t\t<\/div>\n\t\t","protected":false},"excerpt":{"rendered":"<p>Testimonio de Trasplante Capilar \u2013 Daniel Koek S\u00cdGANOS Daniel Koek, un famoso artista del West End londinense, nos habla sobre su tratamiento de trasplante capilar y c\u00f3mo descubri\u00f3 a Vinci Hair Clinic. Adem\u00e1s, nos da detalles sobre el fant\u00e1stico resultado que obtuvo en nuestra cl\u00ednica principal de Harley Street. Daniel ya estaba al tanto de [&hellip;]<\/p>\n","protected":false},"author":2,"featured_media":0,"parent":0,"menu_order":0,"comment_status":"closed","ping_status":"closed","template":"elementor_header_footer","meta":{"footnotes":""},"class_list":["post-86467","page","type-page","status-publish","hentry"],"_links":{"self":[{"href":"https:\/\/vincihairclinic.com\/es\/wp-json\/wp\/v2\/pages\/86467","targetHints":{"allow":["GET"]}}],"collection":[{"href":"https:\/\/vincihairclinic.com\/es\/wp-json\/wp\/v2\/pages"}],"about":[{"href":"https:\/\/vincihairclinic.com\/es\/wp-json\/wp\/v2\/types\/page"}],"author":[{"embeddable":true,"href":"https:\/\/vincihairclinic.com\/es\/wp-json\/wp\/v2\/users\/2"}],"replies":[{"embeddable":true,"href":"https:\/\/vincihairclinic.com\/es\/wp-json\/wp\/v2\/comments?post=86467"}],"version-history":[{"count":0,"href":"https:\/\/vincihairclinic.com\/es\/wp-json\/wp\/v2\/pages\/86467\/revisions"}],"wp:attachment":[{"href":"https:\/\/vincihairclinic.com\/es\/wp-json\/wp\/v2\/media?parent=86467"}],"curies":[{"name":"wp","href":"https:\/\/api.w.org\/{rel}","templated":true}]}}