{"id":85970,"date":"2021-11-02T23:24:52","date_gmt":"2021-11-02T23:24:52","guid":{"rendered":"http:\/\/vincihairclinic.com\/contact-us\/"},"modified":"2026-02-20T03:01:20","modified_gmt":"2026-02-20T03:01:20","slug":"contact-us","status":"publish","type":"page","link":"https:\/\/vincihairclinic.com\/es\/contact-us\/","title":{"rendered":"Contact Us"},"content":{"rendered":"\t\t<div data-elementor-type=\"wp-page\" data-elementor-id=\"85970\" class=\"elementor elementor-85970 elementor-5214\" data-elementor-settings=\"{&quot;ha_cmc_init_switcher&quot;:&quot;no&quot;}\" data-elementor-post-type=\"page\">\n\t\t\t\t<div class=\"elementor-element elementor-element-0b98ca6 e-flex e-con-boxed e-con e-parent\" data-id=\"0b98ca6\" data-element_type=\"container\">\n\t\t\t\t\t<div class=\"e-con-inner\">\n\t\t\t\t<div class=\"elementor-element elementor-element-92b3017 elementor-widget elementor-widget-heading\" data-id=\"92b3017\" data-element_type=\"widget\" data-widget_type=\"heading.default\">\n\t\t\t\t<div class=\"elementor-widget-container\">\n\t\t\t\t\t<h1 class=\"elementor-heading-title elementor-size-default\"><b>Contacta con nosotros<b \/><\/h1>\t\t\t\t<\/div>\n\t\t\t\t<\/div>\n\t\t\t\t\t<\/div>\n\t\t\t\t<\/div>\n\t\t\t\t<section class=\"elementor-section elementor-top-section elementor-element elementor-element-1b17856 elementor-section-height-min-height elementor-section-stretched elementor-section-boxed elementor-section-height-default elementor-section-items-middle\" data-id=\"1b17856\" data-element_type=\"section\" data-settings=\"{&quot;background_background&quot;:&quot;classic&quot;,&quot;stretch_section&quot;:&quot;section-stretched&quot;}\">\n\t\t\t\t\t\t<div class=\"elementor-container elementor-column-gap-default\">\n\t\t\t\t\t<div class=\"elementor-column elementor-col-50 elementor-top-column elementor-element elementor-element-8dcc971\" data-id=\"8dcc971\" data-element_type=\"column\">\n\t\t\t<div class=\"elementor-widget-wrap elementor-element-populated\">\n\t\t\t\t\t\t<div class=\"elementor-element elementor-element-4705c14 elementor-widget elementor-widget-heading\" data-id=\"4705c14\" data-element_type=\"widget\" data-widget_type=\"heading.default\">\n\t\t\t\t<div class=\"elementor-widget-container\">\n\t\t\t\t\t<h2 class=\"elementor-heading-title elementor-size-default\"><b>Nunca hay dos casos iguales.<\/b> Cada persona es \u00fanica, y por eso tratamos a cada uno de nuestros clientes de forma totalmente personalizada. Dise\u00f1amos planes de tratamiento y presupuestos a medida, para satisfacer las necesidades particulares de todos nuestros pacientes.<br \/><br \/>\n\nPara concertar una cita, solo tiene que brindarnos sus datos. Uno de nuestros asesores se pondr\u00e1 en contacto con usted, para guiarle en sus primeros pasos.<br \/><br \/>\n\nQueremos ayudarle a recuperar la confianza en s\u00ed mismo y a restablecer su bienestar.<br \/><br \/>\n\nSolo estamos esperando por usted.<\/h2>\t\t\t\t<\/div>\n\t\t\t\t<\/div>\n\t\t\t\t<div class=\"elementor-element elementor-element-b096c0f elementor-icon-list--layout-traditional elementor-list-item-link-full_width elementor-widget elementor-widget-icon-list\" data-id=\"b096c0f\" data-element_type=\"widget\" data-widget_type=\"icon-list.default\">\n\t\t\t\t<div class=\"elementor-widget-container\">\n\t\t\t\t\t\t\t<ul class=\"elementor-icon-list-items\">\n\t\t\t\t\t\t\t<li class=\"elementor-icon-list-item\">\n\t\t\t\t\t\t\t\t\t\t\t<span class=\"elementor-icon-list-icon\">\n\t\t\t\t\t\t\t<svg xmlns=\"http:\/\/www.w3.org\/2000\/svg\" width=\"32\" height=\"32\" viewBox=\"0 0 32 32\" fill=\"none\"><path d=\"M13.333 20.2295L25.589 7.97217L27.4757 9.8575L13.333 24.0002L4.84766 15.5148L6.73299 13.6295L13.333 20.2295Z\" fill=\"url(#paint0_linear_1077:3848)\"><\/path><defs><linearGradient id=\"paint0_linear_1077:3848\" x1=\"16.1617\" y1=\"7.97217\" x2=\"16.1617\" y2=\"24.0002\" gradientUnits=\"userSpaceOnUse\"><stop stop-color=\"#D2B480\"><\/stop><stop offset=\"1\" stop-color=\"#AC8A50\"><\/stop><\/linearGradient><\/defs><\/svg>\t\t\t\t\t\t<\/span>\n\t\t\t\t\t\t\t\t\t\t<span class=\"elementor-icon-list-text\">Usted ser\u00e1 atendido por especialistas dedicados y con amplios conocimientos. Ellos ser\u00e1n su primer punto de contacto.<\/span>\n\t\t\t\t\t\t\t\t\t<\/li>\n\t\t\t\t\t\t<\/ul>\n\t\t\t\t\t\t<\/div>\n\t\t\t\t<\/div>\n\t\t\t\t<div class=\"elementor-element elementor-element-ef28f35 elementor-icon-list--layout-traditional elementor-list-item-link-full_width elementor-widget elementor-widget-icon-list\" data-id=\"ef28f35\" data-element_type=\"widget\" data-widget_type=\"icon-list.default\">\n\t\t\t\t<div class=\"elementor-widget-container\">\n\t\t\t\t\t\t\t<ul class=\"elementor-icon-list-items\">\n\t\t\t\t\t\t\t<li class=\"elementor-icon-list-item\">\n\t\t\t\t\t\t\t\t\t\t\t<span class=\"elementor-icon-list-icon\">\n\t\t\t\t\t\t\t<svg xmlns=\"http:\/\/www.w3.org\/2000\/svg\" width=\"32\" height=\"32\" viewBox=\"0 0 32 32\" fill=\"none\"><path d=\"M13.333 20.2295L25.589 7.97217L27.4757 9.8575L13.333 24.0002L4.84766 15.5148L6.73299 13.6295L13.333 20.2295Z\" fill=\"url(#paint0_linear_1077:3848)\"><\/path><defs><linearGradient id=\"paint0_linear_1077:3848\" x1=\"16.1617\" y1=\"7.97217\" x2=\"16.1617\" y2=\"24.0002\" gradientUnits=\"userSpaceOnUse\"><stop stop-color=\"#D2B480\"><\/stop><stop offset=\"1\" stop-color=\"#AC8A50\"><\/stop><\/linearGradient><\/defs><\/svg>\t\t\t\t\t\t<\/span>\n\t\t\t\t\t\t\t\t\t\t<span class=\"elementor-icon-list-text\">Consulta gratuita<\/span>\n\t\t\t\t\t\t\t\t\t<\/li>\n\t\t\t\t\t\t\t\t<li class=\"elementor-icon-list-item\">\n\t\t\t\t\t\t\t\t\t\t\t<span class=\"elementor-icon-list-icon\">\n\t\t\t\t\t\t\t<svg xmlns=\"http:\/\/www.w3.org\/2000\/svg\" width=\"32\" height=\"32\" viewBox=\"0 0 32 32\" fill=\"none\"><path d=\"M13.333 20.2295L25.589 7.97217L27.4757 9.8575L13.333 24.0002L4.84766 15.5148L6.73299 13.6295L13.333 20.2295Z\" fill=\"url(#paint0_linear_1077:3848)\"><\/path><defs><linearGradient id=\"paint0_linear_1077:3848\" x1=\"16.1617\" y1=\"7.97217\" x2=\"16.1617\" y2=\"24.0002\" gradientUnits=\"userSpaceOnUse\"><stop stop-color=\"#D2B480\"><\/stop><stop offset=\"1\" stop-color=\"#AC8A50\"><\/stop><\/linearGradient><\/defs><\/svg>\t\t\t\t\t\t<\/span>\n\t\t\t\t\t\t\t\t\t\t<span class=\"elementor-icon-list-text\">Tambi\u00e9n ofrecemos consultas virtuales<\/span>\n\t\t\t\t\t\t\t\t\t<\/li>\n\t\t\t\t\t\t\t\t<li class=\"elementor-icon-list-item\">\n\t\t\t\t\t\t\t\t\t\t\t<span class=\"elementor-icon-list-icon\">\n\t\t\t\t\t\t\t<svg xmlns=\"http:\/\/www.w3.org\/2000\/svg\" width=\"32\" height=\"32\" viewBox=\"0 0 32 32\" fill=\"none\"><path d=\"M13.333 20.2295L25.589 7.97217L27.4757 9.8575L13.333 24.0002L4.84766 15.5148L6.73299 13.6295L13.333 20.2295Z\" fill=\"url(#paint0_linear_1077:3848)\"><\/path><defs><linearGradient id=\"paint0_linear_1077:3848\" x1=\"16.1617\" y1=\"7.97217\" x2=\"16.1617\" y2=\"24.0002\" gradientUnits=\"userSpaceOnUse\"><stop stop-color=\"#D2B480\"><\/stop><stop offset=\"1\" stop-color=\"#AC8A50\"><\/stop><\/linearGradient><\/defs><\/svg>\t\t\t\t\t\t<\/span>\n\t\t\t\t\t\t\t\t\t\t<span class=\"elementor-icon-list-text\">Cotizaciones y planes de tratamiento a medida<\/span>\n\t\t\t\t\t\t\t\t\t<\/li>\n\t\t\t\t\t\t\t\t<li class=\"elementor-icon-list-item\">\n\t\t\t\t\t\t\t\t\t\t\t<span class=\"elementor-icon-list-icon\">\n\t\t\t\t\t\t\t<svg xmlns=\"http:\/\/www.w3.org\/2000\/svg\" width=\"32\" height=\"32\" viewBox=\"0 0 32 32\" fill=\"none\"><path d=\"M13.333 20.2295L25.589 7.97217L27.4757 9.8575L13.333 24.0002L4.84766 15.5148L6.73299 13.6295L13.333 20.2295Z\" fill=\"url(#paint0_linear_1077:3848)\"><\/path><defs><linearGradient id=\"paint0_linear_1077:3848\" x1=\"16.1617\" y1=\"7.97217\" x2=\"16.1617\" y2=\"24.0002\" gradientUnits=\"userSpaceOnUse\"><stop stop-color=\"#D2B480\"><\/stop><stop offset=\"1\" stop-color=\"#AC8A50\"><\/stop><\/linearGradient><\/defs><\/svg>\t\t\t\t\t\t<\/span>\n\t\t\t\t\t\t\t\t\t\t<span class=\"elementor-icon-list-text\">Asesoramiento honesto y realista<\/span>\n\t\t\t\t\t\t\t\t\t<\/li>\n\t\t\t\t\t\t\t\t<li class=\"elementor-icon-list-item\">\n\t\t\t\t\t\t\t\t\t\t\t<span class=\"elementor-icon-list-icon\">\n\t\t\t\t\t\t\t<svg xmlns=\"http:\/\/www.w3.org\/2000\/svg\" width=\"32\" height=\"32\" viewBox=\"0 0 32 32\" fill=\"none\"><path d=\"M13.333 20.2295L25.589 7.97217L27.4757 9.8575L13.333 24.0002L4.84766 15.5148L6.73299 13.6295L13.333 20.2295Z\" fill=\"url(#paint0_linear_1077:3848)\"><\/path><defs><linearGradient id=\"paint0_linear_1077:3848\" x1=\"16.1617\" y1=\"7.97217\" x2=\"16.1617\" y2=\"24.0002\" gradientUnits=\"userSpaceOnUse\"><stop stop-color=\"#D2B480\"><\/stop><stop offset=\"1\" stop-color=\"#AC8A50\"><\/stop><\/linearGradient><\/defs><\/svg>\t\t\t\t\t\t<\/span>\n\t\t\t\t\t\t\t\t\t\t<span class=\"elementor-icon-list-text\">Precios asequibles<\/span>\n\t\t\t\t\t\t\t\t\t<\/li>\n\t\t\t\t\t\t\t\t<li class=\"elementor-icon-list-item\">\n\t\t\t\t\t\t\t\t\t\t\t<span class=\"elementor-icon-list-icon\">\n\t\t\t\t\t\t\t<svg xmlns=\"http:\/\/www.w3.org\/2000\/svg\" width=\"32\" height=\"32\" viewBox=\"0 0 32 32\" fill=\"none\"><path d=\"M13.333 20.2295L25.589 7.97217L27.4757 9.8575L13.333 24.0002L4.84766 15.5148L6.73299 13.6295L13.333 20.2295Z\" fill=\"url(#paint0_linear_1077:3848)\"><\/path><defs><linearGradient id=\"paint0_linear_1077:3848\" x1=\"16.1617\" y1=\"7.97217\" x2=\"16.1617\" y2=\"24.0002\" gradientUnits=\"userSpaceOnUse\"><stop stop-color=\"#D2B480\"><\/stop><stop offset=\"1\" stop-color=\"#AC8A50\"><\/stop><\/linearGradient><\/defs><\/svg>\t\t\t\t\t\t<\/span>\n\t\t\t\t\t\t\t\t\t\t<span class=\"elementor-icon-list-text\">Planes de financiaci\u00f3n que se adaptan a todos los presupuestos<\/span>\n\t\t\t\t\t\t\t\t\t<\/li>\n\t\t\t\t\t\t<\/ul>\n\t\t\t\t\t\t<\/div>\n\t\t\t\t<\/div>\n\t\t\t\t<div class=\"elementor-element elementor-element-b4f040b elementor-widget elementor-widget-heading\" data-id=\"b4f040b\" data-element_type=\"widget\" data-widget_type=\"heading.default\">\n\t\t\t\t<div class=\"elementor-widget-container\">\n\t\t\t\t\t<h2 class=\"elementor-heading-title elementor-size-default\">Quienes nos eligen nos recomiendan ampliamente<\/h2>\t\t\t\t<\/div>\n\t\t\t\t<\/div>\n\t\t\t\t\t<\/div>\n\t\t<\/div>\n\t\t\t\t<div class=\"elementor-column elementor-col-50 elementor-top-column elementor-element elementor-element-288959e\" data-id=\"288959e\" data-element_type=\"column\" data-settings=\"{&quot;background_background&quot;:&quot;classic&quot;}\">\n\t\t\t<div class=\"elementor-widget-wrap elementor-element-populated\">\n\t\t\t\t\t\t<div class=\"elementor-element elementor-element-85e2ff0 elementor-widget elementor-widget-heading\" data-id=\"85e2ff0\" data-element_type=\"widget\" data-widget_type=\"heading.default\">\n\t\t\t\t<div class=\"elementor-widget-container\">\n\t\t\t\t\t<h2 class=\"elementor-heading-title elementor-size-default\">\u00a1Cada paciene es \u00fanico! <b>P\u00f3ngase en contacto con Vinci Hair Clinic hoy mismo, para que reciba su cotizaci\u00f3n y su plan de tratamiento personalizado.<\/b><\/h2>\t\t\t\t<\/div>\n\t\t\t\t<\/div>\n\t\t\t\t<div class=\"elementor-element elementor-element-4913028 elementor-button-align-stretch elementor-widget elementor-widget-form\" data-id=\"4913028\" data-element_type=\"widget\" data-settings=\"{&quot;step_next_label&quot;:&quot;Next&quot;,&quot;step_previous_label&quot;:&quot;Previous&quot;,&quot;button_width&quot;:&quot;100&quot;,&quot;step_type&quot;:&quot;number_text&quot;,&quot;step_icon_shape&quot;:&quot;circle&quot;}\" data-widget_type=\"form.default\">\n\t\t\t\t<div class=\"elementor-widget-container\">\n\t\t\t\t\t\t\t<form class=\"elementor-form\" method=\"post\" name=\"Website - EN - FORM - Page Contact Us\" aria-label=\"Website - EN - FORM - Page Contact Us\">\n\t\t\t<input type=\"hidden\" name=\"post_id\" value=\"85970\"\/>\n\t\t\t<input type=\"hidden\" name=\"form_id\" value=\"4913028\"\/>\n\t\t\t<input type=\"hidden\" name=\"referer_title\" value=\"\" \/>\n\n\t\t\t\n\t\t\t<div class=\"elementor-form-fields-wrapper elementor-labels-\">\n\t\t\t\t\t\t\t\t<div class=\"elementor-field-type-text elementor-field-group elementor-column elementor-field-group-field_4b752e7 elementor-col-100 elementor-field-required\">\n\t\t\t\t\t\t\t\t\t\t\t\t<label for=\"form-field-field_4b752e7\" class=\"elementor-field-label elementor-screen-only\">\n\t\t\t\t\t\t\t\tFirst Name\t\t\t\t\t\t\t<\/label>\n\t\t\t\t\t\t\t\t\t\t\t\t\t\t<input size=\"1\" type=\"text\" name=\"form_fields[field_4b752e7]\" id=\"form-field-field_4b752e7\" class=\"elementor-field elementor-size-sm  elementor-field-textual\" placeholder=\"Introduzca su nombre\" required=\"required\">\n\t\t\t\t\t\t\t\t\t\t\t<\/div>\n\t\t\t\t\t\t\t\t<div class=\"elementor-field-type-email elementor-field-group elementor-column elementor-field-group-email elementor-col-100 elementor-field-required\">\n\t\t\t\t\t\t\t\t\t\t\t\t<label for=\"form-field-email\" class=\"elementor-field-label elementor-screen-only\">\n\t\t\t\t\t\t\t\tEmail\t\t\t\t\t\t\t<\/label>\n\t\t\t\t\t\t\t\t\t\t\t\t\t\t<input size=\"1\" type=\"email\" name=\"form_fields[email]\" id=\"form-field-email\" class=\"elementor-field elementor-size-sm  elementor-field-textual\" placeholder=\"Introduzca su correo electr\u00f3nico\" required=\"required\">\n\t\t\t\t\t\t\t\t\t\t\t<\/div>\n\t\t\t\t\t\t\t\t<div class=\"elementor-field-type-text elementor-field-group elementor-column elementor-field-group-field_aae4289 elementor-col-100\">\n\t\t\t\t\t\t\t\t\t\t\t\t<label for=\"form-field-field_aae4289\" class=\"elementor-field-label elementor-screen-only\">\n\t\t\t\t\t\t\t\tPhone number\t\t\t\t\t\t\t<\/label>\n\t\t\t\t\t\t\t\t\t\t\t\t\t\t<input size=\"1\" type=\"text\" name=\"form_fields[field_aae4289]\" id=\"form-field-field_aae4289\" class=\"elementor-field elementor-size-sm  elementor-field-textual\" placeholder=\"Introduzca su n\u00famero de tel\u00e9fono\">\n\t\t\t\t\t\t\t\t\t\t\t<\/div>\n\t\t\t\t\t\t\t\t<div class=\"elementor-field-type-select elementor-field-group elementor-column elementor-field-group-name elementor-col-100 elementor-field-required\">\n\t\t\t\t\t\t\t\t\t\t\t\t<label for=\"form-field-name\" class=\"elementor-field-label elementor-screen-only\">\n\t\t\t\t\t\t\t\tPreferred clinic\t\t\t\t\t\t\t<\/label>\n\t\t\t\t\t\t\t\t<div class=\"elementor-field elementor-select-wrapper remove-before \">\n\t\t\t<div class=\"select-caret-down-wrapper\">\n\t\t\t\t<i aria-hidden=\"true\" class=\"eicon-caret-down\"><\/i>\t\t\t<\/div>\n\t\t\t<select name=\"form_fields[name]\" id=\"form-field-name\" class=\"elementor-field-textual elementor-size-sm\" required=\"required\">\n\t\t\t\t\t\t\t\t\t<option value=\"\">*Seleccione su cl\u00ednica preferida*<\/option>\n\t\t\t\t\t\t\t\t\t<option value=\"Aberdeen, UK\">Aberdeen, UK<\/option>\n\t\t\t\t\t\t\t\t\t<option value=\"Belfast, UK\">Belfast, UK<\/option>\n\t\t\t\t\t\t\t\t\t<option value=\"Birmingham, UK\">Birmingham, UK<\/option>\n\t\t\t\t\t\t\t\t\t<option value=\"Bristol, UK\">Bristol, UK<\/option>\n\t\t\t\t\t\t\t\t\t<option value=\"Cambridge, UK\">Cambridge, UK<\/option>\n\t\t\t\t\t\t\t\t\t<option value=\"Cardiff, UK\">Cardiff, UK<\/option>\n\t\t\t\t\t\t\t\t\t<option value=\"Edinburgh, UK\">Edinburgh, UK<\/option>\n\t\t\t\t\t\t\t\t\t<option value=\"Glasgow, UK\">Glasgow, UK<\/option>\n\t\t\t\t\t\t\t\t\t<option value=\"Leeds, UK\">Leeds, UK<\/option>\n\t\t\t\t\t\t\t\t\t<option value=\"London, UK\">London, UK<\/option>\n\t\t\t\t\t\t\t\t\t<option value=\"Manchester, UK\">Manchester, UK<\/option>\n\t\t\t\t\t\t\t\t\t<option value=\"Newcastle, UK\">Newcastle, UK<\/option>\n\t\t\t\t\t\t\t\t\t<option value=\"Sheffield, UK\">Sheffield, UK<\/option>\n\t\t\t\t\t\t\t\t\t<option value=\"Southampton, UK\">Southampton, UK<\/option>\n\t\t\t\t\t\t\t\t\t<option value=\"Madrid, Spain\">Madrid, Spain<\/option>\n\t\t\t\t\t\t\t\t\t<option value=\"Malaga, Spain\">Malaga, Spain<\/option>\n\t\t\t\t\t\t\t\t\t<option value=\"Dublin, Ireland\">Dublin, Ireland<\/option>\n\t\t\t\t\t\t\t\t\t<option value=\"Dubai, UAE\">Dubai, UAE<\/option>\n\t\t\t\t\t\t\t\t\t<option value=\"Bras\u00edlia - Distrito Federal, Brazil \">Bras\u00edlia - Distrito Federal, Brazil <\/option>\n\t\t\t\t\t\t\t\t\t<option value=\"Santa Catarina - Itaja\u00ed, Brazil\">Santa Catarina - Itaja\u00ed, Brazil<\/option>\n\t\t\t\t\t\t\t\t\t<option value=\"Sao Paulo - Alphaville, Brazil\">Sao Paulo - Alphaville, Brazil<\/option>\n\t\t\t\t\t\t\t\t\t<option value=\"Sao Paulo - Vila Ol\u00edmpia, Brazil\">Sao Paulo - Vila Ol\u00edmpia, Brazil<\/option>\n\t\t\t\t\t\t\t\t\t<option value=\"Sao Paulo - Ribeir\u00e3o Preto, Brazil\">Sao Paulo - Ribeir\u00e3o Preto, Brazil<\/option>\n\t\t\t\t\t\t\t\t\t<option value=\"Rio de Janeiro, Brazil\">Rio de Janeiro, Brazil<\/option>\n\t\t\t\t\t\t\t\t\t<option value=\"Parana - Foz do Igua\u00e7u, Brazil\">Parana - Foz do Igua\u00e7u, Brazil<\/option>\n\t\t\t\t\t\t\t\t\t<option value=\"Abuja, Nigeria\">Abuja, Nigeria<\/option>\n\t\t\t\t\t\t\t\t\t<option value=\"Lagos, Nigeria\">Lagos, Nigeria<\/option>\n\t\t\t\t\t\t\t\t\t<option value=\"Accra, Ghana\">Accra, Ghana<\/option>\n\t\t\t\t\t\t\t\t\t<option value=\"Miami, USA\">Miami, USA<\/option>\n\t\t\t\t\t\t\t<\/select>\n\t\t<\/div>\n\t\t\t\t\t\t<\/div>\n\t\t\t\t\t\t\t\t<div class=\"elementor-field-type-select elementor-field-group elementor-column elementor-field-group-field_11d64d5 elementor-col-100 elementor-field-required\">\n\t\t\t\t\t\t\t\t\t\t\t\t<label for=\"form-field-field_11d64d5\" class=\"elementor-field-label elementor-screen-only\">\n\t\t\t\t\t\t\t\tSelect your procedure of interest:\t\t\t\t\t\t\t<\/label>\n\t\t\t\t\t\t\t\t<div class=\"elementor-field elementor-select-wrapper remove-before \">\n\t\t\t<div class=\"select-caret-down-wrapper\">\n\t\t\t\t<i aria-hidden=\"true\" class=\"eicon-caret-down\"><\/i>\t\t\t<\/div>\n\t\t\t<select name=\"form_fields[field_11d64d5]\" id=\"form-field-field_11d64d5\" class=\"elementor-field-textual elementor-size-sm\" required=\"required\">\n\t\t\t\t\t\t\t\t\t<option value=\"\">*Seleccione el procedimiento que le llama la atenci\u00f3n*<\/option>\n\t\t\t\t\t\t\t\t\t<option value=\"Trasplante capilar\">Trasplante capilar<\/option>\n\t\t\t\t\t\t\t\t\t<option value=\"Pigmentaci\u00f3n capilar (MSP)\">Pigmentaci\u00f3n capilar (MSP)<\/option>\n\t\t\t\t\t\t\t\t\t<option value=\"Tratamiento m\u00e9dico\">Tratamiento m\u00e9dico<\/option>\n\t\t\t\t\t\t\t\t\t<option value=\"Gorra L\u00e1ser\">Gorra L\u00e1ser<\/option>\n\t\t\t\t\t\t\t\t\t<option value=\"Otro \/ No estoy seguro\">Otro \/ No estoy seguro<\/option>\n\t\t\t\t\t\t\t<\/select>\n\t\t<\/div>\n\t\t\t\t\t\t<\/div>\n\t\t\t\t\t\t\t\t<div class=\"elementor-field-type-hidden elementor-field-group elementor-column elementor-field-group-utm_campaign elementor-col-100\">\n\t\t\t\t\t\t\t\t\t\t\t\t\t<input size=\"1\" type=\"hidden\" name=\"form_fields[utm_campaign]\" id=\"form-field-utm_campaign\" class=\"elementor-field elementor-size-sm  elementor-field-textual\">\n\t\t\t\t\t\t\t\t\t\t\t<\/div>\n\t\t\t\t\t\t\t\t<div class=\"elementor-field-type-hidden elementor-field-group elementor-column elementor-field-group-utm_content elementor-col-100\">\n\t\t\t\t\t\t\t\t\t\t\t\t\t<input size=\"1\" type=\"hidden\" name=\"form_fields[utm_content]\" id=\"form-field-utm_content\" class=\"elementor-field elementor-size-sm  elementor-field-textual\">\n\t\t\t\t\t\t\t\t\t\t\t<\/div>\n\t\t\t\t\t\t\t\t<div class=\"elementor-field-type-hidden elementor-field-group elementor-column elementor-field-group-utm_source elementor-col-100\">\n\t\t\t\t\t\t\t\t\t\t\t\t\t<input size=\"1\" type=\"hidden\" name=\"form_fields[utm_source]\" id=\"form-field-utm_source\" class=\"elementor-field elementor-size-sm  elementor-field-textual\">\n\t\t\t\t\t\t\t\t\t\t\t<\/div>\n\t\t\t\t\t\t\t\t<div class=\"elementor-field-type-hidden elementor-field-group elementor-column elementor-field-group-utm_term elementor-col-100\">\n\t\t\t\t\t\t\t\t\t\t\t\t\t<input size=\"1\" type=\"hidden\" name=\"form_fields[utm_term]\" id=\"form-field-utm_term\" class=\"elementor-field elementor-size-sm  elementor-field-textual\">\n\t\t\t\t\t\t\t\t\t\t\t<\/div>\n\t\t\t\t\t\t\t\t<div class=\"elementor-field-type-hidden elementor-field-group elementor-column elementor-field-group-utm_medium elementor-col-100\">\n\t\t\t\t\t\t\t\t\t\t\t\t\t<input size=\"1\" type=\"hidden\" name=\"form_fields[utm_medium]\" id=\"form-field-utm_medium\" class=\"elementor-field elementor-size-sm  elementor-field-textual\">\n\t\t\t\t\t\t\t\t\t\t\t<\/div>\n\t\t\t\t\t\t\t\t<div class=\"elementor-field-type-hidden elementor-field-group elementor-column elementor-field-group-website elementor-col-100\">\n\t\t\t\t\t\t\t\t\t\t\t\t\t<input size=\"1\" type=\"hidden\" name=\"form_fields[website]\" id=\"form-field-website\" class=\"elementor-field elementor-size-sm  elementor-field-textual\">\n\t\t\t\t\t\t\t\t\t\t\t<\/div>\n\t\t\t\t\t\t\t\t<div class=\"elementor-field-type-hidden elementor-field-group elementor-column elementor-field-group-date elementor-col-100\">\n\t\t\t\t\t\t\t\t\t\t\t\t\t<input size=\"1\" type=\"hidden\" name=\"form_fields[date]\" id=\"form-field-date\" class=\"elementor-field elementor-size-sm  elementor-field-textual\" value=\"23 abril 2026 7:29 am\">\n\t\t\t\t\t\t\t\t\t\t\t<\/div>\n\t\t\t\t\t\t\t\t<div class=\"elementor-field-type-recaptcha elementor-field-group elementor-column elementor-field-group-field_a0071d5 elementor-col-100\">\n\t\t\t\t\t<div class=\"elementor-field\" id=\"form-field-field_a0071d5\"><div class=\"elementor-g-recaptcha\" data-sitekey=\"6LdfWIodAAAAAIdMfA_v3liYKRsY3DnZ9KPUBTPY\" data-type=\"v2_checkbox\" data-theme=\"light\" data-size=\"normal\"><\/div><\/div>\t\t\t\t<\/div>\n\t\t\t\t\t\t\t\t<div class=\"elementor-field-group elementor-column elementor-field-type-submit elementor-col-100 e-form__buttons\">\n\t\t\t\t\t<button class=\"elementor-button elementor-size-sm\" type=\"submit\">\n\t\t\t\t\t\t<span class=\"elementor-button-content-wrapper\">\n\t\t\t\t\t\t\t\t\t\t\t\t\t\t\t\t\t\t\t\t\t\t<span class=\"elementor-button-text\">ENVIAR FORMULARIO<\/span>\n\t\t\t\t\t\t\t\t\t\t\t\t\t<\/span>\n\t\t\t\t\t<\/button>\n\t\t\t\t<\/div>\n\t\t\t<\/div>\n\t\t<\/form>\n\t\t\t\t\t\t<\/div>\n\t\t\t\t<\/div>\n\t\t\t\t\t<\/div>\n\t\t<\/div>\n\t\t\t\t\t<\/div>\n\t\t<\/section>\n\t\t\t\t<\/div>\n\t\t","protected":false},"excerpt":{"rendered":"<p>Contacta con nosotros Nunca hay dos casos iguales. Cada persona es \u00fanica, y por eso tratamos a cada uno de nuestros clientes de forma totalmente personalizada. Dise\u00f1amos planes de tratamiento y presupuestos a medida, para satisfacer las necesidades particulares de todos nuestros pacientes. Para concertar una cita, solo tiene que brindarnos sus datos. Uno de [&hellip;]<\/p>\n","protected":false},"author":2,"featured_media":0,"parent":0,"menu_order":0,"comment_status":"closed","ping_status":"closed","template":"elementor_header_footer","meta":{"footnotes":""},"class_list":["post-85970","page","type-page","status-publish","hentry"],"_links":{"self":[{"href":"https:\/\/vincihairclinic.com\/es\/wp-json\/wp\/v2\/pages\/85970","targetHints":{"allow":["GET"]}}],"collection":[{"href":"https:\/\/vincihairclinic.com\/es\/wp-json\/wp\/v2\/pages"}],"about":[{"href":"https:\/\/vincihairclinic.com\/es\/wp-json\/wp\/v2\/types\/page"}],"author":[{"embeddable":true,"href":"https:\/\/vincihairclinic.com\/es\/wp-json\/wp\/v2\/users\/2"}],"replies":[{"embeddable":true,"href":"https:\/\/vincihairclinic.com\/es\/wp-json\/wp\/v2\/comments?post=85970"}],"version-history":[{"count":3,"href":"https:\/\/vincihairclinic.com\/es\/wp-json\/wp\/v2\/pages\/85970\/revisions"}],"predecessor-version":[{"id":209923,"href":"https:\/\/vincihairclinic.com\/es\/wp-json\/wp\/v2\/pages\/85970\/revisions\/209923"}],"wp:attachment":[{"href":"https:\/\/vincihairclinic.com\/es\/wp-json\/wp\/v2\/media?parent=85970"}],"curies":[{"name":"wp","href":"https:\/\/api.w.org\/{rel}","templated":true}]}}