{"id":112524,"date":"2022-09-21T02:06:34","date_gmt":"2022-09-21T02:06:34","guid":{"rendered":"http:\/\/vincihairclinic.com\/thor-bjornsson\/"},"modified":"2022-09-22T02:27:39","modified_gmt":"2022-09-22T02:27:39","slug":"thor-bjornsson","status":"publish","type":"page","link":"https:\/\/vincihairclinic.com\/es\/thor-bjornsson\/","title":{"rendered":"Thor Bjornsson"},"content":{"rendered":"\t\t<div data-elementor-type=\"wp-page\" data-elementor-id=\"112524\" class=\"elementor elementor-112524 elementor-112447\" data-elementor-settings=\"{&quot;ha_cmc_init_switcher&quot;:&quot;no&quot;}\" data-elementor-post-type=\"page\">\n\t\t\t\t\t\t<section class=\"elementor-section elementor-top-section elementor-element elementor-element-5e17ae0 elementor-section-stretched elementor-hidden-tablet elementor-hidden-phone elementor-section-boxed elementor-section-height-default elementor-section-height-default\" data-id=\"5e17ae0\" data-element_type=\"section\" data-settings=\"{&quot;stretch_section&quot;:&quot;section-stretched&quot;}\">\n\t\t\t\t\t\t<div class=\"elementor-container elementor-column-gap-default\">\n\t\t\t\t\t<div class=\"elementor-column elementor-col-50 elementor-top-column elementor-element elementor-element-9ee9494\" data-id=\"9ee9494\" data-element_type=\"column\">\n\t\t\t<div class=\"elementor-widget-wrap elementor-element-populated\">\n\t\t\t\t\t\t<div class=\"elementor-element elementor-element-f0b46a6 elementor-widget elementor-widget-heading\" data-id=\"f0b46a6\" data-element_type=\"widget\" data-widget_type=\"heading.default\">\n\t\t\t\t<div class=\"elementor-widget-container\">\n\t\t\t\t\t<h2 class=\"elementor-heading-title elementor-size-default\">Vinci y \u201cLa Monta\u00f1a\u201d: Actor de Game of Thrones se hizo un trasplante capilar en  <b>Vinci Hair Clinic<\/b><\/h2>\t\t\t\t<\/div>\n\t\t\t\t<\/div>\n\t\t\t\t<div class=\"elementor-element elementor-element-66543e1 elementor-widget elementor-widget-heading\" data-id=\"66543e1\" data-element_type=\"widget\" data-widget_type=\"heading.default\">\n\t\t\t\t<div class=\"elementor-widget-container\">\n\t\t\t\t\t<h2 class=\"elementor-heading-title elementor-size-default\">El actor island\u00e9s Hafthor Bjornsson es famoso por haber interpretado el papel de Gregor Clegane (\u201cLa Monta\u00f1a\u201d) en la popular serie de televisi\u00f3n \u201cGame of Thrones\u201d, pero lo cierto es que este int\u00e9rprete tiene otros trabajos en su haber. En la pel\u00edcula \u201cKickboxer: Retaliation\u201d, interpret\u00f3 a Mongkut, acompa\u00f1ando a Jean Claude Van Damme, Mike Tyson y Christopher Lambert. Tambi\u00e9n se convirti\u00f3 en la primera persona que ha ganado tres importantes concursos el mismo a\u00f1o: el del hombre m\u00e1s fuerte del mundo, el del hombre m\u00e1s fuerte de Europa y el Arnold Strongman Classic. Pero adem\u00e1s, en 2018 tambi\u00e9n se hizo un trasplante capilar, para recuperar su cabello.<br \/><br \/>\n \nCuando le preguntaron por qu\u00e9 hab\u00eda decidido hacerse el tratamiento de restauraci\u00f3n capilar, Hafthor respondi\u00f3: \u201cEmpec\u00e9 a perder mi cabello cuando era muy joven. Creo que alrededor de los 20 a\u00f1os empec\u00e9 a notar que mis entradas empezaban a hacerse m\u00e1s pronunciadas, y desde entonces todo fue empeorando\u201d. Alguien le recomend\u00f3 que fuera a la sede de Vinci en Harley Street. Hafthor investig\u00f3 un poco, y qued\u00f3 satisfecho con lo que descubri\u00f3. \u201cDecid\u00ed hacerme un un tratamiento de Extracci\u00f3n de Unidades Foliculares (FUE), y me alegro mucho de haberlo hecho\u201d.\n<\/h2>\t\t\t\t<\/div>\n\t\t\t\t<\/div>\n\t\t\t\t\t<\/div>\n\t\t<\/div>\n\t\t\t\t<div class=\"elementor-column elementor-col-50 elementor-top-column elementor-element elementor-element-b4dbc02\" data-id=\"b4dbc02\" data-element_type=\"column\">\n\t\t\t<div class=\"elementor-widget-wrap elementor-element-populated\">\n\t\t\t\t\t\t<div class=\"elementor-element elementor-element-6a15681 elementor-widget elementor-widget-image\" data-id=\"6a15681\" data-element_type=\"widget\" data-widget_type=\"image.default\">\n\t\t\t\t<div class=\"elementor-widget-container\">\n\t\t\t\t\t\t\t\t\t\t\t\t\t\t\t<img fetchpriority=\"high\" decoding=\"async\" width=\"1740\" height=\"2218\" src=\"https:\/\/vincihairclinic.com\/wp-content\/uploads\/2022\/09\/Hafthor-Bjornsson-The-Mountain-Red-Carpet-ret.jpg\" class=\"attachment-full size-full wp-image-112469\" alt=\"\" srcset=\"https:\/\/vincihairclinic.com\/wp-content\/uploads\/2022\/09\/Hafthor-Bjornsson-The-Mountain-Red-Carpet-ret.jpg 1740w, https:\/\/vincihairclinic.com\/wp-content\/uploads\/2022\/09\/Hafthor-Bjornsson-The-Mountain-Red-Carpet-ret-235x300.jpg 235w, https:\/\/vincihairclinic.com\/wp-content\/uploads\/2022\/09\/Hafthor-Bjornsson-The-Mountain-Red-Carpet-ret-803x1024.jpg 803w, https:\/\/vincihairclinic.com\/wp-content\/uploads\/2022\/09\/Hafthor-Bjornsson-The-Mountain-Red-Carpet-ret-768x979.jpg 768w, https:\/\/vincihairclinic.com\/wp-content\/uploads\/2022\/09\/Hafthor-Bjornsson-The-Mountain-Red-Carpet-ret-1205x1536.jpg 1205w, https:\/\/vincihairclinic.com\/wp-content\/uploads\/2022\/09\/Hafthor-Bjornsson-The-Mountain-Red-Carpet-ret-1607x2048.jpg 1607w\" sizes=\"(max-width: 1740px) 100vw, 1740px\" \/>\t\t\t\t\t\t\t\t\t\t\t\t\t\t\t<\/div>\n\t\t\t\t<\/div>\n\t\t\t\t\t<\/div>\n\t\t<\/div>\n\t\t\t\t\t<\/div>\n\t\t<\/section>\n\t\t\t\t<section class=\"elementor-section elementor-top-section elementor-element elementor-element-7d8460b elementor-section-stretched elementor-hidden-tablet elementor-hidden-phone elementor-section-boxed elementor-section-height-default elementor-section-height-default\" data-id=\"7d8460b\" data-element_type=\"section\" data-settings=\"{&quot;stretch_section&quot;:&quot;section-stretched&quot;}\">\n\t\t\t\t\t\t<div class=\"elementor-container elementor-column-gap-default\">\n\t\t\t\t\t<div class=\"elementor-column elementor-col-50 elementor-top-column elementor-element elementor-element-d5f2f1d\" data-id=\"d5f2f1d\" data-element_type=\"column\">\n\t\t\t<div class=\"elementor-widget-wrap elementor-element-populated\">\n\t\t\t\t\t\t<div class=\"elementor-element elementor-element-cf067ec elementor-widget elementor-widget-image\" data-id=\"cf067ec\" data-element_type=\"widget\" data-widget_type=\"image.default\">\n\t\t\t\t<div class=\"elementor-widget-container\">\n\t\t\t\t\t\t\t\t\t\t\t\t\t\t\t<img decoding=\"async\" width=\"900\" height=\"600\" src=\"https:\/\/vincihairclinic.com\/wp-content\/uploads\/2022\/09\/Thor-before.png\" class=\"attachment-full size-full wp-image-112464\" alt=\"\" srcset=\"https:\/\/vincihairclinic.com\/wp-content\/uploads\/2022\/09\/Thor-before.png 900w, https:\/\/vincihairclinic.com\/wp-content\/uploads\/2022\/09\/Thor-before-300x200.png 300w, https:\/\/vincihairclinic.com\/wp-content\/uploads\/2022\/09\/Thor-before-768x512.png 768w\" sizes=\"(max-width: 900px) 100vw, 900px\" \/>\t\t\t\t\t\t\t\t\t\t\t\t\t\t\t<\/div>\n\t\t\t\t<\/div>\n\t\t\t\t\t<\/div>\n\t\t<\/div>\n\t\t\t\t<div class=\"elementor-column elementor-col-50 elementor-top-column elementor-element elementor-element-cdd65da\" data-id=\"cdd65da\" data-element_type=\"column\">\n\t\t\t<div class=\"elementor-widget-wrap elementor-element-populated\">\n\t\t\t\t\t\t<div class=\"elementor-element elementor-element-062b44b elementor-widget elementor-widget-heading\" data-id=\"062b44b\" data-element_type=\"widget\" data-widget_type=\"heading.default\">\n\t\t\t\t<div class=\"elementor-widget-container\">\n\t\t\t\t\t<h2 class=\"elementor-heading-title elementor-size-default\">El trasplante capilar por extracci\u00f3n de unidades foliculares (FUE) est\u00e1 ganando mucha popularidad entre los hombres que tienen problemas de calvicie. La ventaja que tiene el m\u00e9todo FUE sobre el m\u00e9todo m\u00e1s tradicional de transferencia de unidad folicular (FUT), es que no deja una cicatriz lineal en la parte posterior de la cabeza. El futbolista Wayne Rooney se someti\u00f3 a un procedimiento similar hace algunos a\u00f1os, y luego muchas otras celebridades han seguido sus pasos. Desde entonces, la demanda por los trasplantes capilares se ha disparado. Se estima que en 2021 se realizaron 703.183 cirug\u00edas de este tipo en todo el mundo, de acuerdo con la <a href=\"https:\/\/ishrs.org\/\" style=\"font-weight:700;color:#D2B480\" target=\"_blank\" rel=\"noopener\">Sociedad Internacional de Cirug\u00eda de Restauraci\u00f3n Capilar<\/a>.<br \/><br \/>\n\n\nSalvar Bjornsson, el director ejecutivo de Vinci Hair Clinic, considera que en los \u00faltimos a\u00f1os se ha reducido mucho el estigma que reca\u00eda sobre los hombres que se somet\u00edan a trasplantes capilares. \u201cHace diez a\u00f1os la mayor\u00eda de la gente desconoc\u00eda estos tratamientos, y con frecuencia recib\u00edan informaci\u00f3n equivocada sobre los trasplantes capilares. En aquella \u00e9poca, mucha gente no entend\u00eda que el cabello que se trasplantaba era del mismo paciente, y que crec\u00eda de forma natural, con resultados permanentes. Hab\u00eda mucha desinformaci\u00f3n sobre este tema, y eso hac\u00eda que la gente sintiera desconfianza. En la actualidad, hacerse un tratamiento de restauraci\u00f3n capilar es como arreglarse los dientes\u201d.<\/h2>\t\t\t\t<\/div>\n\t\t\t\t<\/div>\n\t\t\t\t\t<\/div>\n\t\t<\/div>\n\t\t\t\t\t<\/div>\n\t\t<\/section>\n\t\t\t\t<section class=\"elementor-section elementor-top-section elementor-element elementor-element-4d421d9 elementor-section-stretched elementor-hidden-tablet elementor-hidden-phone elementor-section-boxed elementor-section-height-default elementor-section-height-default\" data-id=\"4d421d9\" data-element_type=\"section\" data-settings=\"{&quot;stretch_section&quot;:&quot;section-stretched&quot;}\">\n\t\t\t\t\t\t<div class=\"elementor-container elementor-column-gap-default\">\n\t\t\t\t\t<div class=\"elementor-column elementor-col-50 elementor-top-column elementor-element elementor-element-4992fcf\" data-id=\"4992fcf\" data-element_type=\"column\">\n\t\t\t<div class=\"elementor-widget-wrap elementor-element-populated\">\n\t\t\t\t\t\t<div class=\"elementor-element elementor-element-99779d2 elementor-widget elementor-widget-heading\" data-id=\"99779d2\" data-element_type=\"widget\" data-widget_type=\"heading.default\">\n\t\t\t\t<div class=\"elementor-widget-container\">\n\t\t\t\t\t<h2 class=\"elementor-heading-title elementor-size-default\">Con una estatura de 2.06 metros y un peso de 190 kg, Hafthor se convirti\u00f3 en todo un desaf\u00edo para el equipo m\u00e9dico de Vinci en Harley Street. El asiento en el que se realizan las cirug\u00edas no era lo suficientemente fuerte para sostenerlo, as\u00ed que tuvieron que instalar una silla que le permitiera sentarse con seguridad y confort durante el procedimiento, el cual dur\u00f3 aproximadamente 8 horas. Otro problema fue que su tama\u00f1o hac\u00eda que el proceso de colocar los injertos fuese m\u00e1s complicado. Para resolver esto, el personal m\u00e9dico tuvo que usar taburetes para poder alcanzar todas las zonas de su cuero cabelludo. Tambi\u00e9n fue necesario adaptar las recomendaciones diet\u00e9ticas para el actor, teniendo en cuenta que Hafthor consume 250 gramos de carne y 300 gramos de patatas cada dos horas, para poder mantener su fuerza. <br \/><br \/>\n \nEl se\u00f1or Bjornsson dijo que para el equipo de Vinci fue un placer poder atender al hombre m\u00e1s fuerte del mundo. \u201cEl personal de Vinci est\u00e1 acostumbrado a adaptarse a las necesidades espec\u00edficas de cada uno de nuestros pacientes. Nos aseguramos de que todos los pacientes se sientan seguros y c\u00f3modos durante cada fase del proceso. Entendemos que un trasplante capilar es un gran hito en la vida de cualquier persona. Muchos han esperado a\u00f1os y hasta d\u00e9cadas para hacerse este procedimiento. Los tratamos a todos como clientes VIP, sean famosos o no\u201d, indic\u00f3.<br \/><br \/>\n \nDespu\u00e9s de la cirug\u00eda, Hafthor dijo: \u201cMe siento muy satisfecho con los resultados, y mis entradas se ven fant\u00e1sticas. El equipo de Vinci Hair Clinic estuvo a la altura en todo momento. Me cuidaron con mucho esmero durante el procedimiento, y todo fue mucho m\u00e1s f\u00e1cil de lo que me imaginaba\u201d. Riendo y bromeando, Hafthor concluy\u00f3 diciendo: \u201c\u00a1Qui\u00e9n sabe! \u00a1Tal vez cuando recupere mi cabello me convierta en modelo!\u201d.\n<\/h2>\t\t\t\t<\/div>\n\t\t\t\t<\/div>\n\t\t\t\t\t<\/div>\n\t\t<\/div>\n\t\t\t\t<div class=\"elementor-column elementor-col-50 elementor-top-column elementor-element elementor-element-a5d0c6f\" data-id=\"a5d0c6f\" data-element_type=\"column\">\n\t\t\t<div class=\"elementor-widget-wrap elementor-element-populated\">\n\t\t\t\t\t\t<div class=\"elementor-element elementor-element-ef4b27a elementor-widget elementor-widget-image\" data-id=\"ef4b27a\" data-element_type=\"widget\" data-widget_type=\"image.default\">\n\t\t\t\t<div class=\"elementor-widget-container\">\n\t\t\t\t\t\t\t\t\t\t\t\t\t\t\t<img decoding=\"async\" width=\"2160\" height=\"2160\" src=\"https:\/\/vincihairclinic.com\/wp-content\/uploads\/2022\/09\/Vinci-HT-Hafthor-The-Mountain.jpg\" class=\"attachment-full size-full wp-image-112459\" alt=\"\" srcset=\"https:\/\/vincihairclinic.com\/wp-content\/uploads\/2022\/09\/Vinci-HT-Hafthor-The-Mountain.jpg 2160w, https:\/\/vincihairclinic.com\/wp-content\/uploads\/2022\/09\/Vinci-HT-Hafthor-The-Mountain-300x300.jpg 300w, https:\/\/vincihairclinic.com\/wp-content\/uploads\/2022\/09\/Vinci-HT-Hafthor-The-Mountain-1024x1024.jpg 1024w, https:\/\/vincihairclinic.com\/wp-content\/uploads\/2022\/09\/Vinci-HT-Hafthor-The-Mountain-150x150.jpg 150w, https:\/\/vincihairclinic.com\/wp-content\/uploads\/2022\/09\/Vinci-HT-Hafthor-The-Mountain-768x768.jpg 768w, https:\/\/vincihairclinic.com\/wp-content\/uploads\/2022\/09\/Vinci-HT-Hafthor-The-Mountain-1536x1536.jpg 1536w, https:\/\/vincihairclinic.com\/wp-content\/uploads\/2022\/09\/Vinci-HT-Hafthor-The-Mountain-2048x2048.jpg 2048w\" sizes=\"(max-width: 2160px) 100vw, 2160px\" \/>\t\t\t\t\t\t\t\t\t\t\t\t\t\t\t<\/div>\n\t\t\t\t<\/div>\n\t\t\t\t\t<\/div>\n\t\t<\/div>\n\t\t\t\t\t<\/div>\n\t\t<\/section>\n\t\t\t\t<section class=\"elementor-section elementor-top-section elementor-element elementor-element-777b603 elementor-section-stretched elementor-hidden-desktop elementor-section-boxed elementor-section-height-default elementor-section-height-default\" data-id=\"777b603\" data-element_type=\"section\" data-settings=\"{&quot;stretch_section&quot;:&quot;section-stretched&quot;}\">\n\t\t\t\t\t\t<div class=\"elementor-container elementor-column-gap-default\">\n\t\t\t\t\t<div class=\"elementor-column elementor-col-100 elementor-top-column elementor-element elementor-element-ac2acfd\" data-id=\"ac2acfd\" data-element_type=\"column\">\n\t\t\t<div class=\"elementor-widget-wrap elementor-element-populated\">\n\t\t\t\t\t\t<div class=\"elementor-element elementor-element-a9929ba elementor-widget elementor-widget-heading\" data-id=\"a9929ba\" data-element_type=\"widget\" data-widget_type=\"heading.default\">\n\t\t\t\t<div class=\"elementor-widget-container\">\n\t\t\t\t\t<h2 class=\"elementor-heading-title elementor-size-default\">Vinci y \u201cLa Monta\u00f1a\u201d: Actor de Game of Thrones se hizo un trasplante capilar en  <b>Vinci Hair Clinic<\/b><\/h2>\t\t\t\t<\/div>\n\t\t\t\t<\/div>\n\t\t\t\t<div class=\"elementor-element elementor-element-13b2bf2 elementor-widget elementor-widget-heading\" data-id=\"13b2bf2\" data-element_type=\"widget\" data-widget_type=\"heading.default\">\n\t\t\t\t<div class=\"elementor-widget-container\">\n\t\t\t\t\t<h2 class=\"elementor-heading-title elementor-size-default\">El actor island\u00e9s Hafthor Bjornsson es famoso por haber interpretado el papel de Gregor Clegane (\u201cLa Monta\u00f1a\u201d) en la popular serie de televisi\u00f3n \u201cGame of Thrones\u201d, pero lo cierto es que este int\u00e9rprete tiene otros trabajos en su haber. En la pel\u00edcula \u201cKickboxer: Retaliation\u201d, interpret\u00f3 a Mongkut, acompa\u00f1ando a Jean Claude Van Damme, Mike Tyson y Christopher Lambert. Tambi\u00e9n se convirti\u00f3 en la primera persona que ha ganado tres importantes concursos el mismo a\u00f1o: el del hombre m\u00e1s fuerte del mundo, el del hombre m\u00e1s fuerte de Europa y el Arnold Strongman Classic. Pero adem\u00e1s, en 2018 tambi\u00e9n se hizo un trasplante capilar, para recuperar su cabello.<br \/><br \/>\n \nCuando le preguntaron por qu\u00e9 hab\u00eda decidido hacerse el tratamiento de restauraci\u00f3n capilar, Hafthor respondi\u00f3: \u201cEmpec\u00e9 a perder mi cabello cuando era muy joven. Creo que alrededor de los 20 a\u00f1os empec\u00e9 a notar que mis entradas empezaban a hacerse m\u00e1s pronunciadas, y desde entonces todo fue empeorando\u201d. Alguien le recomend\u00f3 que fuera a la sede de Vinci en Harley Street. Hafthor investig\u00f3 un poco, y qued\u00f3 satisfecho con lo que descubri\u00f3. \u201cDecid\u00ed hacerme un un tratamiento de Extracci\u00f3n de Unidades Foliculares (FUE), y me alegro mucho de haberlo hecho\u201d.\n<\/h2>\t\t\t\t<\/div>\n\t\t\t\t<\/div>\n\t\t\t\t<div class=\"elementor-element elementor-element-a33cbcb elementor-widget elementor-widget-image\" data-id=\"a33cbcb\" data-element_type=\"widget\" data-widget_type=\"image.default\">\n\t\t\t\t<div class=\"elementor-widget-container\">\n\t\t\t\t\t\t\t\t\t\t\t\t\t\t\t<img fetchpriority=\"high\" decoding=\"async\" width=\"1740\" height=\"2218\" src=\"https:\/\/vincihairclinic.com\/wp-content\/uploads\/2022\/09\/Hafthor-Bjornsson-The-Mountain-Red-Carpet-ret.jpg\" class=\"attachment-full size-full wp-image-112469\" alt=\"\" srcset=\"https:\/\/vincihairclinic.com\/wp-content\/uploads\/2022\/09\/Hafthor-Bjornsson-The-Mountain-Red-Carpet-ret.jpg 1740w, https:\/\/vincihairclinic.com\/wp-content\/uploads\/2022\/09\/Hafthor-Bjornsson-The-Mountain-Red-Carpet-ret-235x300.jpg 235w, https:\/\/vincihairclinic.com\/wp-content\/uploads\/2022\/09\/Hafthor-Bjornsson-The-Mountain-Red-Carpet-ret-803x1024.jpg 803w, https:\/\/vincihairclinic.com\/wp-content\/uploads\/2022\/09\/Hafthor-Bjornsson-The-Mountain-Red-Carpet-ret-768x979.jpg 768w, https:\/\/vincihairclinic.com\/wp-content\/uploads\/2022\/09\/Hafthor-Bjornsson-The-Mountain-Red-Carpet-ret-1205x1536.jpg 1205w, https:\/\/vincihairclinic.com\/wp-content\/uploads\/2022\/09\/Hafthor-Bjornsson-The-Mountain-Red-Carpet-ret-1607x2048.jpg 1607w\" sizes=\"(max-width: 1740px) 100vw, 1740px\" \/>\t\t\t\t\t\t\t\t\t\t\t\t\t\t\t<\/div>\n\t\t\t\t<\/div>\n\t\t\t\t<div class=\"elementor-element elementor-element-c6c967f elementor-widget elementor-widget-heading\" data-id=\"c6c967f\" data-element_type=\"widget\" data-widget_type=\"heading.default\">\n\t\t\t\t<div class=\"elementor-widget-container\">\n\t\t\t\t\t<h2 class=\"elementor-heading-title elementor-size-default\">El trasplante capilar por extracci\u00f3n de unidades foliculares (FUE) est\u00e1 ganando mucha popularidad entre los hombres que tienen problemas de calvicie. La ventaja que tiene el m\u00e9todo FUE sobre el m\u00e9todo m\u00e1s tradicional de transferencia de unidad folicular (FUT), es que no deja una cicatriz lineal en la parte posterior de la cabeza. El futbolista Wayne Rooney se someti\u00f3 a un procedimiento similar hace algunos a\u00f1os, y luego muchas otras celebridades han seguido sus pasos. Desde entonces, la demanda por los trasplantes capilares se ha disparado. Se estima que en 2021 se realizaron 703.183 cirug\u00edas de este tipo en todo el mundo, de acuerdo con la <a href=\"https:\/\/ishrs.org\/\" style=\"font-weight:700;color:#D2B480\" target=\"_blank\" rel=\"noopener\">Sociedad Internacional de Cirug\u00eda de Restauraci\u00f3n Capilar<\/a>.<br \/><br \/>\n\n\nSalvar Bjornsson, el director ejecutivo de Vinci Hair Clinic, considera que en los \u00faltimos a\u00f1os se ha reducido mucho el estigma que reca\u00eda sobre los hombres que se somet\u00edan a trasplantes capilares. \u201cHace diez a\u00f1os la mayor\u00eda de la gente desconoc\u00eda estos tratamientos, y con frecuencia recib\u00edan informaci\u00f3n equivocada sobre los trasplantes capilares. En aquella \u00e9poca, mucha gente no entend\u00eda que el cabello que se trasplantaba era del mismo paciente, y que crec\u00eda de forma natural, con resultados permanentes. Hab\u00eda mucha desinformaci\u00f3n sobre este tema, y eso hac\u00eda que la gente sintiera desconfianza. En la actualidad, hacerse un tratamiento de restauraci\u00f3n capilar es como arreglarse los dientes\u201d.<\/h2>\t\t\t\t<\/div>\n\t\t\t\t<\/div>\n\t\t\t\t<div class=\"elementor-element elementor-element-bc2ba70 elementor-widget elementor-widget-image\" data-id=\"bc2ba70\" data-element_type=\"widget\" data-widget_type=\"image.default\">\n\t\t\t\t<div class=\"elementor-widget-container\">\n\t\t\t\t\t\t\t\t\t\t\t\t\t\t\t<img decoding=\"async\" width=\"900\" height=\"600\" src=\"https:\/\/vincihairclinic.com\/wp-content\/uploads\/2022\/09\/Thor-before.png\" class=\"attachment-full size-full wp-image-112464\" alt=\"\" srcset=\"https:\/\/vincihairclinic.com\/wp-content\/uploads\/2022\/09\/Thor-before.png 900w, https:\/\/vincihairclinic.com\/wp-content\/uploads\/2022\/09\/Thor-before-300x200.png 300w, https:\/\/vincihairclinic.com\/wp-content\/uploads\/2022\/09\/Thor-before-768x512.png 768w\" sizes=\"(max-width: 900px) 100vw, 900px\" \/>\t\t\t\t\t\t\t\t\t\t\t\t\t\t\t<\/div>\n\t\t\t\t<\/div>\n\t\t\t\t<div class=\"elementor-element elementor-element-f5b3acd elementor-widget elementor-widget-heading\" data-id=\"f5b3acd\" data-element_type=\"widget\" data-widget_type=\"heading.default\">\n\t\t\t\t<div class=\"elementor-widget-container\">\n\t\t\t\t\t<h2 class=\"elementor-heading-title elementor-size-default\">Con una estatura de 2.06 metros y un peso de 190 kg, Hafthor se convirti\u00f3 en todo un desaf\u00edo para el equipo m\u00e9dico de Vinci en Harley Street. El asiento en el que se realizan las cirug\u00edas no era lo suficientemente fuerte para sostenerlo, as\u00ed que tuvieron que instalar una silla que le permitiera sentarse con seguridad y confort durante el procedimiento, el cual dur\u00f3 aproximadamente 8 horas. Otro problema fue que su tama\u00f1o hac\u00eda que el proceso de colocar los injertos fuese m\u00e1s complicado. Para resolver esto, el personal m\u00e9dico tuvo que usar taburetes para poder alcanzar todas las zonas de su cuero cabelludo. Tambi\u00e9n fue necesario adaptar las recomendaciones diet\u00e9ticas para el actor, teniendo en cuenta que Hafthor consume 250 gramos de carne y 300 gramos de patatas cada dos horas, para poder mantener su fuerza. <br \/><br \/>\n \nEl se\u00f1or Bjornsson dijo que para el equipo de Vinci fue un placer poder atender al hombre m\u00e1s fuerte del mundo. \u201cEl personal de Vinci est\u00e1 acostumbrado a adaptarse a las necesidades espec\u00edficas de cada uno de nuestros pacientes. Nos aseguramos de que todos los pacientes se sientan seguros y c\u00f3modos durante cada fase del proceso. Entendemos que un trasplante capilar es un gran hito en la vida de cualquier persona. Muchos han esperado a\u00f1os y hasta d\u00e9cadas para hacerse este procedimiento. Los tratamos a todos como clientes VIP, sean famosos o no\u201d, indic\u00f3.<br \/><br \/>\n \nDespu\u00e9s de la cirug\u00eda, Hafthor dijo: \u201cMe siento muy satisfecho con los resultados, y mis entradas se ven fant\u00e1sticas. El equipo de Vinci Hair Clinic estuvo a la altura en todo momento. Me cuidaron con mucho esmero durante el procedimiento, y todo fue mucho m\u00e1s f\u00e1cil de lo que me imaginaba\u201d. Riendo y bromeando, Hafthor concluy\u00f3 diciendo: \u201c\u00a1Qui\u00e9n sabe! \u00a1Tal vez cuando recupere mi cabello me convierta en modelo!\u201d.\n<\/h2>\t\t\t\t<\/div>\n\t\t\t\t<\/div>\n\t\t\t\t<div class=\"elementor-element elementor-element-9aa9876 elementor-widget elementor-widget-image\" data-id=\"9aa9876\" data-element_type=\"widget\" data-widget_type=\"image.default\">\n\t\t\t\t<div class=\"elementor-widget-container\">\n\t\t\t\t\t\t\t\t\t\t\t\t\t\t\t<img decoding=\"async\" width=\"2160\" height=\"2160\" src=\"https:\/\/vincihairclinic.com\/wp-content\/uploads\/2022\/09\/Vinci-HT-Hafthor-The-Mountain.jpg\" class=\"attachment-full size-full wp-image-112459\" alt=\"\" srcset=\"https:\/\/vincihairclinic.com\/wp-content\/uploads\/2022\/09\/Vinci-HT-Hafthor-The-Mountain.jpg 2160w, https:\/\/vincihairclinic.com\/wp-content\/uploads\/2022\/09\/Vinci-HT-Hafthor-The-Mountain-300x300.jpg 300w, https:\/\/vincihairclinic.com\/wp-content\/uploads\/2022\/09\/Vinci-HT-Hafthor-The-Mountain-1024x1024.jpg 1024w, https:\/\/vincihairclinic.com\/wp-content\/uploads\/2022\/09\/Vinci-HT-Hafthor-The-Mountain-150x150.jpg 150w, https:\/\/vincihairclinic.com\/wp-content\/uploads\/2022\/09\/Vinci-HT-Hafthor-The-Mountain-768x768.jpg 768w, https:\/\/vincihairclinic.com\/wp-content\/uploads\/2022\/09\/Vinci-HT-Hafthor-The-Mountain-1536x1536.jpg 1536w, https:\/\/vincihairclinic.com\/wp-content\/uploads\/2022\/09\/Vinci-HT-Hafthor-The-Mountain-2048x2048.jpg 2048w\" sizes=\"(max-width: 2160px) 100vw, 2160px\" \/>\t\t\t\t\t\t\t\t\t\t\t\t\t\t\t<\/div>\n\t\t\t\t<\/div>\n\t\t\t\t\t<\/div>\n\t\t<\/div>\n\t\t\t\t\t<\/div>\n\t\t<\/section>\n\t\t\t\t<\/div>\n\t\t","protected":false},"excerpt":{"rendered":"<p>Vinci y \u201cLa Monta\u00f1a\u201d: Actor de Game of Thrones se hizo un trasplante capilar en Vinci Hair Clinic El actor island\u00e9s Hafthor Bjornsson es famoso por haber interpretado el papel de Gregor Clegane (\u201cLa Monta\u00f1a\u201d) en la popular serie de televisi\u00f3n \u201cGame of Thrones\u201d, pero lo cierto es que este int\u00e9rprete tiene otros trabajos en [&hellip;]<\/p>\n","protected":false},"author":2,"featured_media":0,"parent":0,"menu_order":0,"comment_status":"closed","ping_status":"closed","template":"elementor_header_footer","meta":{"footnotes":""},"class_list":["post-112524","page","type-page","status-publish","hentry"],"_links":{"self":[{"href":"https:\/\/vincihairclinic.com\/es\/wp-json\/wp\/v2\/pages\/112524","targetHints":{"allow":["GET"]}}],"collection":[{"href":"https:\/\/vincihairclinic.com\/es\/wp-json\/wp\/v2\/pages"}],"about":[{"href":"https:\/\/vincihairclinic.com\/es\/wp-json\/wp\/v2\/types\/page"}],"author":[{"embeddable":true,"href":"https:\/\/vincihairclinic.com\/es\/wp-json\/wp\/v2\/users\/2"}],"replies":[{"embeddable":true,"href":"https:\/\/vincihairclinic.com\/es\/wp-json\/wp\/v2\/comments?post=112524"}],"version-history":[{"count":0,"href":"https:\/\/vincihairclinic.com\/es\/wp-json\/wp\/v2\/pages\/112524\/revisions"}],"wp:attachment":[{"href":"https:\/\/vincihairclinic.com\/es\/wp-json\/wp\/v2\/media?parent=112524"}],"curies":[{"name":"wp","href":"https:\/\/api.w.org\/{rel}","templated":true}]}}